{"id":1686,"date":"2024-05-08T10:43:36","date_gmt":"2024-05-08T10:43:36","guid":{"rendered":"https:\/\/directionpeche.tn\/?post_type=product&#038;p=1686"},"modified":"2025-12-24T11:18:11","modified_gmt":"2025-12-24T11:18:11","slug":"fil-iso-master-300m","status":"publish","type":"product","link":"https:\/\/directionpeche.tn\/?product=fil-iso-master-300m","title":{"rendered":"FIL TRABUCCO ISO MASTER 300M"},"content":{"rendered":"<p>Ce nylon est construit avec la technologie propre \u00e0 la marque T-Force. Cette technologie rend le fil beaucoup plus r\u00e9sistant \u00e0 l&rsquo;abrasion, a peu de m\u00e9moire et est super r\u00e9sistant \u00e0 la traction m\u00eame en pr\u00e9sence de n\u0153uds.<\/p>\n","protected":false},"excerpt":{"rendered":"<p>Ce nylon est construit avec la technologie propre \u00e0 la marque T-Force. Cette technologie rend le fil beaucoup plus r\u00e9sistant<\/p>\n","protected":false},"featured_media":1687,"comment_status":"open","ping_status":"closed","template":"","meta":[],"product_brand":[],"product_cat":[74,80],"product_tag":[],"class_list":{"0":"post-1686","1":"product","2":"type-product","3":"status-publish","4":"has-post-thumbnail","6":"product_cat-fils","7":"product_cat-fils-surfcasting","9":"first","10":"instock","11":"purchasable","12":"product-type-variable"},"jetpack_sharing_enabled":true,"_links":{"self":[{"href":"https:\/\/directionpeche.tn\/index.php?rest_route=\/wp\/v2\/product\/1686","targetHints":{"allow":["GET"]}}],"collection":[{"href":"https:\/\/directionpeche.tn\/index.php?rest_route=\/wp\/v2\/product"}],"about":[{"href":"https:\/\/directionpeche.tn\/index.php?rest_route=\/wp\/v2\/types\/product"}],"replies":[{"embeddable":true,"href":"https:\/\/directionpeche.tn\/index.php?rest_route=%2Fwp%2Fv2%2Fcomments&post=1686"}],"version-history":[{"count":3,"href":"https:\/\/directionpeche.tn\/index.php?rest_route=\/wp\/v2\/product\/1686\/revisions"}],"predecessor-version":[{"id":1769,"href":"https:\/\/directionpeche.tn\/index.php?rest_route=\/wp\/v2\/product\/1686\/revisions\/1769"}],"wp:featuredmedia":[{"embeddable":true,"href":"https:\/\/directionpeche.tn\/index.php?rest_route=\/wp\/v2\/media\/1687"}],"wp:attachment":[{"href":"https:\/\/directionpeche.tn\/index.php?rest_route=%2Fwp%2Fv2%2Fmedia&parent=1686"}],"wp:term":[{"taxonomy":"product_brand","embeddable":true,"href":"https:\/\/directionpeche.tn\/index.php?rest_route=%2Fwp%2Fv2%2Fproduct_brand&post=1686"},{"taxonomy":"product_cat","embeddable":true,"href":"https:\/\/directionpeche.tn\/index.php?rest_route=%2Fwp%2Fv2%2Fproduct_cat&post=1686"},{"taxonomy":"product_tag","embeddable":true,"href":"https:\/\/directionpeche.tn\/index.php?rest_route=%2Fwp%2Fv2%2Fproduct_tag&post=1686"}],"curies":[{"name":"wp","href":"https:\/\/api.w.org\/{rel}","templated":true}]}}