{"id":1751,"date":"2024-05-08T14:03:42","date_gmt":"2024-05-08T14:03:42","guid":{"rendered":"https:\/\/directionpeche.tn\/?post_type=product&#038;p=1751"},"modified":"2025-12-24T11:29:53","modified_gmt":"2025-12-24T11:29:53","slug":"fil-trabucco-max-plus-phantom-300m","status":"publish","type":"product","link":"https:\/\/directionpeche.tn\/?product=fil-trabucco-max-plus-phantom-300m","title":{"rendered":"FIL TRABUCCO MAX PLUS PHANTOM 300M"},"content":{"rendered":"<p>Ligne Monoflament Trabucco Max Plus Phantom<\/p>\n<p>&nbsp;<\/p>\n<ul>\n<li>Gr\u00e2ce \u00e0 sa couleur transparente et cristalline, il devient presque invisible dans l\u2019eau.<\/li>\n<li>Gr\u00e2ce \u00e0 sa structure souple, il peut \u00eatre utilis\u00e9 dans n\u2019importe quel domaine.<\/li>\n<\/ul>\n","protected":false},"excerpt":{"rendered":"<p>Ligne Monoflament Trabucco Max Plus Phantom &nbsp; Gr\u00e2ce \u00e0 sa couleur transparente et cristalline, il devient presque invisible dans l\u2019eau.<\/p>\n","protected":false},"featured_media":1748,"comment_status":"open","ping_status":"closed","template":"","meta":[],"product_brand":[],"product_cat":[74,80],"product_tag":[],"class_list":{"0":"post-1751","1":"product","2":"type-product","3":"status-publish","4":"has-post-thumbnail","6":"product_cat-fils","7":"product_cat-fils-surfcasting","9":"first","10":"instock","11":"taxable","12":"shipping-taxable","13":"purchasable","14":"product-type-variable"},"jetpack_sharing_enabled":true,"_links":{"self":[{"href":"https:\/\/directionpeche.tn\/index.php?rest_route=\/wp\/v2\/product\/1751","targetHints":{"allow":["GET"]}}],"collection":[{"href":"https:\/\/directionpeche.tn\/index.php?rest_route=\/wp\/v2\/product"}],"about":[{"href":"https:\/\/directionpeche.tn\/index.php?rest_route=\/wp\/v2\/types\/product"}],"replies":[{"embeddable":true,"href":"https:\/\/directionpeche.tn\/index.php?rest_route=%2Fwp%2Fv2%2Fcomments&post=1751"}],"version-history":[{"count":3,"href":"https:\/\/directionpeche.tn\/index.php?rest_route=\/wp\/v2\/product\/1751\/revisions"}],"predecessor-version":[{"id":3430,"href":"https:\/\/directionpeche.tn\/index.php?rest_route=\/wp\/v2\/product\/1751\/revisions\/3430"}],"wp:featuredmedia":[{"embeddable":true,"href":"https:\/\/directionpeche.tn\/index.php?rest_route=\/wp\/v2\/media\/1748"}],"wp:attachment":[{"href":"https:\/\/directionpeche.tn\/index.php?rest_route=%2Fwp%2Fv2%2Fmedia&parent=1751"}],"wp:term":[{"taxonomy":"product_brand","embeddable":true,"href":"https:\/\/directionpeche.tn\/index.php?rest_route=%2Fwp%2Fv2%2Fproduct_brand&post=1751"},{"taxonomy":"product_cat","embeddable":true,"href":"https:\/\/directionpeche.tn\/index.php?rest_route=%2Fwp%2Fv2%2Fproduct_cat&post=1751"},{"taxonomy":"product_tag","embeddable":true,"href":"https:\/\/directionpeche.tn\/index.php?rest_route=%2Fwp%2Fv2%2Fproduct_tag&post=1751"}],"curies":[{"name":"wp","href":"https:\/\/api.w.org\/{rel}","templated":true}]}}