{"id":1758,"date":"2024-05-08T15:40:59","date_gmt":"2024-05-08T15:40:59","guid":{"rendered":"https:\/\/directionpeche.tn\/?post_type=product&#038;p=1758"},"modified":"2024-05-09T16:48:43","modified_gmt":"2024-05-09T16:48:43","slug":"fil-trabucco-sf-xps-velvet-pro-cast-600m","status":"publish","type":"product","link":"https:\/\/directionpeche.tn\/?product=fil-trabucco-sf-xps-velvet-pro-cast-600m","title":{"rendered":"FIL TRABUCCO SF XPS VELVET PRO CAST 600M"},"content":{"rendered":"<h5>Sp\u00e9cialement d\u00e9velopp\u00e9 pour les comp\u00e9titions de Surf Casting, il est r\u00e9alis\u00e9 dans une couleur jaune intense et chaude qui est bien visible aussi bien de jour que de nuit, lorsque la lampe frontale permet de trouver imm\u00e9diatement la vraie direction prise par la ligne. Extr\u00eamement doux, \u00e0 la peau velout\u00e9e gr\u00e2ce au traitement silicone et sans m\u00e9moire, il s&rsquo;\u00e9coule facilement de la bobine du moulinet, permettant de longs lancers et emp\u00eachant l&rsquo;utilisateur inexp\u00e9riment\u00e9 de cr\u00e9er des enchev\u00eatrements de lignes. C\u00f4t\u00e9 n\u0153ud, il est facile de tirer fermement, m\u00eame dans les plus grands diam\u00e8tres : sur la tige de l&rsquo;hame\u00e7on ainsi que sur le bas de ligne, il cr\u00e9e des n\u0153uds nets et petits. La gamme de diam\u00e8tres est suffisamment large pour satisfaire tous les besoins des surfeurs modernes.<\/h5>\n","protected":false},"excerpt":{"rendered":"<p>Sp\u00e9cialement d\u00e9velopp\u00e9 pour les comp\u00e9titions de Surf Casting, il est r\u00e9alis\u00e9 dans une couleur jaune intense et chaude qui est<\/p>\n","protected":false},"featured_media":1759,"comment_status":"open","ping_status":"closed","template":"","meta":[],"product_brand":[],"product_cat":[80],"product_tag":[],"class_list":{"0":"post-1758","1":"product","2":"type-product","3":"status-publish","4":"has-post-thumbnail","6":"product_cat-fils-surfcasting","8":"first","9":"instock","10":"taxable","11":"shipping-taxable","12":"purchasable","13":"product-type-variable"},"jetpack_sharing_enabled":true,"_links":{"self":[{"href":"https:\/\/directionpeche.tn\/index.php?rest_route=\/wp\/v2\/product\/1758","targetHints":{"allow":["GET"]}}],"collection":[{"href":"https:\/\/directionpeche.tn\/index.php?rest_route=\/wp\/v2\/product"}],"about":[{"href":"https:\/\/directionpeche.tn\/index.php?rest_route=\/wp\/v2\/types\/product"}],"replies":[{"embeddable":true,"href":"https:\/\/directionpeche.tn\/index.php?rest_route=%2Fwp%2Fv2%2Fcomments&post=1758"}],"version-history":[{"count":3,"href":"https:\/\/directionpeche.tn\/index.php?rest_route=\/wp\/v2\/product\/1758\/revisions"}],"predecessor-version":[{"id":1765,"href":"https:\/\/directionpeche.tn\/index.php?rest_route=\/wp\/v2\/product\/1758\/revisions\/1765"}],"wp:featuredmedia":[{"embeddable":true,"href":"https:\/\/directionpeche.tn\/index.php?rest_route=\/wp\/v2\/media\/1759"}],"wp:attachment":[{"href":"https:\/\/directionpeche.tn\/index.php?rest_route=%2Fwp%2Fv2%2Fmedia&parent=1758"}],"wp:term":[{"taxonomy":"product_brand","embeddable":true,"href":"https:\/\/directionpeche.tn\/index.php?rest_route=%2Fwp%2Fv2%2Fproduct_brand&post=1758"},{"taxonomy":"product_cat","embeddable":true,"href":"https:\/\/directionpeche.tn\/index.php?rest_route=%2Fwp%2Fv2%2Fproduct_cat&post=1758"},{"taxonomy":"product_tag","embeddable":true,"href":"https:\/\/directionpeche.tn\/index.php?rest_route=%2Fwp%2Fv2%2Fproduct_tag&post=1758"}],"curies":[{"name":"wp","href":"https:\/\/api.w.org\/{rel}","templated":true}]}}