{"id":1780,"date":"2024-05-08T16:58:45","date_gmt":"2024-05-08T16:58:45","guid":{"rendered":"https:\/\/directionpeche.tn\/?post_type=product&#038;p=1780"},"modified":"2024-05-09T16:50:45","modified_gmt":"2024-05-09T16:50:45","slug":"fil-trabucco-t-force-match-pro-300m","status":"publish","type":"product","link":"https:\/\/directionpeche.tn\/?product=fil-trabucco-t-force-match-pro-300m","title":{"rendered":"FIL TRABUCCO T FORCE MATCH PRO 300M"},"content":{"rendered":"<p>Transparent, grande r\u00e9sistance \u00e0 la rupture. Sans m\u00e9moire. Traitement c\u00e9ramique. Indiqu\u00e9 pour tout type de p\u00eache.<br \/>\nGrande invisibilit\u00e9 dans l&rsquo;eau.<br \/>\nBobine de 300 m\u00e8tres.<\/p>\n","protected":false},"excerpt":{"rendered":"<p>Transparent, grande r\u00e9sistance \u00e0 la rupture. Sans m\u00e9moire. Traitement c\u00e9ramique. Indiqu\u00e9 pour tout type de p\u00eache. Grande invisibilit\u00e9 dans l&rsquo;eau.<\/p>\n","protected":false},"featured_media":1781,"comment_status":"open","ping_status":"closed","template":"","meta":[],"product_brand":[],"product_cat":[80],"product_tag":[],"class_list":{"0":"post-1780","1":"product","2":"type-product","3":"status-publish","4":"has-post-thumbnail","6":"product_cat-fils-surfcasting","8":"first","9":"instock","10":"taxable","11":"shipping-taxable","12":"purchasable","13":"product-type-variable"},"jetpack_sharing_enabled":true,"_links":{"self":[{"href":"https:\/\/directionpeche.tn\/index.php?rest_route=\/wp\/v2\/product\/1780","targetHints":{"allow":["GET"]}}],"collection":[{"href":"https:\/\/directionpeche.tn\/index.php?rest_route=\/wp\/v2\/product"}],"about":[{"href":"https:\/\/directionpeche.tn\/index.php?rest_route=\/wp\/v2\/types\/product"}],"replies":[{"embeddable":true,"href":"https:\/\/directionpeche.tn\/index.php?rest_route=%2Fwp%2Fv2%2Fcomments&post=1780"}],"version-history":[{"count":1,"href":"https:\/\/directionpeche.tn\/index.php?rest_route=\/wp\/v2\/product\/1780\/revisions"}],"predecessor-version":[{"id":1788,"href":"https:\/\/directionpeche.tn\/index.php?rest_route=\/wp\/v2\/product\/1780\/revisions\/1788"}],"wp:featuredmedia":[{"embeddable":true,"href":"https:\/\/directionpeche.tn\/index.php?rest_route=\/wp\/v2\/media\/1781"}],"wp:attachment":[{"href":"https:\/\/directionpeche.tn\/index.php?rest_route=%2Fwp%2Fv2%2Fmedia&parent=1780"}],"wp:term":[{"taxonomy":"product_brand","embeddable":true,"href":"https:\/\/directionpeche.tn\/index.php?rest_route=%2Fwp%2Fv2%2Fproduct_brand&post=1780"},{"taxonomy":"product_cat","embeddable":true,"href":"https:\/\/directionpeche.tn\/index.php?rest_route=%2Fwp%2Fv2%2Fproduct_cat&post=1780"},{"taxonomy":"product_tag","embeddable":true,"href":"https:\/\/directionpeche.tn\/index.php?rest_route=%2Fwp%2Fv2%2Fproduct_tag&post=1780"}],"curies":[{"name":"wp","href":"https:\/\/api.w.org\/{rel}","templated":true}]}}