{"id":1789,"date":"2024-05-08T17:09:26","date_gmt":"2024-05-08T17:09:26","guid":{"rendered":"https:\/\/directionpeche.tn\/?post_type=product&#038;p=1789"},"modified":"2024-05-09T16:47:48","modified_gmt":"2024-05-09T16:47:48","slug":"fil-trabucco-t-force-super-strong-50m","status":"publish","type":"product","link":"https:\/\/directionpeche.tn\/?product=fil-trabucco-t-force-super-strong-50m","title":{"rendered":"FIL TRABUCCO T FORCE SUPER STRONG 50M"},"content":{"rendered":"<h5>Monofilament dichro\u00efque propos\u00e9 en bobines, de 50m.<\/h5>\n<h5>Absolument invisible dans l&rsquo;eau, il vante des caract\u00e9ristiques importantes de douceur et r\u00e9sistance, m\u00eame au n\u0153ud.<\/h5>\n<h5>Enroul\u00e9 en parall\u00e8le selon le nouveau syst\u00e8me japonais, qui \u00e9limine totalement la torsion tout au long de la phase de production, ce qui permet d\u2019assurer une meilleure fluidit\u00e9 du monofilament lors de son utilisation.<\/h5>\n<h5>Il est id\u00e9al pour la r\u00e9alisation et la fixation des montages, aussi bien en eau douce que pour la p\u00eache en mer.<\/h5>\n<h5>De grande valeur est l&#8217;emballage fait d\u2019un conteneur rigide, pour maintenir la qualit\u00e9 du fil dans le temps.<\/h5>\n","protected":false},"excerpt":{"rendered":"<p>Monofilament dichro\u00efque propos\u00e9 en bobines, de 50m. Absolument invisible dans l&rsquo;eau, il vante des caract\u00e9ristiques importantes de douceur et r\u00e9sistance,<\/p>\n","protected":false},"featured_media":1790,"comment_status":"open","ping_status":"closed","template":"","meta":[],"product_brand":[],"product_cat":[80],"product_tag":[],"class_list":{"0":"post-1789","1":"product","2":"type-product","3":"status-publish","4":"has-post-thumbnail","6":"product_cat-fils-surfcasting","8":"first","9":"instock","10":"taxable","11":"shipping-taxable","12":"purchasable","13":"product-type-variable"},"jetpack_sharing_enabled":true,"_links":{"self":[{"href":"https:\/\/directionpeche.tn\/index.php?rest_route=\/wp\/v2\/product\/1789","targetHints":{"allow":["GET"]}}],"collection":[{"href":"https:\/\/directionpeche.tn\/index.php?rest_route=\/wp\/v2\/product"}],"about":[{"href":"https:\/\/directionpeche.tn\/index.php?rest_route=\/wp\/v2\/types\/product"}],"replies":[{"embeddable":true,"href":"https:\/\/directionpeche.tn\/index.php?rest_route=%2Fwp%2Fv2%2Fcomments&post=1789"}],"version-history":[{"count":1,"href":"https:\/\/directionpeche.tn\/index.php?rest_route=\/wp\/v2\/product\/1789\/revisions"}],"predecessor-version":[{"id":1801,"href":"https:\/\/directionpeche.tn\/index.php?rest_route=\/wp\/v2\/product\/1789\/revisions\/1801"}],"wp:featuredmedia":[{"embeddable":true,"href":"https:\/\/directionpeche.tn\/index.php?rest_route=\/wp\/v2\/media\/1790"}],"wp:attachment":[{"href":"https:\/\/directionpeche.tn\/index.php?rest_route=%2Fwp%2Fv2%2Fmedia&parent=1789"}],"wp:term":[{"taxonomy":"product_brand","embeddable":true,"href":"https:\/\/directionpeche.tn\/index.php?rest_route=%2Fwp%2Fv2%2Fproduct_brand&post=1789"},{"taxonomy":"product_cat","embeddable":true,"href":"https:\/\/directionpeche.tn\/index.php?rest_route=%2Fwp%2Fv2%2Fproduct_cat&post=1789"},{"taxonomy":"product_tag","embeddable":true,"href":"https:\/\/directionpeche.tn\/index.php?rest_route=%2Fwp%2Fv2%2Fproduct_tag&post=1789"}],"curies":[{"name":"wp","href":"https:\/\/api.w.org\/{rel}","templated":true}]}}