{"id":1836,"date":"2024-05-09T12:49:43","date_gmt":"2024-05-09T12:49:43","guid":{"rendered":"https:\/\/directionpeche.tn\/?post_type=product&#038;p=1836"},"modified":"2024-05-21T08:44:47","modified_gmt":"2024-05-21T08:44:47","slug":"fil-trabucco-t-force-fluorocarbon-50m","status":"publish","type":"product","link":"https:\/\/directionpeche.tn\/?product=fil-trabucco-t-force-fluorocarbon-50m","title":{"rendered":"FIL TRABUCCO T FORCE FLUOROCARBON SUPER SOFT 50M"},"content":{"rendered":"<h5>Compos\u00e9e \u00e0 100% de fluorocarbon, cette ligne est particuli\u00e8rement douce, r\u00e9sistante \u00e0 l\u2019abrasion et s\u2019enfonce bien. Sa caract\u00e9ristique principale est son tr\u00e8s faible indice de r\u00e9fraction, ce qui le rend presque invisible eau. Remarquablement imperm\u00e9able, il conserve la r\u00e9sistance \u00e0 la rupture initiale &#8211; d\u00e9j\u00e0 sup\u00e9rieure \u00e0 la moyenne &#8211; m\u00eame apr\u00e8s une longue p\u00e9riode de s\u00e9jour dans l&rsquo;eau. Parfait pour les points d&rsquo;ancrage destin\u00e9s soit aux produits frais ou d&rsquo;eau sal\u00e9e, il est totalement r\u00e9sistant aux UV pour une dur\u00e9e de vie plus longue. D\u00e9sormais, au-del\u00e0 des bobines traditionnelles de 50 m<\/h5>\n","protected":false},"excerpt":{"rendered":"<p>Compos\u00e9e \u00e0 100% de fluorocarbon, cette ligne est particuli\u00e8rement douce, r\u00e9sistante \u00e0 l\u2019abrasion et s\u2019enfonce bien. Sa caract\u00e9ristique principale est<\/p>\n","protected":false},"featured_media":1823,"comment_status":"open","ping_status":"closed","template":"","meta":[],"product_brand":[],"product_cat":[80],"product_tag":[],"class_list":{"0":"post-1836","1":"product","2":"type-product","3":"status-publish","4":"has-post-thumbnail","6":"product_cat-fils-surfcasting","8":"first","9":"instock","10":"taxable","11":"shipping-taxable","12":"purchasable","13":"product-type-variable"},"jetpack_sharing_enabled":true,"_links":{"self":[{"href":"https:\/\/directionpeche.tn\/index.php?rest_route=\/wp\/v2\/product\/1836","targetHints":{"allow":["GET"]}}],"collection":[{"href":"https:\/\/directionpeche.tn\/index.php?rest_route=\/wp\/v2\/product"}],"about":[{"href":"https:\/\/directionpeche.tn\/index.php?rest_route=\/wp\/v2\/types\/product"}],"replies":[{"embeddable":true,"href":"https:\/\/directionpeche.tn\/index.php?rest_route=%2Fwp%2Fv2%2Fcomments&post=1836"}],"version-history":[{"count":4,"href":"https:\/\/directionpeche.tn\/index.php?rest_route=\/wp\/v2\/product\/1836\/revisions"}],"predecessor-version":[{"id":2501,"href":"https:\/\/directionpeche.tn\/index.php?rest_route=\/wp\/v2\/product\/1836\/revisions\/2501"}],"wp:featuredmedia":[{"embeddable":true,"href":"https:\/\/directionpeche.tn\/index.php?rest_route=\/wp\/v2\/media\/1823"}],"wp:attachment":[{"href":"https:\/\/directionpeche.tn\/index.php?rest_route=%2Fwp%2Fv2%2Fmedia&parent=1836"}],"wp:term":[{"taxonomy":"product_brand","embeddable":true,"href":"https:\/\/directionpeche.tn\/index.php?rest_route=%2Fwp%2Fv2%2Fproduct_brand&post=1836"},{"taxonomy":"product_cat","embeddable":true,"href":"https:\/\/directionpeche.tn\/index.php?rest_route=%2Fwp%2Fv2%2Fproduct_cat&post=1836"},{"taxonomy":"product_tag","embeddable":true,"href":"https:\/\/directionpeche.tn\/index.php?rest_route=%2Fwp%2Fv2%2Fproduct_tag&post=1836"}],"curies":[{"name":"wp","href":"https:\/\/api.w.org\/{rel}","templated":true}]}}