{"id":1853,"date":"2024-05-09T13:01:59","date_gmt":"2024-05-09T13:01:59","guid":{"rendered":"https:\/\/directionpeche.tn\/?post_type=product&#038;p=1853"},"modified":"2025-12-24T12:06:42","modified_gmt":"2025-12-24T12:06:42","slug":"fil-trabucco-t-force-fluorocarbon-xps-ultra-strong-50m","status":"publish","type":"product","link":"https:\/\/directionpeche.tn\/?product=fil-trabucco-t-force-fluorocarbon-xps-ultra-strong-50m","title":{"rendered":"FIL TRABUCCO T FORCE FLUOROCARBON XPS ULTRA STRONG 50M"},"content":{"rendered":"<h5>\u00a0100% Fluorocarbone du plus haut niveau technologique, sp\u00e9cifique pour la mer<\/h5>\n<h5>\u2022 R\u00e9sistance des n\u0153uds 40 % sup\u00e9rieure \u00e0 celle des meilleurs fluorocarbones<\/h5>\n<h5>\u2022 Douceur sans pr\u00e9c\u00e9dent et haute sensibilit\u00e9<\/h5>\n<h5>\u2022 Invisibilit\u00e9, r\u00e9sistance sup\u00e9rieure \u00e0 l&rsquo;abrasion, imperm\u00e9able<\/h5>\n<h5>\u2022 Bobines de diff\u00e9rentes tailles selon les diam\u00e8tres<\/h5>\n<h5>\u2022 Couleur naturelle<\/h5>\n","protected":false},"excerpt":{"rendered":"<p>\u00a0100% Fluorocarbone du plus haut niveau technologique, sp\u00e9cifique pour la mer \u2022 R\u00e9sistance des n\u0153uds 40 % sup\u00e9rieure \u00e0 celle<\/p>\n","protected":false},"featured_media":1859,"comment_status":"open","ping_status":"closed","template":"","meta":[],"product_brand":[],"product_cat":[80],"product_tag":[],"class_list":{"0":"post-1853","1":"product","2":"type-product","3":"status-publish","4":"has-post-thumbnail","6":"product_cat-fils-surfcasting","8":"first","9":"instock","10":"taxable","11":"shipping-taxable","12":"purchasable","13":"product-type-variable"},"jetpack_sharing_enabled":true,"_links":{"self":[{"href":"https:\/\/directionpeche.tn\/index.php?rest_route=\/wp\/v2\/product\/1853","targetHints":{"allow":["GET"]}}],"collection":[{"href":"https:\/\/directionpeche.tn\/index.php?rest_route=\/wp\/v2\/product"}],"about":[{"href":"https:\/\/directionpeche.tn\/index.php?rest_route=\/wp\/v2\/types\/product"}],"replies":[{"embeddable":true,"href":"https:\/\/directionpeche.tn\/index.php?rest_route=%2Fwp%2Fv2%2Fcomments&post=1853"}],"version-history":[{"count":1,"href":"https:\/\/directionpeche.tn\/index.php?rest_route=\/wp\/v2\/product\/1853\/revisions"}],"predecessor-version":[{"id":1860,"href":"https:\/\/directionpeche.tn\/index.php?rest_route=\/wp\/v2\/product\/1853\/revisions\/1860"}],"wp:featuredmedia":[{"embeddable":true,"href":"https:\/\/directionpeche.tn\/index.php?rest_route=\/wp\/v2\/media\/1859"}],"wp:attachment":[{"href":"https:\/\/directionpeche.tn\/index.php?rest_route=%2Fwp%2Fv2%2Fmedia&parent=1853"}],"wp:term":[{"taxonomy":"product_brand","embeddable":true,"href":"https:\/\/directionpeche.tn\/index.php?rest_route=%2Fwp%2Fv2%2Fproduct_brand&post=1853"},{"taxonomy":"product_cat","embeddable":true,"href":"https:\/\/directionpeche.tn\/index.php?rest_route=%2Fwp%2Fv2%2Fproduct_cat&post=1853"},{"taxonomy":"product_tag","embeddable":true,"href":"https:\/\/directionpeche.tn\/index.php?rest_route=%2Fwp%2Fv2%2Fproduct_tag&post=1853"}],"curies":[{"name":"wp","href":"https:\/\/api.w.org\/{rel}","templated":true}]}}