{"id":1861,"date":"2024-05-09T16:21:03","date_gmt":"2024-05-09T16:21:03","guid":{"rendered":"https:\/\/directionpeche.tn\/?post_type=product&#038;p=1861"},"modified":"2025-12-24T11:46:13","modified_gmt":"2025-12-24T11:46:13","slug":"fil-trabucco-fluorocarbon-coated-xps-soft-plus-100m","status":"publish","type":"product","link":"https:\/\/directionpeche.tn\/?product=fil-trabucco-fluorocarbon-coated-xps-soft-plus-100m","title":{"rendered":"FIL TRABUCCO FLUOROCARBON COATED XPS SOFT PLUS 100M"},"content":{"rendered":"<h5>TRABUCCO T \/ F XPS SOFT PLUS FLUORO COATED 100m<\/h5>\n<div>\n<h5>Ligne leader exclusive qui tire ses performances extraordinaires d&rsquo;une structure \u00e0 trois niveaux.\u00a0A l&rsquo;ext\u00e9rieur, une couche de Fluorocarbone assure la r\u00e9sistance \u00e0 l&rsquo;abrasion et \u00e9vite les coupures par les dents des poissons, les coquillages et les rochers immerg\u00e9s.<br \/>\nDe plus, le fluorocarbone emp\u00eache les rayons UV de traverser la ligne et de la faire vieillir rapidement, tout en<br \/>\najoutant un peu de poids, emp\u00eachant le bas de ligne de flotter.\u00a0Le niveau interm\u00e9diaire est charg\u00e9 d&rsquo;assurer une super douceur \u00e0 la ligne, influen\u00e7ant \u00e0 la fois la qualit\u00e9 de la pr\u00e9sentation de l&rsquo;app\u00e2t et la force du n\u0153ud.<br \/>\nLe noyau interne est en nylon nano-technologique, ce qui garantit une compacit\u00e9 mol\u00e9culaire in\u00e9gal\u00e9e.<br \/>\nLe contenu de la bobine r\u00e9pond pleinement aux besoins de l&rsquo;expert en p\u00eache \u00e0 la tra\u00eene et en d\u00e9rive, qui peut fabriquer bon nombre de ses bas de ligne extra-longs.<\/h5>\n<\/div>\n","protected":false},"excerpt":{"rendered":"<p>TRABUCCO T \/ F XPS SOFT PLUS FLUORO COATED 100m Ligne leader exclusive qui tire ses performances extraordinaires d&rsquo;une structure<\/p>\n","protected":false},"featured_media":1868,"comment_status":"open","ping_status":"closed","template":"","meta":[],"product_brand":[],"product_cat":[74,80],"product_tag":[],"class_list":{"0":"post-1861","1":"product","2":"type-product","3":"status-publish","4":"has-post-thumbnail","6":"product_cat-fils","7":"product_cat-fils-surfcasting","9":"first","10":"instock","11":"taxable","12":"shipping-taxable","13":"purchasable","14":"product-type-variable"},"jetpack_sharing_enabled":true,"_links":{"self":[{"href":"https:\/\/directionpeche.tn\/index.php?rest_route=\/wp\/v2\/product\/1861","targetHints":{"allow":["GET"]}}],"collection":[{"href":"https:\/\/directionpeche.tn\/index.php?rest_route=\/wp\/v2\/product"}],"about":[{"href":"https:\/\/directionpeche.tn\/index.php?rest_route=\/wp\/v2\/types\/product"}],"replies":[{"embeddable":true,"href":"https:\/\/directionpeche.tn\/index.php?rest_route=%2Fwp%2Fv2%2Fcomments&post=1861"}],"version-history":[{"count":2,"href":"https:\/\/directionpeche.tn\/index.php?rest_route=\/wp\/v2\/product\/1861\/revisions"}],"predecessor-version":[{"id":3667,"href":"https:\/\/directionpeche.tn\/index.php?rest_route=\/wp\/v2\/product\/1861\/revisions\/3667"}],"wp:featuredmedia":[{"embeddable":true,"href":"https:\/\/directionpeche.tn\/index.php?rest_route=\/wp\/v2\/media\/1868"}],"wp:attachment":[{"href":"https:\/\/directionpeche.tn\/index.php?rest_route=%2Fwp%2Fv2%2Fmedia&parent=1861"}],"wp:term":[{"taxonomy":"product_brand","embeddable":true,"href":"https:\/\/directionpeche.tn\/index.php?rest_route=%2Fwp%2Fv2%2Fproduct_brand&post=1861"},{"taxonomy":"product_cat","embeddable":true,"href":"https:\/\/directionpeche.tn\/index.php?rest_route=%2Fwp%2Fv2%2Fproduct_cat&post=1861"},{"taxonomy":"product_tag","embeddable":true,"href":"https:\/\/directionpeche.tn\/index.php?rest_route=%2Fwp%2Fv2%2Fproduct_tag&post=1861"}],"curies":[{"name":"wp","href":"https:\/\/api.w.org\/{rel}","templated":true}]}}