{"id":1870,"date":"2024-05-09T16:42:03","date_gmt":"2024-05-09T16:42:03","guid":{"rendered":"https:\/\/directionpeche.tn\/?post_type=product&#038;p=1870"},"modified":"2024-05-09T16:56:54","modified_gmt":"2024-05-09T16:56:54","slug":"fil-trabucco-tresse-dyna-tex-neo-8x-nage-250m","status":"publish","type":"product","link":"https:\/\/directionpeche.tn\/?product=fil-trabucco-tresse-dyna-tex-neo-8x-nage-250m","title":{"rendered":"FIL TRABUCCO TRESSE DYNA TEX NEO 8X NAGE 250M"},"content":{"rendered":"<h5>&#8211; Super tresse multicolore \u00e0 8 brins en PE haut module, section circulaire<\/h5>\n<h5>&#8211; Douceur et flexibilit\u00e9 exceptionnelles pour \u00e9viter les enchev\u00eatrements<\/h5>\n<h5>&#8211; Membrane PDMS sur les extr\u00e9mit\u00e9s individuelles pour assurer protection et durabilit\u00e9<\/h5>\n<h5>&#8211; Glissement doux et silencieux dans les anneaux de la tige<\/h5>\n<h5>&#8211; Aucune m\u00e9moire m\u00e9canique et grande r\u00e9sistance \u00e0 l&rsquo;abrasion<\/h5>\n<h5>&#8211; Grande r\u00e9sistance \u00e0 la traction et aux n\u0153uds<\/h5>\n<h5>&#8211; Emballage individuel sp\u00e9cial avec tension r\u00e9glable<\/h5>\n<h5>&#8211; Couleur variable tous les 25 m\u00e8tres (jaune, orange, rouge, bleu clair, lilas)<\/h5>\n","protected":false},"excerpt":{"rendered":"<p>&#8211; Super tresse multicolore \u00e0 8 brins en PE haut module, section circulaire &#8211; Douceur et flexibilit\u00e9 exceptionnelles pour \u00e9viter<\/p>\n","protected":false},"featured_media":1871,"comment_status":"open","ping_status":"closed","template":"","meta":[],"product_brand":[],"product_cat":[80],"product_tag":[],"class_list":{"0":"post-1870","1":"product","2":"type-product","3":"status-publish","4":"has-post-thumbnail","6":"product_cat-fils-surfcasting","8":"first","9":"instock","10":"taxable","11":"shipping-taxable","12":"purchasable","13":"product-type-variable"},"jetpack_sharing_enabled":true,"_links":{"self":[{"href":"https:\/\/directionpeche.tn\/index.php?rest_route=\/wp\/v2\/product\/1870","targetHints":{"allow":["GET"]}}],"collection":[{"href":"https:\/\/directionpeche.tn\/index.php?rest_route=\/wp\/v2\/product"}],"about":[{"href":"https:\/\/directionpeche.tn\/index.php?rest_route=\/wp\/v2\/types\/product"}],"replies":[{"embeddable":true,"href":"https:\/\/directionpeche.tn\/index.php?rest_route=%2Fwp%2Fv2%2Fcomments&post=1870"}],"version-history":[{"count":1,"href":"https:\/\/directionpeche.tn\/index.php?rest_route=\/wp\/v2\/product\/1870\/revisions"}],"predecessor-version":[{"id":1874,"href":"https:\/\/directionpeche.tn\/index.php?rest_route=\/wp\/v2\/product\/1870\/revisions\/1874"}],"wp:featuredmedia":[{"embeddable":true,"href":"https:\/\/directionpeche.tn\/index.php?rest_route=\/wp\/v2\/media\/1871"}],"wp:attachment":[{"href":"https:\/\/directionpeche.tn\/index.php?rest_route=%2Fwp%2Fv2%2Fmedia&parent=1870"}],"wp:term":[{"taxonomy":"product_brand","embeddable":true,"href":"https:\/\/directionpeche.tn\/index.php?rest_route=%2Fwp%2Fv2%2Fproduct_brand&post=1870"},{"taxonomy":"product_cat","embeddable":true,"href":"https:\/\/directionpeche.tn\/index.php?rest_route=%2Fwp%2Fv2%2Fproduct_cat&post=1870"},{"taxonomy":"product_tag","embeddable":true,"href":"https:\/\/directionpeche.tn\/index.php?rest_route=%2Fwp%2Fv2%2Fproduct_tag&post=1870"}],"curies":[{"name":"wp","href":"https:\/\/api.w.org\/{rel}","templated":true}]}}