{"id":1883,"date":"2024-05-09T17:15:06","date_gmt":"2024-05-09T17:15:06","guid":{"rendered":"https:\/\/directionpeche.tn\/?post_type=product&#038;p=1883"},"modified":"2024-05-10T17:25:33","modified_gmt":"2024-05-10T17:25:33","slug":"fil-trabucco-tresse-dyna-tex-neo-x8-cast","status":"publish","type":"product","link":"https:\/\/directionpeche.tn\/?product=fil-trabucco-tresse-dyna-tex-neo-x8-cast","title":{"rendered":"FIL TRABUCCO TRESSE DYNA TEX NEO X8 CAST"},"content":{"rendered":"<h5>&#8211; PE tress\u00e9 8 plis Haut module d&rsquo;\u00e9lasticit\u00e9<\/h5>\n<h5>&#8211; Grande souplesse et sensibilit\u00e9 marqu\u00e9e<\/h5>\n<h5>&#8211; Section transversale circulaire pour l&rsquo;ex\u00e9cution de lancers parfaits<\/h5>\n<h5>&#8211; R\u00e9sistance remarquable \u00e0 l&rsquo;abrasion et \u00e0 la traction lin\u00e9aire<\/h5>\n<h5>-Emballage individuel sp\u00e9cial avec tension r\u00e9glable<\/h5>\n<h5>-Couleur : jaune clair haute visibilit\u00e9<\/h5>\n","protected":false},"excerpt":{"rendered":"<p>&#8211; PE tress\u00e9 8 plis Haut module d&rsquo;\u00e9lasticit\u00e9 &#8211; Grande souplesse et sensibilit\u00e9 marqu\u00e9e &#8211; Section transversale circulaire pour l&rsquo;ex\u00e9cution<\/p>\n","protected":false},"featured_media":1884,"comment_status":"open","ping_status":"closed","template":"","meta":[],"product_brand":[],"product_cat":[161],"product_tag":[],"class_list":{"0":"post-1883","1":"product","2":"type-product","3":"status-publish","4":"has-post-thumbnail","6":"product_cat-fils-spinning","8":"first","9":"instock","10":"taxable","11":"shipping-taxable","12":"purchasable","13":"product-type-variable"},"jetpack_sharing_enabled":true,"_links":{"self":[{"href":"https:\/\/directionpeche.tn\/index.php?rest_route=\/wp\/v2\/product\/1883","targetHints":{"allow":["GET"]}}],"collection":[{"href":"https:\/\/directionpeche.tn\/index.php?rest_route=\/wp\/v2\/product"}],"about":[{"href":"https:\/\/directionpeche.tn\/index.php?rest_route=\/wp\/v2\/types\/product"}],"replies":[{"embeddable":true,"href":"https:\/\/directionpeche.tn\/index.php?rest_route=%2Fwp%2Fv2%2Fcomments&post=1883"}],"version-history":[{"count":1,"href":"https:\/\/directionpeche.tn\/index.php?rest_route=\/wp\/v2\/product\/1883\/revisions"}],"predecessor-version":[{"id":1887,"href":"https:\/\/directionpeche.tn\/index.php?rest_route=\/wp\/v2\/product\/1883\/revisions\/1887"}],"wp:featuredmedia":[{"embeddable":true,"href":"https:\/\/directionpeche.tn\/index.php?rest_route=\/wp\/v2\/media\/1884"}],"wp:attachment":[{"href":"https:\/\/directionpeche.tn\/index.php?rest_route=%2Fwp%2Fv2%2Fmedia&parent=1883"}],"wp:term":[{"taxonomy":"product_brand","embeddable":true,"href":"https:\/\/directionpeche.tn\/index.php?rest_route=%2Fwp%2Fv2%2Fproduct_brand&post=1883"},{"taxonomy":"product_cat","embeddable":true,"href":"https:\/\/directionpeche.tn\/index.php?rest_route=%2Fwp%2Fv2%2Fproduct_cat&post=1883"},{"taxonomy":"product_tag","embeddable":true,"href":"https:\/\/directionpeche.tn\/index.php?rest_route=%2Fwp%2Fv2%2Fproduct_tag&post=1883"}],"curies":[{"name":"wp","href":"https:\/\/api.w.org\/{rel}","templated":true}]}}