{"id":1888,"date":"2024-05-09T17:23:30","date_gmt":"2024-05-09T17:23:30","guid":{"rendered":"https:\/\/directionpeche.tn\/?post_type=product&#038;p=1888"},"modified":"2024-05-09T17:25:15","modified_gmt":"2024-05-09T17:25:15","slug":"fil-trabucco-double-conique-xps-taperline-sc-250mt","status":"publish","type":"product","link":"https:\/\/directionpeche.tn\/?product=fil-trabucco-double-conique-xps-taperline-sc-250mt","title":{"rendered":"FIL TRABUCCO DOUBLE CONIQUE XPS TAPERLINE SC 250MT"},"content":{"rendered":"<h5><strong>Le nouveau Trabucco XPS Taper Line SC est un monofilament \u00e0 faible \u00e9tirement<\/strong>\u00a0con\u00e7u pour le surf casting.\u00a0<em>Deux segments d&rsquo;amortisseur coniques \u00e0 chaque extr\u00e9mit\u00e9 (15 m),<\/em>\u00a0permettant\u00a0<strong>d&rsquo;inverser et de rembobiner la ligne apr\u00e8s une utilisation intensive.\u00a0<\/strong>Aire centrale parall\u00e8le (220m) avec\u00a0<strong>balisage couleur (20m)<\/strong>\u00a0.\u00a0<strong>R\u00e9sistance \u00e0 l&rsquo;abrasion et r\u00e9sistance lin\u00e9aire<\/strong>\u00a0exceptionnelles\u00a0.\u00a0Large choix parmi de nombreuses combinaisons de diam\u00e8tres.\u00a0Changement de couleur\u00a0<strong>tous les 20 m\u00e8tres (les amorces de choc sont claires).\u00a0L&rsquo;absence de n\u0153uds de jonction \u00e9limine la possibilit\u00e9 de rupture sous tension.<\/strong><\/h5>\n<p>\u2022\u00a0<strong>Monofilament sp\u00e9cifique pour le surf casting<\/strong><br \/>\n\u2022 Segments coniques aux deux extr\u00e9mit\u00e9s (15 m), qui agissent comme des amortisseurs<br \/>\n\u2022\u00a0<strong>Aire centrale \u00e0 diam\u00e8tre constant (220 m) avec sections color\u00e9es de 20 m\u00e8tres<\/strong><br \/>\n\u2022 R\u00e9sistance remarquable \u00e0 l&rsquo;abrasion et \u00e0 la traction lin\u00e9aire<br \/>\n\u2022 Large choix de combinaisons de diam\u00e8tres<br \/>\n\u2022\u00a0<strong>Couleur variable tous les 20 m (amorces de choc transparentes)<\/strong><\/p>\n","protected":false},"excerpt":{"rendered":"<p>Le nouveau Trabucco XPS Taper Line SC est un monofilament \u00e0 faible \u00e9tirement\u00a0con\u00e7u pour le surf casting.\u00a0Deux segments d&rsquo;amortisseur coniques<\/p>\n","protected":false},"featured_media":1889,"comment_status":"open","ping_status":"closed","template":"","meta":[],"product_brand":[],"product_cat":[80],"product_tag":[],"class_list":{"0":"post-1888","1":"product","2":"type-product","3":"status-publish","4":"has-post-thumbnail","6":"product_cat-fils-surfcasting","8":"first","9":"instock","10":"taxable","11":"shipping-taxable","12":"purchasable","13":"product-type-variable"},"jetpack_sharing_enabled":true,"_links":{"self":[{"href":"https:\/\/directionpeche.tn\/index.php?rest_route=\/wp\/v2\/product\/1888","targetHints":{"allow":["GET"]}}],"collection":[{"href":"https:\/\/directionpeche.tn\/index.php?rest_route=\/wp\/v2\/product"}],"about":[{"href":"https:\/\/directionpeche.tn\/index.php?rest_route=\/wp\/v2\/types\/product"}],"replies":[{"embeddable":true,"href":"https:\/\/directionpeche.tn\/index.php?rest_route=%2Fwp%2Fv2%2Fcomments&post=1888"}],"version-history":[{"count":2,"href":"https:\/\/directionpeche.tn\/index.php?rest_route=\/wp\/v2\/product\/1888\/revisions"}],"predecessor-version":[{"id":1895,"href":"https:\/\/directionpeche.tn\/index.php?rest_route=\/wp\/v2\/product\/1888\/revisions\/1895"}],"wp:featuredmedia":[{"embeddable":true,"href":"https:\/\/directionpeche.tn\/index.php?rest_route=\/wp\/v2\/media\/1889"}],"wp:attachment":[{"href":"https:\/\/directionpeche.tn\/index.php?rest_route=%2Fwp%2Fv2%2Fmedia&parent=1888"}],"wp:term":[{"taxonomy":"product_brand","embeddable":true,"href":"https:\/\/directionpeche.tn\/index.php?rest_route=%2Fwp%2Fv2%2Fproduct_brand&post=1888"},{"taxonomy":"product_cat","embeddable":true,"href":"https:\/\/directionpeche.tn\/index.php?rest_route=%2Fwp%2Fv2%2Fproduct_cat&post=1888"},{"taxonomy":"product_tag","embeddable":true,"href":"https:\/\/directionpeche.tn\/index.php?rest_route=%2Fwp%2Fv2%2Fproduct_tag&post=1888"}],"curies":[{"name":"wp","href":"https:\/\/api.w.org\/{rel}","templated":true}]}}