{"id":1897,"date":"2024-05-09T17:35:33","date_gmt":"2024-05-09T17:35:33","guid":{"rendered":"https:\/\/directionpeche.tn\/?post_type=product&#038;p=1897"},"modified":"2024-05-09T17:35:33","modified_gmt":"2024-05-09T17:35:33","slug":"fil-trabucco-arrache-conique-xps-taper-leader-15m","status":"publish","type":"product","link":"https:\/\/directionpeche.tn\/?product=fil-trabucco-arrache-conique-xps-taper-leader-15m","title":{"rendered":"FIL TRABUCCO ARRACHE CONIQUE XPS TAPER LEADER 15M"},"content":{"rendered":"<ul>\n<li>Monofilament conique 15 m<\/li>\n<li>\u00c9lasticit\u00e9 r\u00e9duite et contr\u00f4l\u00e9e<\/li>\n<li>Aucune m\u00e9moire d&rsquo;enroulement<\/li>\n<li>\u00c9norme r\u00e9sistance \u00e0 l&rsquo;abrasion<\/li>\n<li>Couleur cristal transparent<\/li>\n<li>Id\u00e9al pour la p\u00eache en surfcasting<\/li>\n<\/ul>\n","protected":false},"excerpt":{"rendered":"<p>Monofilament conique 15 m \u00c9lasticit\u00e9 r\u00e9duite et contr\u00f4l\u00e9e Aucune m\u00e9moire d&rsquo;enroulement \u00c9norme r\u00e9sistance \u00e0 l&rsquo;abrasion Couleur cristal transparent Id\u00e9al pour<\/p>\n","protected":false},"featured_media":1898,"comment_status":"open","ping_status":"closed","template":"","meta":[],"product_brand":[],"product_cat":[80],"product_tag":[],"class_list":{"0":"post-1897","1":"product","2":"type-product","3":"status-publish","4":"has-post-thumbnail","6":"product_cat-fils-surfcasting","8":"first","9":"instock","10":"taxable","11":"shipping-taxable","12":"purchasable","13":"product-type-variable"},"jetpack_sharing_enabled":true,"_links":{"self":[{"href":"https:\/\/directionpeche.tn\/index.php?rest_route=\/wp\/v2\/product\/1897","targetHints":{"allow":["GET"]}}],"collection":[{"href":"https:\/\/directionpeche.tn\/index.php?rest_route=\/wp\/v2\/product"}],"about":[{"href":"https:\/\/directionpeche.tn\/index.php?rest_route=\/wp\/v2\/types\/product"}],"replies":[{"embeddable":true,"href":"https:\/\/directionpeche.tn\/index.php?rest_route=%2Fwp%2Fv2%2Fcomments&post=1897"}],"version-history":[{"count":2,"href":"https:\/\/directionpeche.tn\/index.php?rest_route=\/wp\/v2\/product\/1897\/revisions"}],"predecessor-version":[{"id":1903,"href":"https:\/\/directionpeche.tn\/index.php?rest_route=\/wp\/v2\/product\/1897\/revisions\/1903"}],"wp:featuredmedia":[{"embeddable":true,"href":"https:\/\/directionpeche.tn\/index.php?rest_route=\/wp\/v2\/media\/1898"}],"wp:attachment":[{"href":"https:\/\/directionpeche.tn\/index.php?rest_route=%2Fwp%2Fv2%2Fmedia&parent=1897"}],"wp:term":[{"taxonomy":"product_brand","embeddable":true,"href":"https:\/\/directionpeche.tn\/index.php?rest_route=%2Fwp%2Fv2%2Fproduct_brand&post=1897"},{"taxonomy":"product_cat","embeddable":true,"href":"https:\/\/directionpeche.tn\/index.php?rest_route=%2Fwp%2Fv2%2Fproduct_cat&post=1897"},{"taxonomy":"product_tag","embeddable":true,"href":"https:\/\/directionpeche.tn\/index.php?rest_route=%2Fwp%2Fv2%2Fproduct_tag&post=1897"}],"curies":[{"name":"wp","href":"https:\/\/api.w.org\/{rel}","templated":true}]}}