{"id":1906,"date":"2024-05-10T17:42:34","date_gmt":"2024-05-10T17:42:34","guid":{"rendered":"https:\/\/directionpeche.tn\/?post_type=product&#038;p=1906"},"modified":"2024-05-10T17:47:19","modified_gmt":"2024-05-10T17:47:19","slug":"fil-trabucco-xps-sinking-plus-150m","status":"publish","type":"product","link":"https:\/\/directionpeche.tn\/?product=fil-trabucco-xps-sinking-plus-150m","title":{"rendered":"FIL TRABUCCO XPS SINKING PLUS 150M"},"content":{"rendered":"<h5>Haute r\u00e9sistance aux noeuds<\/h5>\n<h5>Aucune m\u00e9moire d&rsquo;enroulement<\/h5>\n<h5>\u00c9norme r\u00e9sistance \u00e0 l&rsquo;abrasion<\/h5>\n<h5>Packaging individuel<\/h5>\n<h5>Parfait pour la p\u00eache \u00e0 l&rsquo;anglaise ou au feeder<\/h5>\n<h5>Couleur marron mat qui le rend invisible sur tous les fonds<\/h5>\n","protected":false},"excerpt":{"rendered":"<p>Haute r\u00e9sistance aux noeuds Aucune m\u00e9moire d&rsquo;enroulement \u00c9norme r\u00e9sistance \u00e0 l&rsquo;abrasion Packaging individuel Parfait pour la p\u00eache \u00e0 l&rsquo;anglaise ou<\/p>\n","protected":false},"featured_media":1907,"comment_status":"open","ping_status":"closed","template":"","meta":[],"product_brand":[],"product_cat":[164],"product_tag":[],"class_list":{"0":"post-1906","1":"product","2":"type-product","3":"status-publish","4":"has-post-thumbnail","6":"product_cat-fils-pecheauflotteur","8":"first","9":"instock","10":"taxable","11":"shipping-taxable","12":"purchasable","13":"product-type-variable"},"jetpack_sharing_enabled":true,"_links":{"self":[{"href":"https:\/\/directionpeche.tn\/index.php?rest_route=\/wp\/v2\/product\/1906","targetHints":{"allow":["GET"]}}],"collection":[{"href":"https:\/\/directionpeche.tn\/index.php?rest_route=\/wp\/v2\/product"}],"about":[{"href":"https:\/\/directionpeche.tn\/index.php?rest_route=\/wp\/v2\/types\/product"}],"replies":[{"embeddable":true,"href":"https:\/\/directionpeche.tn\/index.php?rest_route=%2Fwp%2Fv2%2Fcomments&post=1906"}],"version-history":[{"count":2,"href":"https:\/\/directionpeche.tn\/index.php?rest_route=\/wp\/v2\/product\/1906\/revisions"}],"predecessor-version":[{"id":1912,"href":"https:\/\/directionpeche.tn\/index.php?rest_route=\/wp\/v2\/product\/1906\/revisions\/1912"}],"wp:featuredmedia":[{"embeddable":true,"href":"https:\/\/directionpeche.tn\/index.php?rest_route=\/wp\/v2\/media\/1907"}],"wp:attachment":[{"href":"https:\/\/directionpeche.tn\/index.php?rest_route=%2Fwp%2Fv2%2Fmedia&parent=1906"}],"wp:term":[{"taxonomy":"product_brand","embeddable":true,"href":"https:\/\/directionpeche.tn\/index.php?rest_route=%2Fwp%2Fv2%2Fproduct_brand&post=1906"},{"taxonomy":"product_cat","embeddable":true,"href":"https:\/\/directionpeche.tn\/index.php?rest_route=%2Fwp%2Fv2%2Fproduct_cat&post=1906"},{"taxonomy":"product_tag","embeddable":true,"href":"https:\/\/directionpeche.tn\/index.php?rest_route=%2Fwp%2Fv2%2Fproduct_tag&post=1906"}],"curies":[{"name":"wp","href":"https:\/\/api.w.org\/{rel}","templated":true}]}}