{"id":1913,"date":"2024-05-11T10:34:57","date_gmt":"2024-05-11T10:34:57","guid":{"rendered":"https:\/\/directionpeche.tn\/?post_type=product&#038;p=1913"},"modified":"2024-05-11T10:34:57","modified_gmt":"2024-05-11T10:34:57","slug":"fil-trabucco-xps-match-sinking-150m","status":"publish","type":"product","link":"https:\/\/directionpeche.tn\/?product=fil-trabucco-xps-match-sinking-150m","title":{"rendered":"FIL TRABUCCO XPS MATCH SINKING 150M"},"content":{"rendered":"<h5><strong>Fabrication japonaise\u00a0<\/strong>de monofilaments sp\u00e9cialement con\u00e7us pour la p\u00eache des wagglers ou des p\u00eacheurs. La caract\u00e9ristique principale de ce monofilament innovant est son poids sp\u00e9cifique \u00e9lev\u00e9 qui lui permet de s&rsquo;enfoncer tr\u00e8s facilement. Le traitement de surface sp\u00e9cial garantit une r\u00e9sistance \u00e0 l&rsquo;abrasion \u00e9lev\u00e9e et une absence totale de m\u00e9moire, fondamentales pour ce type de p\u00eache o\u00f9 la ligne est soumise \u00e0 un grand stress. La composition mol\u00e9culaire sp\u00e9ciale assure une faible \u00e9lasticit\u00e9 pour des frappes rapides et s\u00fbres. Enroulement parall\u00e8le pour mieux pr\u00e9server ses caract\u00e9ristiques incroyables.<\/h5>\n","protected":false},"excerpt":{"rendered":"<p>Fabrication japonaise\u00a0de monofilaments sp\u00e9cialement con\u00e7us pour la p\u00eache des wagglers ou des p\u00eacheurs. La caract\u00e9ristique principale de ce monofilament innovant<\/p>\n","protected":false},"featured_media":1914,"comment_status":"open","ping_status":"closed","template":"","meta":[],"product_brand":[],"product_cat":[164],"product_tag":[],"class_list":{"0":"post-1913","1":"product","2":"type-product","3":"status-publish","4":"has-post-thumbnail","6":"product_cat-fils-pecheauflotteur","8":"first","9":"instock","10":"taxable","11":"shipping-taxable","12":"purchasable","13":"product-type-variable"},"jetpack_sharing_enabled":true,"_links":{"self":[{"href":"https:\/\/directionpeche.tn\/index.php?rest_route=\/wp\/v2\/product\/1913","targetHints":{"allow":["GET"]}}],"collection":[{"href":"https:\/\/directionpeche.tn\/index.php?rest_route=\/wp\/v2\/product"}],"about":[{"href":"https:\/\/directionpeche.tn\/index.php?rest_route=\/wp\/v2\/types\/product"}],"replies":[{"embeddable":true,"href":"https:\/\/directionpeche.tn\/index.php?rest_route=%2Fwp%2Fv2%2Fcomments&post=1913"}],"version-history":[{"count":1,"href":"https:\/\/directionpeche.tn\/index.php?rest_route=\/wp\/v2\/product\/1913\/revisions"}],"predecessor-version":[{"id":1918,"href":"https:\/\/directionpeche.tn\/index.php?rest_route=\/wp\/v2\/product\/1913\/revisions\/1918"}],"wp:featuredmedia":[{"embeddable":true,"href":"https:\/\/directionpeche.tn\/index.php?rest_route=\/wp\/v2\/media\/1914"}],"wp:attachment":[{"href":"https:\/\/directionpeche.tn\/index.php?rest_route=%2Fwp%2Fv2%2Fmedia&parent=1913"}],"wp:term":[{"taxonomy":"product_brand","embeddable":true,"href":"https:\/\/directionpeche.tn\/index.php?rest_route=%2Fwp%2Fv2%2Fproduct_brand&post=1913"},{"taxonomy":"product_cat","embeddable":true,"href":"https:\/\/directionpeche.tn\/index.php?rest_route=%2Fwp%2Fv2%2Fproduct_cat&post=1913"},{"taxonomy":"product_tag","embeddable":true,"href":"https:\/\/directionpeche.tn\/index.php?rest_route=%2Fwp%2Fv2%2Fproduct_tag&post=1913"}],"curies":[{"name":"wp","href":"https:\/\/api.w.org\/{rel}","templated":true}]}}