{"id":1924,"date":"2024-05-14T09:39:01","date_gmt":"2024-05-14T09:39:01","guid":{"rendered":"https:\/\/directionpeche.tn\/?post_type=product&#038;p=1924"},"modified":"2024-05-14T09:39:01","modified_gmt":"2024-05-14T09:39:01","slug":"moulinet-trabucco-achab-sw","status":"publish","type":"product","link":"https:\/\/directionpeche.tn\/?product=moulinet-trabucco-achab-sw","title":{"rendered":"MOULINET TRABUCCO ACHAB SW"},"content":{"rendered":"<h5>Moulinet initialement enroul\u00e9 avec une excellente ligne Trabucco Max Plus. Au-del\u00e0 des garanties offertes par la qualit\u00e9 du fil, le moulinet est ainsi pr\u00eat \u00e0 l&#8217;emploi, d\u00e8s la sortie de la bo\u00eete, et se pr\u00eate \u00e0 la cr\u00e9ation de combos int\u00e9ressants. Corps et rotor en composite de graphite Syst\u00e8me de roulement \u00e0 billes longue dur\u00e9e Filet de s\u00e9curit\u00e9 multi-arr\u00eats Frein avant micro-r\u00e9glable avec disques surdimensionn\u00e9s Bobine Ultralight Long Cast Superlight Fil Max Plus d\u00e9j\u00e0 charg\u00e9 sur la bobine Rouleau guide-fil AS (Anti Twist System) Poign\u00e9e \u00e9quilibr\u00e9e avec bouton ergonomique<\/h5>\n","protected":false},"excerpt":{"rendered":"<p>Moulinet initialement enroul\u00e9 avec une excellente ligne Trabucco Max Plus. Au-del\u00e0 des garanties offertes par la qualit\u00e9 du fil, le<\/p>\n","protected":false},"featured_media":1926,"comment_status":"open","ping_status":"closed","template":"","meta":[],"product_brand":[],"product_cat":[163,72,79],"product_tag":[],"class_list":{"0":"post-1924","1":"product","2":"type-product","3":"status-publish","4":"has-post-thumbnail","6":"product_cat-moulinets-spinning","7":"product_cat-moulinetsbateau","8":"product_cat-moulinetssurfcasting","10":"first","11":"instock","12":"taxable","13":"shipping-taxable","14":"purchasable","15":"product-type-variable"},"jetpack_sharing_enabled":true,"_links":{"self":[{"href":"https:\/\/directionpeche.tn\/index.php?rest_route=\/wp\/v2\/product\/1924","targetHints":{"allow":["GET"]}}],"collection":[{"href":"https:\/\/directionpeche.tn\/index.php?rest_route=\/wp\/v2\/product"}],"about":[{"href":"https:\/\/directionpeche.tn\/index.php?rest_route=\/wp\/v2\/types\/product"}],"replies":[{"embeddable":true,"href":"https:\/\/directionpeche.tn\/index.php?rest_route=%2Fwp%2Fv2%2Fcomments&post=1924"}],"version-history":[{"count":2,"href":"https:\/\/directionpeche.tn\/index.php?rest_route=\/wp\/v2\/product\/1924\/revisions"}],"predecessor-version":[{"id":3405,"href":"https:\/\/directionpeche.tn\/index.php?rest_route=\/wp\/v2\/product\/1924\/revisions\/3405"}],"wp:featuredmedia":[{"embeddable":true,"href":"https:\/\/directionpeche.tn\/index.php?rest_route=\/wp\/v2\/media\/1926"}],"wp:attachment":[{"href":"https:\/\/directionpeche.tn\/index.php?rest_route=%2Fwp%2Fv2%2Fmedia&parent=1924"}],"wp:term":[{"taxonomy":"product_brand","embeddable":true,"href":"https:\/\/directionpeche.tn\/index.php?rest_route=%2Fwp%2Fv2%2Fproduct_brand&post=1924"},{"taxonomy":"product_cat","embeddable":true,"href":"https:\/\/directionpeche.tn\/index.php?rest_route=%2Fwp%2Fv2%2Fproduct_cat&post=1924"},{"taxonomy":"product_tag","embeddable":true,"href":"https:\/\/directionpeche.tn\/index.php?rest_route=%2Fwp%2Fv2%2Fproduct_tag&post=1924"}],"curies":[{"name":"wp","href":"https:\/\/api.w.org\/{rel}","templated":true}]}}