{"id":1933,"date":"2024-05-14T10:11:08","date_gmt":"2024-05-14T10:11:08","guid":{"rendered":"https:\/\/directionpeche.tn\/?post_type=product&#038;p=1933"},"modified":"2024-05-14T10:11:08","modified_gmt":"2024-05-14T10:11:08","slug":"moulinet-trabucco-sonic","status":"publish","type":"product","link":"https:\/\/directionpeche.tn\/?product=moulinet-trabucco-sonic","title":{"rendered":"MOULINET TRABUCCO SONIC"},"content":{"rendered":"<ul>\n<li>\n<h5>1 roulement \u00e0 billes Long Life System<\/h5>\n<\/li>\n<li>\n<h5>Anti-retour Multi Stop<\/h5>\n<\/li>\n<li>\n<h5>Bobine en aluminium type Long Cast<\/h5>\n<\/li>\n<li>\n<h5>Manivelle \u00e9quilibr\u00e9e avec poign\u00e9e ergonomique<\/h5>\n<\/li>\n<li>\n<h5>Guide-fil AS (Anti Twist System) &#8211; Frein avant microm\u00e9trique<\/h5>\n<\/li>\n<li>\n<h5>Garni de fil Max Plus<\/h5>\n<\/li>\n<\/ul>\n","protected":false},"excerpt":{"rendered":"<p>1 roulement \u00e0 billes Long Life System Anti-retour Multi Stop Bobine en aluminium type Long Cast Manivelle \u00e9quilibr\u00e9e avec poign\u00e9e<\/p>\n","protected":false},"featured_media":1934,"comment_status":"open","ping_status":"closed","template":"","meta":[],"product_brand":[],"product_cat":[163,72,79],"product_tag":[],"class_list":{"0":"post-1933","1":"product","2":"type-product","3":"status-publish","4":"has-post-thumbnail","6":"product_cat-moulinets-spinning","7":"product_cat-moulinetsbateau","8":"product_cat-moulinetssurfcasting","10":"first","11":"instock","12":"taxable","13":"shipping-taxable","14":"purchasable","15":"product-type-variable"},"jetpack_sharing_enabled":true,"_links":{"self":[{"href":"https:\/\/directionpeche.tn\/index.php?rest_route=\/wp\/v2\/product\/1933","targetHints":{"allow":["GET"]}}],"collection":[{"href":"https:\/\/directionpeche.tn\/index.php?rest_route=\/wp\/v2\/product"}],"about":[{"href":"https:\/\/directionpeche.tn\/index.php?rest_route=\/wp\/v2\/types\/product"}],"replies":[{"embeddable":true,"href":"https:\/\/directionpeche.tn\/index.php?rest_route=%2Fwp%2Fv2%2Fcomments&post=1933"}],"version-history":[{"count":1,"href":"https:\/\/directionpeche.tn\/index.php?rest_route=\/wp\/v2\/product\/1933\/revisions"}],"predecessor-version":[{"id":1937,"href":"https:\/\/directionpeche.tn\/index.php?rest_route=\/wp\/v2\/product\/1933\/revisions\/1937"}],"wp:featuredmedia":[{"embeddable":true,"href":"https:\/\/directionpeche.tn\/index.php?rest_route=\/wp\/v2\/media\/1934"}],"wp:attachment":[{"href":"https:\/\/directionpeche.tn\/index.php?rest_route=%2Fwp%2Fv2%2Fmedia&parent=1933"}],"wp:term":[{"taxonomy":"product_brand","embeddable":true,"href":"https:\/\/directionpeche.tn\/index.php?rest_route=%2Fwp%2Fv2%2Fproduct_brand&post=1933"},{"taxonomy":"product_cat","embeddable":true,"href":"https:\/\/directionpeche.tn\/index.php?rest_route=%2Fwp%2Fv2%2Fproduct_cat&post=1933"},{"taxonomy":"product_tag","embeddable":true,"href":"https:\/\/directionpeche.tn\/index.php?rest_route=%2Fwp%2Fv2%2Fproduct_tag&post=1933"}],"curies":[{"name":"wp","href":"https:\/\/api.w.org\/{rel}","templated":true}]}}