{"id":1939,"date":"2024-05-14T10:33:58","date_gmt":"2024-05-14T10:33:58","guid":{"rendered":"https:\/\/directionpeche.tn\/?post_type=product&#038;p=1939"},"modified":"2025-08-20T23:27:13","modified_gmt":"2025-08-20T23:27:13","slug":"moulinet-trabucco-oceanic-pro-surf","status":"publish","type":"product","link":"https:\/\/directionpeche.tn\/?product=moulinet-trabucco-oceanic-pro-surf","title":{"rendered":"MOULINET TRABUCCO OCEANIC PRO SURF"},"content":{"rendered":"<h5><strong>\u2022 1 roulement syst\u00e8me longue dur\u00e9e<\/strong><\/h5>\n<h5><strong>\u2022 Antid\u00e9vireur du syst\u00e8me multistop<\/strong><\/h5>\n<h5><strong>\u2022 Frein avant microm\u00e9trique avec disques surdimensionn\u00e9s<\/strong><\/h5>\n<h5><strong>\u2022 Bobine Long Cast Superlight<\/strong><\/h5>\n<h5><strong>\u2022 Bobine charg\u00e9e \u00e0 l&rsquo;origine avec Max Plus Line<\/strong><\/h5>\n<h5><strong>\u2022 Galet guide-fil AS (Anti Twist System)<\/strong><\/h5>\n<h5><strong>\u2022 Poign\u00e9e \u00e9quilibr\u00e9e avec bouton ergonomique<\/strong><\/h5>\n","protected":false},"excerpt":{"rendered":"<p>\u2022 1 roulement syst\u00e8me longue dur\u00e9e \u2022 Antid\u00e9vireur du syst\u00e8me multistop \u2022 Frein avant microm\u00e9trique avec disques surdimensionn\u00e9s \u2022 Bobine<\/p>\n","protected":false},"featured_media":2802,"comment_status":"open","ping_status":"closed","template":"","meta":[],"product_brand":[],"product_cat":[79],"product_tag":[],"class_list":{"0":"post-1939","1":"product","2":"type-product","3":"status-publish","4":"has-post-thumbnail","6":"product_cat-moulinetssurfcasting","8":"first","9":"instock","10":"taxable","11":"shipping-taxable","12":"purchasable","13":"product-type-variable"},"jetpack_sharing_enabled":true,"_links":{"self":[{"href":"https:\/\/directionpeche.tn\/index.php?rest_route=\/wp\/v2\/product\/1939","targetHints":{"allow":["GET"]}}],"collection":[{"href":"https:\/\/directionpeche.tn\/index.php?rest_route=\/wp\/v2\/product"}],"about":[{"href":"https:\/\/directionpeche.tn\/index.php?rest_route=\/wp\/v2\/types\/product"}],"replies":[{"embeddable":true,"href":"https:\/\/directionpeche.tn\/index.php?rest_route=%2Fwp%2Fv2%2Fcomments&post=1939"}],"version-history":[{"count":2,"href":"https:\/\/directionpeche.tn\/index.php?rest_route=\/wp\/v2\/product\/1939\/revisions"}],"predecessor-version":[{"id":1944,"href":"https:\/\/directionpeche.tn\/index.php?rest_route=\/wp\/v2\/product\/1939\/revisions\/1944"}],"wp:featuredmedia":[{"embeddable":true,"href":"https:\/\/directionpeche.tn\/index.php?rest_route=\/wp\/v2\/media\/2802"}],"wp:attachment":[{"href":"https:\/\/directionpeche.tn\/index.php?rest_route=%2Fwp%2Fv2%2Fmedia&parent=1939"}],"wp:term":[{"taxonomy":"product_brand","embeddable":true,"href":"https:\/\/directionpeche.tn\/index.php?rest_route=%2Fwp%2Fv2%2Fproduct_brand&post=1939"},{"taxonomy":"product_cat","embeddable":true,"href":"https:\/\/directionpeche.tn\/index.php?rest_route=%2Fwp%2Fv2%2Fproduct_cat&post=1939"},{"taxonomy":"product_tag","embeddable":true,"href":"https:\/\/directionpeche.tn\/index.php?rest_route=%2Fwp%2Fv2%2Fproduct_tag&post=1939"}],"curies":[{"name":"wp","href":"https:\/\/api.w.org\/{rel}","templated":true}]}}