{"id":1943,"date":"2024-05-14T10:40:40","date_gmt":"2024-05-14T10:40:40","guid":{"rendered":"https:\/\/directionpeche.tn\/?post_type=product&#038;p=1943"},"modified":"2024-05-14T10:40:41","modified_gmt":"2024-05-14T10:40:41","slug":"moulinet-trabucco-mantis-fdx","status":"publish","type":"product","link":"https:\/\/directionpeche.tn\/?product=moulinet-trabucco-mantis-fdx","title":{"rendered":"MOULINET TRABUCCO MANTIS FDX"},"content":{"rendered":"<ul class=\"a-unordered-list a-vertical a-spacing-mini\">\n<li class=\"a-spacing-mini\">\n<h5><span class=\"a-list-item\">Le moulinet Mantis FDX \u00e0 friction avant fait partie du nouveau catalogue Trabucco.<\/span><\/h5>\n<\/li>\n<li class=\"a-spacing-mini\">\n<h5><span class=\"a-list-item\">Avec corps et rotor en composite graphite, le moulinet Mantis FDX dispose de 2 roulements Long Life System, 1 roulement \u00e0 rouleaux unidirectionnel et anti-retour Infinito One Way Clutch.<\/span><\/h5>\n<\/li>\n<li class=\"a-spacing-mini\">\n<h5><span class=\"a-list-item\">Le moulinet Trabucco Mantis FDX pr\u00e9sente un embrayage avant microm\u00e9trique avec disques surdimensionn\u00e9s, une bobine Long Cast Superlight en aluminium tourn\u00e9 (diam\u00e8tre major\u00e9), une bobine de rechange en grap<\/span><\/h5>\n<\/li>\n<li class=\"a-spacing-mini\">\n<h5><span class=\"a-list-item\">hite, un rouleau AS (Anti Twist System) et une manivelle en aluminium avec poign\u00e9e en caoutchouc.<\/span><\/h5>\n<\/li>\n<\/ul>\n","protected":false},"excerpt":{"rendered":"<p>Le moulinet Mantis FDX \u00e0 friction avant fait partie du nouveau catalogue Trabucco. Avec corps et rotor en composite graphite,<\/p>\n","protected":false},"featured_media":1945,"comment_status":"open","ping_status":"closed","template":"","meta":[],"product_brand":[],"product_cat":[72],"product_tag":[],"class_list":{"0":"post-1943","1":"product","2":"type-product","3":"status-publish","4":"has-post-thumbnail","6":"product_cat-moulinetsbateau","8":"first","9":"instock","10":"taxable","11":"shipping-taxable","12":"purchasable","13":"product-type-variable"},"jetpack_sharing_enabled":true,"_links":{"self":[{"href":"https:\/\/directionpeche.tn\/index.php?rest_route=\/wp\/v2\/product\/1943","targetHints":{"allow":["GET"]}}],"collection":[{"href":"https:\/\/directionpeche.tn\/index.php?rest_route=\/wp\/v2\/product"}],"about":[{"href":"https:\/\/directionpeche.tn\/index.php?rest_route=\/wp\/v2\/types\/product"}],"replies":[{"embeddable":true,"href":"https:\/\/directionpeche.tn\/index.php?rest_route=%2Fwp%2Fv2%2Fcomments&post=1943"}],"version-history":[{"count":1,"href":"https:\/\/directionpeche.tn\/index.php?rest_route=\/wp\/v2\/product\/1943\/revisions"}],"predecessor-version":[{"id":1948,"href":"https:\/\/directionpeche.tn\/index.php?rest_route=\/wp\/v2\/product\/1943\/revisions\/1948"}],"wp:featuredmedia":[{"embeddable":true,"href":"https:\/\/directionpeche.tn\/index.php?rest_route=\/wp\/v2\/media\/1945"}],"wp:attachment":[{"href":"https:\/\/directionpeche.tn\/index.php?rest_route=%2Fwp%2Fv2%2Fmedia&parent=1943"}],"wp:term":[{"taxonomy":"product_brand","embeddable":true,"href":"https:\/\/directionpeche.tn\/index.php?rest_route=%2Fwp%2Fv2%2Fproduct_brand&post=1943"},{"taxonomy":"product_cat","embeddable":true,"href":"https:\/\/directionpeche.tn\/index.php?rest_route=%2Fwp%2Fv2%2Fproduct_cat&post=1943"},{"taxonomy":"product_tag","embeddable":true,"href":"https:\/\/directionpeche.tn\/index.php?rest_route=%2Fwp%2Fv2%2Fproduct_tag&post=1943"}],"curies":[{"name":"wp","href":"https:\/\/api.w.org\/{rel}","templated":true}]}}