{"id":1954,"date":"2024-05-14T11:05:34","date_gmt":"2024-05-14T11:05:34","guid":{"rendered":"https:\/\/directionpeche.tn\/?post_type=product&#038;p=1954"},"modified":"2024-12-24T14:22:32","modified_gmt":"2024-12-24T14:22:32","slug":"moulinet-trabucco-xanthos-stc","status":"publish","type":"product","link":"https:\/\/directionpeche.tn\/?product=moulinet-trabucco-xanthos-stc","title":{"rendered":"MOULINET TRABUCCO XANTHOS STC"},"content":{"rendered":"<h5>\u00a0Corps et rotor composites en graphite<\/h5>\n<h5>\u00a02 roulements du syst\u00e8me longue dur\u00e9e<\/h5>\n<h5>\u00a01 roulement \u00e0 rouleaux unidirectionnel<\/h5>\n<h5>\u00a0Antid\u00e9vireur infini \u00e0 embrayage unidirectionnel<\/h5>\n<h5>\u00a0Frein avant microm\u00e9trique avec disques surdimensionn\u00e9s\u2022<\/h5>\n<h5>\u00a0Bobine Long Cast Superlight en aluminium tourn\u00e9 (diam\u00e8tre augment\u00e9)<\/h5>\n<h5>\u00a0Bobine de graphite de rechange<\/h5>\n<h5>\u00a0Rouleau AS (Anti Twist System)<\/h5>\n<h5>\u00a0Poign\u00e9e en aluminium avec bouton en caoutchouc<\/h5>\n","protected":false},"excerpt":{"rendered":"<p>\u00a0Corps et rotor composites en graphite \u00a02 roulements du syst\u00e8me longue dur\u00e9e \u00a01 roulement \u00e0 rouleaux unidirectionnel \u00a0Antid\u00e9vireur infini \u00e0<\/p>\n","protected":false},"featured_media":1955,"comment_status":"open","ping_status":"closed","template":"","meta":[],"product_brand":[],"product_cat":[32,72,79,22],"product_tag":[],"class_list":{"0":"post-1954","1":"product","2":"type-product","3":"status-publish","4":"has-post-thumbnail","6":"product_cat-bateau","7":"product_cat-moulinetsbateau","8":"product_cat-moulinetssurfcasting","9":"product_cat-surfcasting","11":"first","12":"instock","13":"taxable","14":"shipping-taxable","15":"purchasable","16":"product-type-variable"},"jetpack_sharing_enabled":true,"_links":{"self":[{"href":"https:\/\/directionpeche.tn\/index.php?rest_route=\/wp\/v2\/product\/1954","targetHints":{"allow":["GET"]}}],"collection":[{"href":"https:\/\/directionpeche.tn\/index.php?rest_route=\/wp\/v2\/product"}],"about":[{"href":"https:\/\/directionpeche.tn\/index.php?rest_route=\/wp\/v2\/types\/product"}],"replies":[{"embeddable":true,"href":"https:\/\/directionpeche.tn\/index.php?rest_route=%2Fwp%2Fv2%2Fcomments&post=1954"}],"version-history":[{"count":2,"href":"https:\/\/directionpeche.tn\/index.php?rest_route=\/wp\/v2\/product\/1954\/revisions"}],"predecessor-version":[{"id":3053,"href":"https:\/\/directionpeche.tn\/index.php?rest_route=\/wp\/v2\/product\/1954\/revisions\/3053"}],"wp:featuredmedia":[{"embeddable":true,"href":"https:\/\/directionpeche.tn\/index.php?rest_route=\/wp\/v2\/media\/1955"}],"wp:attachment":[{"href":"https:\/\/directionpeche.tn\/index.php?rest_route=%2Fwp%2Fv2%2Fmedia&parent=1954"}],"wp:term":[{"taxonomy":"product_brand","embeddable":true,"href":"https:\/\/directionpeche.tn\/index.php?rest_route=%2Fwp%2Fv2%2Fproduct_brand&post=1954"},{"taxonomy":"product_cat","embeddable":true,"href":"https:\/\/directionpeche.tn\/index.php?rest_route=%2Fwp%2Fv2%2Fproduct_cat&post=1954"},{"taxonomy":"product_tag","embeddable":true,"href":"https:\/\/directionpeche.tn\/index.php?rest_route=%2Fwp%2Fv2%2Fproduct_tag&post=1954"}],"curies":[{"name":"wp","href":"https:\/\/api.w.org\/{rel}","templated":true}]}}