{"id":1962,"date":"2024-05-14T11:29:11","date_gmt":"2024-05-14T11:29:11","guid":{"rendered":"https:\/\/directionpeche.tn\/?post_type=product&#038;p=1962"},"modified":"2024-05-21T08:42:11","modified_gmt":"2024-05-21T08:42:11","slug":"moulinet-xhiron-sd-surf","status":"publish","type":"product","link":"https:\/\/directionpeche.tn\/?product=moulinet-xhiron-sd-surf","title":{"rendered":"MOULINET TRABUCCO XHIRON SD SURF"},"content":{"rendered":"<div><strong>\u00a0Corps et rotor en graphite durci X-Tra Tough<\/strong><\/div>\n<div><strong>\u00a0<\/strong><\/div>\n<div><strong>\u00a0Roulements \u00e0 billes en acier inoxydable scell\u00e9s Long Life<\/strong><\/div>\n<div><strong>\u00a0<\/strong><\/div>\n<div><strong>\u00a0Anti-retour infini<\/strong><\/div>\n<div><strong>\u00a0<\/strong><\/div>\n<div><strong>\u00a0Arbre en acier inoxydable \u00e0 section augment\u00e9e<\/strong><\/div>\n<div><strong>\u00a0<\/strong><\/div>\n<div><strong>\u00a0Arbre \u00e0 vis sans fin<\/strong><\/div>\n<div><strong>\u00a0<\/strong><\/div>\n<div><strong>\u00a0Oscillation verticale lente de la bobine<\/strong><\/div>\n<div><strong>\u00a0<\/strong><\/div>\n<div><strong>\u00a0Glissement avant Smart Drag \u00e0 fermeture rapide<\/strong><\/div>\n<div><strong>\u00a0<\/strong><\/div>\n<div><strong>\u00a0Disques d&#8217;embrayage rev\u00eatus de PTFE pour une traction exceptionnelle<\/strong><\/div>\n<div><strong>\u00a0<\/strong><\/div>\n<div><strong>\u00a0Bobine en aluminium de qualit\u00e9 a\u00e9rospatiale, all\u00e9g\u00e9e par des trous<\/strong><\/div>\n<div><strong>\u00a0<\/strong><\/div>\n<div><strong>\u00a02x bobines PTFE suppl\u00e9mentaires<\/strong><\/div>\n<div><strong>\u00a0<\/strong><\/div>\n<div><strong>\u00a0Bandeau avec section augment\u00e9e (Powerbail)<\/strong><\/div>\n<div><strong>\u00a0<\/strong><\/div>\n<div><strong>\u00a0Rouleau guide-fil en titane anti-torsion<\/strong><\/div>\n<div><strong>\u00a0<\/strong><\/div>\n<div><strong>\u00a0Manche en aluminium tourn\u00e9 avec bouton ergonomique<\/strong><\/div>\n","protected":false},"excerpt":{"rendered":"<p>\u00a0Corps et rotor en graphite durci X-Tra Tough \u00a0 \u00a0Roulements \u00e0 billes en acier inoxydable scell\u00e9s Long Life \u00a0 \u00a0Anti-retour<\/p>\n","protected":false},"featured_media":1963,"comment_status":"open","ping_status":"closed","template":"","meta":[],"product_brand":[],"product_cat":[79],"product_tag":[],"class_list":{"0":"post-1962","1":"product","2":"type-product","3":"status-publish","4":"has-post-thumbnail","6":"product_cat-moulinetssurfcasting","8":"first","9":"instock","10":"taxable","11":"shipping-taxable","12":"purchasable","13":"product-type-variable"},"jetpack_sharing_enabled":true,"_links":{"self":[{"href":"https:\/\/directionpeche.tn\/index.php?rest_route=\/wp\/v2\/product\/1962","targetHints":{"allow":["GET"]}}],"collection":[{"href":"https:\/\/directionpeche.tn\/index.php?rest_route=\/wp\/v2\/product"}],"about":[{"href":"https:\/\/directionpeche.tn\/index.php?rest_route=\/wp\/v2\/types\/product"}],"replies":[{"embeddable":true,"href":"https:\/\/directionpeche.tn\/index.php?rest_route=%2Fwp%2Fv2%2Fcomments&post=1962"}],"version-history":[{"count":2,"href":"https:\/\/directionpeche.tn\/index.php?rest_route=\/wp\/v2\/product\/1962\/revisions"}],"predecessor-version":[{"id":2500,"href":"https:\/\/directionpeche.tn\/index.php?rest_route=\/wp\/v2\/product\/1962\/revisions\/2500"}],"wp:featuredmedia":[{"embeddable":true,"href":"https:\/\/directionpeche.tn\/index.php?rest_route=\/wp\/v2\/media\/1963"}],"wp:attachment":[{"href":"https:\/\/directionpeche.tn\/index.php?rest_route=%2Fwp%2Fv2%2Fmedia&parent=1962"}],"wp:term":[{"taxonomy":"product_brand","embeddable":true,"href":"https:\/\/directionpeche.tn\/index.php?rest_route=%2Fwp%2Fv2%2Fproduct_brand&post=1962"},{"taxonomy":"product_cat","embeddable":true,"href":"https:\/\/directionpeche.tn\/index.php?rest_route=%2Fwp%2Fv2%2Fproduct_cat&post=1962"},{"taxonomy":"product_tag","embeddable":true,"href":"https:\/\/directionpeche.tn\/index.php?rest_route=%2Fwp%2Fv2%2Fproduct_tag&post=1962"}],"curies":[{"name":"wp","href":"https:\/\/api.w.org\/{rel}","templated":true}]}}