{"id":1967,"date":"2024-05-14T12:10:47","date_gmt":"2024-05-14T12:10:47","guid":{"rendered":"https:\/\/directionpeche.tn\/?post_type=product&#038;p=1967"},"modified":"2026-03-31T11:57:22","modified_gmt":"2026-03-31T11:57:22","slug":"moulinet-trabucco-castforce-xlt-srf","status":"publish","type":"product","link":"https:\/\/directionpeche.tn\/?product=moulinet-trabucco-castforce-xlt-srf","title":{"rendered":"MOULINET TRABUCCO CASTFORCE XLT SRF"},"content":{"rendered":"<p><strong>Castforce de taille 8000, nous avons cr\u00e9\u00e9 une bobine de PTFE personnalis\u00e9e qui \u00e9largit les horizons d&rsquo;utilisation de ces fantastiques bobines, \u00e9tablissant ainsi de nouvelles normes de qualit\u00e9. P<\/strong><strong>our le lancer classique \u00e0 longue port\u00e9e. Sa poign\u00e9e tr\u00e8s l\u00e9g\u00e8re et \u00e9l\u00e9gante est obtenue par une machine \u00e0 commande num\u00e9rique \u00e0 partir d\u2019une barre solide en aluminium.<\/strong><\/p>\n","protected":false},"excerpt":{"rendered":"<p>Castforce de taille 8000, nous avons cr\u00e9\u00e9 une bobine de PTFE personnalis\u00e9e qui \u00e9largit les horizons d&rsquo;utilisation de ces fantastiques<\/p>\n","protected":false},"featured_media":1968,"comment_status":"open","ping_status":"closed","template":"","meta":[],"product_brand":[],"product_cat":[79],"product_tag":[],"class_list":{"0":"post-1967","1":"product","2":"type-product","3":"status-publish","4":"has-post-thumbnail","6":"product_cat-moulinetssurfcasting","8":"first","9":"outofstock","10":"taxable","11":"shipping-taxable","12":"purchasable","13":"product-type-simple"},"jetpack_sharing_enabled":true,"_links":{"self":[{"href":"https:\/\/directionpeche.tn\/index.php?rest_route=\/wp\/v2\/product\/1967","targetHints":{"allow":["GET"]}}],"collection":[{"href":"https:\/\/directionpeche.tn\/index.php?rest_route=\/wp\/v2\/product"}],"about":[{"href":"https:\/\/directionpeche.tn\/index.php?rest_route=\/wp\/v2\/types\/product"}],"replies":[{"embeddable":true,"href":"https:\/\/directionpeche.tn\/index.php?rest_route=%2Fwp%2Fv2%2Fcomments&post=1967"}],"version-history":[{"count":1,"href":"https:\/\/directionpeche.tn\/index.php?rest_route=\/wp\/v2\/product\/1967\/revisions"}],"predecessor-version":[{"id":1972,"href":"https:\/\/directionpeche.tn\/index.php?rest_route=\/wp\/v2\/product\/1967\/revisions\/1972"}],"wp:featuredmedia":[{"embeddable":true,"href":"https:\/\/directionpeche.tn\/index.php?rest_route=\/wp\/v2\/media\/1968"}],"wp:attachment":[{"href":"https:\/\/directionpeche.tn\/index.php?rest_route=%2Fwp%2Fv2%2Fmedia&parent=1967"}],"wp:term":[{"taxonomy":"product_brand","embeddable":true,"href":"https:\/\/directionpeche.tn\/index.php?rest_route=%2Fwp%2Fv2%2Fproduct_brand&post=1967"},{"taxonomy":"product_cat","embeddable":true,"href":"https:\/\/directionpeche.tn\/index.php?rest_route=%2Fwp%2Fv2%2Fproduct_cat&post=1967"},{"taxonomy":"product_tag","embeddable":true,"href":"https:\/\/directionpeche.tn\/index.php?rest_route=%2Fwp%2Fv2%2Fproduct_tag&post=1967"}],"curies":[{"name":"wp","href":"https:\/\/api.w.org\/{rel}","templated":true}]}}