{"id":1976,"date":"2024-05-14T14:20:22","date_gmt":"2024-05-14T14:20:22","guid":{"rendered":"https:\/\/directionpeche.tn\/?post_type=product&#038;p=1976"},"modified":"2024-05-14T14:20:22","modified_gmt":"2024-05-14T14:20:22","slug":"moulinet-trabucco-castforce-xt-beach-5500-ultra-light","status":"publish","type":"product","link":"https:\/\/directionpeche.tn\/?product=moulinet-trabucco-castforce-xt-beach-5500-ultra-light","title":{"rendered":"MOULINET TRABUCCO CASTFORCE XT BEACH 5500 ULTRA LIGHT"},"content":{"rendered":"<div>\u00a0Corps et rotor en carbone pur CX High Modulus<\/div>\n<div>\u00a0Roulements \u00e0 billes \u00e9tanches Long Life en acier inoxydable<\/div>\n<div>\u00a0Anti-retour infini<\/div>\n<div>\u00a0Arbre en acier inoxydable \u00e0 section augment\u00e9e<\/div>\n<div>\u00a0Enroulement crois\u00e9 (arbre \u00e0 vis sans fin)<\/div>\n<div>\u00a0Oscillation verticale lente du moulinet<\/div>\n<div>\u00a0Frein avant Smart Drag \u00e0 d\u00e9gagement rapide<\/div>\n<div>\u00a0Disques d&#8217;embrayage rev\u00eatus de PTFE pour un d\u00e9marrage exceptionnel<\/div>\n<div>\u00a0Bobine en aluminium de qualit\u00e9 a\u00e9rospatiale, all\u00e9g\u00e9e par des trous<\/div>\n<div>\u00a01 bobine en aluminium suppl\u00e9mentaire<\/div>\n<div>\u00a0Bandeau \u00e0 section augment\u00e9e (Powerbail)<\/div>\n<div>\u00a0Rouleau de ligne anti-torsion en titane<\/div>\n<div>\u00a0Poign\u00e9e en aluminium usin\u00e9 avec bouton ergonomique<\/div>\n","protected":false},"excerpt":{"rendered":"<p>\u00a0Corps et rotor en carbone pur CX High Modulus \u00a0Roulements \u00e0 billes \u00e9tanches Long Life en acier inoxydable \u00a0Anti-retour infini<\/p>\n","protected":false},"featured_media":1978,"comment_status":"open","ping_status":"closed","template":"","meta":[],"product_brand":[],"product_cat":[79],"product_tag":[],"class_list":{"0":"post-1976","1":"product","2":"type-product","3":"status-publish","4":"has-post-thumbnail","6":"product_cat-moulinetssurfcasting","8":"first","9":"instock","10":"taxable","11":"shipping-taxable","12":"purchasable","13":"product-type-simple"},"jetpack_sharing_enabled":true,"_links":{"self":[{"href":"https:\/\/directionpeche.tn\/index.php?rest_route=\/wp\/v2\/product\/1976","targetHints":{"allow":["GET"]}}],"collection":[{"href":"https:\/\/directionpeche.tn\/index.php?rest_route=\/wp\/v2\/product"}],"about":[{"href":"https:\/\/directionpeche.tn\/index.php?rest_route=\/wp\/v2\/types\/product"}],"replies":[{"embeddable":true,"href":"https:\/\/directionpeche.tn\/index.php?rest_route=%2Fwp%2Fv2%2Fcomments&post=1976"}],"version-history":[{"count":1,"href":"https:\/\/directionpeche.tn\/index.php?rest_route=\/wp\/v2\/product\/1976\/revisions"}],"predecessor-version":[{"id":1979,"href":"https:\/\/directionpeche.tn\/index.php?rest_route=\/wp\/v2\/product\/1976\/revisions\/1979"}],"wp:featuredmedia":[{"embeddable":true,"href":"https:\/\/directionpeche.tn\/index.php?rest_route=\/wp\/v2\/media\/1978"}],"wp:attachment":[{"href":"https:\/\/directionpeche.tn\/index.php?rest_route=%2Fwp%2Fv2%2Fmedia&parent=1976"}],"wp:term":[{"taxonomy":"product_brand","embeddable":true,"href":"https:\/\/directionpeche.tn\/index.php?rest_route=%2Fwp%2Fv2%2Fproduct_brand&post=1976"},{"taxonomy":"product_cat","embeddable":true,"href":"https:\/\/directionpeche.tn\/index.php?rest_route=%2Fwp%2Fv2%2Fproduct_cat&post=1976"},{"taxonomy":"product_tag","embeddable":true,"href":"https:\/\/directionpeche.tn\/index.php?rest_route=%2Fwp%2Fv2%2Fproduct_tag&post=1976"}],"curies":[{"name":"wp","href":"https:\/\/api.w.org\/{rel}","templated":true}]}}