{"id":1980,"date":"2024-05-14T14:27:12","date_gmt":"2024-05-14T14:27:12","guid":{"rendered":"https:\/\/directionpeche.tn\/?post_type=product&#038;p=1980"},"modified":"2024-05-14T14:35:39","modified_gmt":"2024-05-14T14:35:39","slug":"moulinet-trabucco-castforce-srt-8000","status":"publish","type":"product","link":"https:\/\/directionpeche.tn\/?product=moulinet-trabucco-castforce-srt-8000","title":{"rendered":"MOULINET TRABUCCO CASTFORCE SRT 8000"},"content":{"rendered":"<div><strong>\u2022 Corps et rotor en graphite durci X-Tra Tough<\/strong><\/div>\n<div><strong>\u00a0<\/strong><\/div>\n<div><strong>\u2022 Roulements \u00e0 billes en acier inoxydable scell\u00e9s Long Life<\/strong><\/div>\n<div><strong>\u00a0<\/strong><\/div>\n<div><strong>\u2022 Anti-retour infini<\/strong><\/div>\n<div><strong>\u00a0<\/strong><\/div>\n<div><strong>\u2022 Arbre en acier inoxydable \u00e0 section augment\u00e9e<\/strong><\/div>\n<div><strong>\u00a0<\/strong><\/div>\n<div><strong>\u2022 Arbre \u00e0 vis sans fin<\/strong><\/div>\n<div><strong>\u00a0<\/strong><\/div>\n<div><strong>\u2022 Oscillation verticale lente de la bobine<\/strong><\/div>\n<div><strong>\u00a0<\/strong><\/div>\n<div><strong>\u2022 Glissement avant Smart Drag \u00e0 fermeture rapide<\/strong><\/div>\n<div><strong>\u00a0<\/strong><\/div>\n<div><strong>\u2022 Disques d&#8217;embrayage rev\u00eatus de PTFE pour une traction exceptionnelle<\/strong><\/div>\n<div><strong>\u00a0<\/strong><\/div>\n<div><strong>\u2022 Bobine en aluminium de qualit\u00e9 a\u00e9rospatiale, all\u00e9g\u00e9e par des trous<\/strong><\/div>\n<div><strong>\u00a0<\/strong><\/div>\n<div><strong>\u2022 2x bobines PTFE suppl\u00e9mentaires<\/strong><\/div>\n<div><strong>\u00a0<\/strong><\/div>\n<div><strong>\u2022 Bandeau avec section augment\u00e9e (Powerbail)<\/strong><\/div>\n<div><strong>\u00a0<\/strong><\/div>\n<div><strong>\u2022 Rouleau guide-fil en titane anti-torsion<\/strong><\/div>\n<div><strong>\u00a0<\/strong><\/div>\n<div><strong>\u2022 Manche en aluminium tourn\u00e9 avec bouton ergonomique<\/strong><\/div>\n<div><strong>\u00a0<\/strong><\/div>\n<div><strong>Castforce SRT est \u00e9quip\u00e9 de deux bobines PTFE suppl\u00e9mentaires, de couleur diff\u00e9rente, ultral\u00e9g\u00e8res et de m\u00eame capacit\u00e9 que la bobine principale en aluminium.<\/strong><\/div>\n","protected":false},"excerpt":{"rendered":"<p>\u2022 Corps et rotor en graphite durci X-Tra Tough \u00a0 \u2022 Roulements \u00e0 billes en acier inoxydable scell\u00e9s Long Life<\/p>\n","protected":false},"featured_media":1994,"comment_status":"open","ping_status":"closed","template":"","meta":[],"product_brand":[],"product_cat":[79],"product_tag":[],"class_list":{"0":"post-1980","1":"product","2":"type-product","3":"status-publish","4":"has-post-thumbnail","6":"product_cat-moulinetssurfcasting","8":"first","9":"instock","10":"taxable","11":"shipping-taxable","12":"purchasable","13":"product-type-simple"},"jetpack_sharing_enabled":true,"_links":{"self":[{"href":"https:\/\/directionpeche.tn\/index.php?rest_route=\/wp\/v2\/product\/1980","targetHints":{"allow":["GET"]}}],"collection":[{"href":"https:\/\/directionpeche.tn\/index.php?rest_route=\/wp\/v2\/product"}],"about":[{"href":"https:\/\/directionpeche.tn\/index.php?rest_route=\/wp\/v2\/types\/product"}],"replies":[{"embeddable":true,"href":"https:\/\/directionpeche.tn\/index.php?rest_route=%2Fwp%2Fv2%2Fcomments&post=1980"}],"version-history":[{"count":2,"href":"https:\/\/directionpeche.tn\/index.php?rest_route=\/wp\/v2\/product\/1980\/revisions"}],"predecessor-version":[{"id":1998,"href":"https:\/\/directionpeche.tn\/index.php?rest_route=\/wp\/v2\/product\/1980\/revisions\/1998"}],"wp:featuredmedia":[{"embeddable":true,"href":"https:\/\/directionpeche.tn\/index.php?rest_route=\/wp\/v2\/media\/1994"}],"wp:attachment":[{"href":"https:\/\/directionpeche.tn\/index.php?rest_route=%2Fwp%2Fv2%2Fmedia&parent=1980"}],"wp:term":[{"taxonomy":"product_brand","embeddable":true,"href":"https:\/\/directionpeche.tn\/index.php?rest_route=%2Fwp%2Fv2%2Fproduct_brand&post=1980"},{"taxonomy":"product_cat","embeddable":true,"href":"https:\/\/directionpeche.tn\/index.php?rest_route=%2Fwp%2Fv2%2Fproduct_cat&post=1980"},{"taxonomy":"product_tag","embeddable":true,"href":"https:\/\/directionpeche.tn\/index.php?rest_route=%2Fwp%2Fv2%2Fproduct_tag&post=1980"}],"curies":[{"name":"wp","href":"https:\/\/api.w.org\/{rel}","templated":true}]}}