{"id":1997,"date":"2024-05-14T14:48:06","date_gmt":"2024-05-14T14:48:06","guid":{"rendered":"https:\/\/directionpeche.tn\/?post_type=product&#038;p=1997"},"modified":"2024-05-17T13:35:32","modified_gmt":"2024-05-17T13:35:32","slug":"hamecon-hisashi-11028","status":"publish","type":"product","link":"https:\/\/directionpeche.tn\/?product=hamecon-hisashi-11028","title":{"rendered":"HAME\u00c7ON TRABUCCO HISASHI 11028"},"content":{"rendered":"<p id=\"tw-target-text\" class=\"tw-data-text tw-text-large tw-ta\" dir=\"ltr\" data-placeholder=\"Translation\" aria-label=\"Translated text\" data-ved=\"2ahUKEwjtifmIro2GAxWCUaQEHeanB8cQ3ewLegQIBRAU\"><span class=\"Y2IQFc\" lang=\"fr\">Cet hame\u00e7on a \u00e9t\u00e9 con\u00e7u pour p\u00eacher principalement aux app\u00e2ts vivants le Dentex et autres grands pr\u00e9dateurs marins. La pointe est extr\u00eamement tranchante, tiges forg\u00e9es, finition nickel noir. Encercl\u00e9<\/span><\/p>\n","protected":false},"excerpt":{"rendered":"<p>Cet hame\u00e7on a \u00e9t\u00e9 con\u00e7u pour p\u00eacher principalement aux app\u00e2ts vivants le Dentex et autres grands pr\u00e9dateurs marins. La pointe<\/p>\n","protected":false},"featured_media":2004,"comment_status":"open","ping_status":"closed","template":"","meta":[],"product_brand":[],"product_cat":[32,75],"product_tag":[],"class_list":{"0":"post-1997","1":"product","2":"type-product","3":"status-publish","4":"has-post-thumbnail","6":"product_cat-bateau","7":"product_cat-hamecons","9":"first","10":"instock","11":"taxable","12":"shipping-taxable","13":"purchasable","14":"product-type-variable"},"jetpack_sharing_enabled":true,"_links":{"self":[{"href":"https:\/\/directionpeche.tn\/index.php?rest_route=\/wp\/v2\/product\/1997","targetHints":{"allow":["GET"]}}],"collection":[{"href":"https:\/\/directionpeche.tn\/index.php?rest_route=\/wp\/v2\/product"}],"about":[{"href":"https:\/\/directionpeche.tn\/index.php?rest_route=\/wp\/v2\/types\/product"}],"replies":[{"embeddable":true,"href":"https:\/\/directionpeche.tn\/index.php?rest_route=%2Fwp%2Fv2%2Fcomments&post=1997"}],"version-history":[{"count":3,"href":"https:\/\/directionpeche.tn\/index.php?rest_route=\/wp\/v2\/product\/1997\/revisions"}],"predecessor-version":[{"id":2054,"href":"https:\/\/directionpeche.tn\/index.php?rest_route=\/wp\/v2\/product\/1997\/revisions\/2054"}],"wp:featuredmedia":[{"embeddable":true,"href":"https:\/\/directionpeche.tn\/index.php?rest_route=\/wp\/v2\/media\/2004"}],"wp:attachment":[{"href":"https:\/\/directionpeche.tn\/index.php?rest_route=%2Fwp%2Fv2%2Fmedia&parent=1997"}],"wp:term":[{"taxonomy":"product_brand","embeddable":true,"href":"https:\/\/directionpeche.tn\/index.php?rest_route=%2Fwp%2Fv2%2Fproduct_brand&post=1997"},{"taxonomy":"product_cat","embeddable":true,"href":"https:\/\/directionpeche.tn\/index.php?rest_route=%2Fwp%2Fv2%2Fproduct_cat&post=1997"},{"taxonomy":"product_tag","embeddable":true,"href":"https:\/\/directionpeche.tn\/index.php?rest_route=%2Fwp%2Fv2%2Fproduct_tag&post=1997"}],"curies":[{"name":"wp","href":"https:\/\/api.w.org\/{rel}","templated":true}]}}