{"id":2017,"date":"2024-05-14T15:11:31","date_gmt":"2024-05-14T15:11:31","guid":{"rendered":"https:\/\/directionpeche.tn\/?post_type=product&#038;p=2017"},"modified":"2026-01-10T10:02:01","modified_gmt":"2026-01-10T10:02:01","slug":"payao-50825","status":"publish","type":"product","link":"https:\/\/directionpeche.tn\/?product=payao-50825","title":{"rendered":"HAME\u00c7ON TRABUCCO PAYAO 50825"},"content":{"rendered":"<p id=\"tw-target-text\" class=\"tw-data-text tw-text-large tw-ta\" dir=\"ltr\" data-placeholder=\"Translation\" aria-label=\"Translated text\" data-ved=\"2ahUKEwjpsZqrtY2GAxUBUaQEHXwYA6IQ3ewLegQIBRAU\"><span class=\"Y2IQFc\" lang=\"fr\">Crochet en acier inoxydable \u00e9tam\u00e9 double renforc\u00e9 selon le standard Payao. Extr\u00eamement solide et fiable. Con\u00e7u pour la p\u00eache \u00e0 la tra\u00eene et \u00e0 la d\u00e9rive aux app\u00e2ts vivants extr\u00eames. Cercl\u00e9, couleur : \u00c9tain.<\/span><\/p>\n","protected":false},"excerpt":{"rendered":"<p>Crochet en acier inoxydable \u00e9tam\u00e9 double renforc\u00e9 selon le standard Payao. Extr\u00eamement solide et fiable. Con\u00e7u pour la p\u00eache \u00e0<\/p>\n","protected":false},"featured_media":2036,"comment_status":"open","ping_status":"closed","template":"","meta":[],"product_brand":[],"product_cat":[32,75],"product_tag":[],"class_list":{"0":"post-2017","1":"product","2":"type-product","3":"status-publish","4":"has-post-thumbnail","6":"product_cat-bateau","7":"product_cat-hamecons","9":"first","10":"instock","11":"taxable","12":"shipping-taxable","13":"purchasable","14":"product-type-variable"},"jetpack_sharing_enabled":true,"_links":{"self":[{"href":"https:\/\/directionpeche.tn\/index.php?rest_route=\/wp\/v2\/product\/2017","targetHints":{"allow":["GET"]}}],"collection":[{"href":"https:\/\/directionpeche.tn\/index.php?rest_route=\/wp\/v2\/product"}],"about":[{"href":"https:\/\/directionpeche.tn\/index.php?rest_route=\/wp\/v2\/types\/product"}],"replies":[{"embeddable":true,"href":"https:\/\/directionpeche.tn\/index.php?rest_route=%2Fwp%2Fv2%2Fcomments&post=2017"}],"version-history":[{"count":2,"href":"https:\/\/directionpeche.tn\/index.php?rest_route=\/wp\/v2\/product\/2017\/revisions"}],"predecessor-version":[{"id":2053,"href":"https:\/\/directionpeche.tn\/index.php?rest_route=\/wp\/v2\/product\/2017\/revisions\/2053"}],"wp:featuredmedia":[{"embeddable":true,"href":"https:\/\/directionpeche.tn\/index.php?rest_route=\/wp\/v2\/media\/2036"}],"wp:attachment":[{"href":"https:\/\/directionpeche.tn\/index.php?rest_route=%2Fwp%2Fv2%2Fmedia&parent=2017"}],"wp:term":[{"taxonomy":"product_brand","embeddable":true,"href":"https:\/\/directionpeche.tn\/index.php?rest_route=%2Fwp%2Fv2%2Fproduct_brand&post=2017"},{"taxonomy":"product_cat","embeddable":true,"href":"https:\/\/directionpeche.tn\/index.php?rest_route=%2Fwp%2Fv2%2Fproduct_cat&post=2017"},{"taxonomy":"product_tag","embeddable":true,"href":"https:\/\/directionpeche.tn\/index.php?rest_route=%2Fwp%2Fv2%2Fproduct_tag&post=2017"}],"curies":[{"name":"wp","href":"https:\/\/api.w.org\/{rel}","templated":true}]}}