{"id":2026,"date":"2024-05-14T15:04:16","date_gmt":"2024-05-14T15:04:16","guid":{"rendered":"https:\/\/directionpeche.tn\/?post_type=product&#038;p=2026"},"modified":"2024-05-14T15:04:45","modified_gmt":"2024-05-14T15:04:45","slug":"moulinet-trabucco-mito","status":"publish","type":"product","link":"https:\/\/directionpeche.tn\/?product=moulinet-trabucco-mito","title":{"rendered":"MOULINET TRABUCCO MITO XLT"},"content":{"rendered":"<div>\u2022 5 roulements du syst\u00e8me longue dur\u00e9e<\/div>\n<div>\u2022 1 roulement \u00e0 rouleaux unidirectionnel<\/div>\n<div>\u2022 Antid\u00e9vireur infini \u00e0 embrayage unidirectionnel<\/div>\n<div>\u2022 Embrayage avant microm\u00e9trique avec disques surdimensionn\u00e9s<\/div>\n<div>\u2022 Bobine Long Cast Superlight en aluminium d\u00e9coup\u00e9 \u00e0 la machine CNC<\/div>\n<div>\u2022 Roll AS (syst\u00e8me anti-torsion)<\/div>\n<div>\u2022 Poign\u00e9e \u00ab\u00a0Power Fight\u00a0\u00bb en aluminium<\/div>\n<div>\u2022 Bouton ergonomique \u00ab\u00a0Soft Touch\u00a0\u00bb<\/div>\n<div>\u2022 Bobine de rechange en graphite<\/div>\n","protected":false},"excerpt":{"rendered":"<p>\u2022 5 roulements du syst\u00e8me longue dur\u00e9e \u2022 1 roulement \u00e0 rouleaux unidirectionnel \u2022 Antid\u00e9vireur infini \u00e0 embrayage unidirectionnel \u2022<\/p>\n","protected":false},"featured_media":2027,"comment_status":"open","ping_status":"closed","template":"","meta":[],"product_brand":[],"product_cat":[88,163],"product_tag":[],"class_list":{"0":"post-2026","1":"product","2":"type-product","3":"status-publish","4":"has-post-thumbnail","6":"product_cat-moulinets","7":"product_cat-moulinets-spinning","9":"first","10":"instock","11":"taxable","12":"shipping-taxable","13":"purchasable","14":"product-type-variable"},"jetpack_sharing_enabled":true,"_links":{"self":[{"href":"https:\/\/directionpeche.tn\/index.php?rest_route=\/wp\/v2\/product\/2026","targetHints":{"allow":["GET"]}}],"collection":[{"href":"https:\/\/directionpeche.tn\/index.php?rest_route=\/wp\/v2\/product"}],"about":[{"href":"https:\/\/directionpeche.tn\/index.php?rest_route=\/wp\/v2\/types\/product"}],"replies":[{"embeddable":true,"href":"https:\/\/directionpeche.tn\/index.php?rest_route=%2Fwp%2Fv2%2Fcomments&post=2026"}],"version-history":[{"count":2,"href":"https:\/\/directionpeche.tn\/index.php?rest_route=\/wp\/v2\/product\/2026\/revisions"}],"predecessor-version":[{"id":2032,"href":"https:\/\/directionpeche.tn\/index.php?rest_route=\/wp\/v2\/product\/2026\/revisions\/2032"}],"wp:featuredmedia":[{"embeddable":true,"href":"https:\/\/directionpeche.tn\/index.php?rest_route=\/wp\/v2\/media\/2027"}],"wp:attachment":[{"href":"https:\/\/directionpeche.tn\/index.php?rest_route=%2Fwp%2Fv2%2Fmedia&parent=2026"}],"wp:term":[{"taxonomy":"product_brand","embeddable":true,"href":"https:\/\/directionpeche.tn\/index.php?rest_route=%2Fwp%2Fv2%2Fproduct_brand&post=2026"},{"taxonomy":"product_cat","embeddable":true,"href":"https:\/\/directionpeche.tn\/index.php?rest_route=%2Fwp%2Fv2%2Fproduct_cat&post=2026"},{"taxonomy":"product_tag","embeddable":true,"href":"https:\/\/directionpeche.tn\/index.php?rest_route=%2Fwp%2Fv2%2Fproduct_tag&post=2026"}],"curies":[{"name":"wp","href":"https:\/\/api.w.org\/{rel}","templated":true}]}}