{"id":2079,"date":"2024-05-14T17:03:04","date_gmt":"2024-05-14T17:03:04","guid":{"rendered":"https:\/\/directionpeche.tn\/?post_type=product&#038;p=2079"},"modified":"2025-06-28T09:29:14","modified_gmt":"2025-06-28T09:29:14","slug":"canne-trabucco-achab-xp-boat","status":"publish","type":"product","link":"https:\/\/directionpeche.tn\/?product=canne-trabucco-achab-xp-boat","title":{"rendered":"CANNE TRABUCCO ACHAB XP BOAT"},"content":{"rendered":"<ul>\n<li>Blank en deux brins en HVE (High Volume Epx-Fibre)<\/li>\n<li>Action progressive et puissante<\/li>\n<li>Scion d\u00e9doubl\u00e9 avec pointe en E-Glass extremement robuste et sensible<\/li>\n<li>Assemblement put-in et brins renforc\u00e9s<\/li>\n<li>Anneaux SiC bipatte et monopatte en acier trait\u00e9s contre la corrosion<\/li>\n<li>Poign\u00e9e d\u00e9doubl\u00e9e en EVA pour une prise facilit\u00e9e<\/li>\n<li>Porte-moulinet \u00e0 vis en graphite et acier \u00ab\u00a0Contact Point\u00a0\u00bb<\/li>\n<\/ul>\n","protected":false},"excerpt":{"rendered":"<p>Blank en deux brins en HVE (High Volume Epx-Fibre) Action progressive et puissante Scion d\u00e9doubl\u00e9 avec pointe en E-Glass extremement<\/p>\n","protected":false},"featured_media":2080,"comment_status":"open","ping_status":"closed","template":"","meta":[],"product_brand":[],"product_cat":[71],"product_tag":[],"class_list":{"0":"post-2079","1":"product","2":"type-product","3":"status-publish","4":"has-post-thumbnail","6":"product_cat-cannes","8":"first","9":"instock","10":"taxable","11":"shipping-taxable","12":"purchasable","13":"product-type-variable"},"jetpack_sharing_enabled":true,"_links":{"self":[{"href":"https:\/\/directionpeche.tn\/index.php?rest_route=\/wp\/v2\/product\/2079","targetHints":{"allow":["GET"]}}],"collection":[{"href":"https:\/\/directionpeche.tn\/index.php?rest_route=\/wp\/v2\/product"}],"about":[{"href":"https:\/\/directionpeche.tn\/index.php?rest_route=\/wp\/v2\/types\/product"}],"replies":[{"embeddable":true,"href":"https:\/\/directionpeche.tn\/index.php?rest_route=%2Fwp%2Fv2%2Fcomments&post=2079"}],"version-history":[{"count":1,"href":"https:\/\/directionpeche.tn\/index.php?rest_route=\/wp\/v2\/product\/2079\/revisions"}],"predecessor-version":[{"id":2084,"href":"https:\/\/directionpeche.tn\/index.php?rest_route=\/wp\/v2\/product\/2079\/revisions\/2084"}],"wp:featuredmedia":[{"embeddable":true,"href":"https:\/\/directionpeche.tn\/index.php?rest_route=\/wp\/v2\/media\/2080"}],"wp:attachment":[{"href":"https:\/\/directionpeche.tn\/index.php?rest_route=%2Fwp%2Fv2%2Fmedia&parent=2079"}],"wp:term":[{"taxonomy":"product_brand","embeddable":true,"href":"https:\/\/directionpeche.tn\/index.php?rest_route=%2Fwp%2Fv2%2Fproduct_brand&post=2079"},{"taxonomy":"product_cat","embeddable":true,"href":"https:\/\/directionpeche.tn\/index.php?rest_route=%2Fwp%2Fv2%2Fproduct_cat&post=2079"},{"taxonomy":"product_tag","embeddable":true,"href":"https:\/\/directionpeche.tn\/index.php?rest_route=%2Fwp%2Fv2%2Fproduct_tag&post=2079"}],"curies":[{"name":"wp","href":"https:\/\/api.w.org\/{rel}","templated":true}]}}