{"id":2093,"date":"2024-05-14T17:44:43","date_gmt":"2024-05-14T17:44:43","guid":{"rendered":"https:\/\/directionpeche.tn\/?post_type=product&#038;p=2093"},"modified":"2024-05-14T17:44:43","modified_gmt":"2024-05-14T17:44:43","slug":"canne-trabucco-pulse-bolentino","status":"publish","type":"product","link":"https:\/\/directionpeche.tn\/?product=canne-trabucco-pulse-bolentino","title":{"rendered":"CANNE TRABUCCO PULSE BOLENTINO"},"content":{"rendered":"<div>\u2022 S\u00e9rie con\u00e7ue pour la p\u00eache de fond et la d\u00e9rive l\u00e9g\u00e8re<\/div>\n<div>\u2022 Pointe fendue avec pointe E-Glass d&rsquo;une grande r\u00e9sistance et d&rsquo;une grande sensibilit\u00e9<\/div>\n<div>\u2022 Pose sur joint avec renforts structuraux sur les deux sections<\/div>\n<div>\u2022 Double poign\u00e9e en EVA avec poign\u00e9e avant profil\u00e9e<\/div>\n<div>\u2022 Porte-moulinet ergonomique \u00e0 vis en graphite pour accueillir de gros moulinets<\/div>\n","protected":false},"excerpt":{"rendered":"<p>\u2022 S\u00e9rie con\u00e7ue pour la p\u00eache de fond et la d\u00e9rive l\u00e9g\u00e8re \u2022 Pointe fendue avec pointe E-Glass d&rsquo;une grande<\/p>\n","protected":false},"featured_media":2096,"comment_status":"open","ping_status":"closed","template":"","meta":[],"product_brand":[],"product_cat":[71,162],"product_tag":[],"class_list":{"0":"post-2093","1":"product","2":"type-product","3":"status-publish","4":"has-post-thumbnail","6":"product_cat-cannes","7":"product_cat-cannes-spinning","9":"first","10":"instock","11":"taxable","12":"shipping-taxable","13":"purchasable","14":"product-type-variable"},"jetpack_sharing_enabled":true,"_links":{"self":[{"href":"https:\/\/directionpeche.tn\/index.php?rest_route=\/wp\/v2\/product\/2093","targetHints":{"allow":["GET"]}}],"collection":[{"href":"https:\/\/directionpeche.tn\/index.php?rest_route=\/wp\/v2\/product"}],"about":[{"href":"https:\/\/directionpeche.tn\/index.php?rest_route=\/wp\/v2\/types\/product"}],"replies":[{"embeddable":true,"href":"https:\/\/directionpeche.tn\/index.php?rest_route=%2Fwp%2Fv2%2Fcomments&post=2093"}],"version-history":[{"count":1,"href":"https:\/\/directionpeche.tn\/index.php?rest_route=\/wp\/v2\/product\/2093\/revisions"}],"predecessor-version":[{"id":2099,"href":"https:\/\/directionpeche.tn\/index.php?rest_route=\/wp\/v2\/product\/2093\/revisions\/2099"}],"wp:featuredmedia":[{"embeddable":true,"href":"https:\/\/directionpeche.tn\/index.php?rest_route=\/wp\/v2\/media\/2096"}],"wp:attachment":[{"href":"https:\/\/directionpeche.tn\/index.php?rest_route=%2Fwp%2Fv2%2Fmedia&parent=2093"}],"wp:term":[{"taxonomy":"product_brand","embeddable":true,"href":"https:\/\/directionpeche.tn\/index.php?rest_route=%2Fwp%2Fv2%2Fproduct_brand&post=2093"},{"taxonomy":"product_cat","embeddable":true,"href":"https:\/\/directionpeche.tn\/index.php?rest_route=%2Fwp%2Fv2%2Fproduct_cat&post=2093"},{"taxonomy":"product_tag","embeddable":true,"href":"https:\/\/directionpeche.tn\/index.php?rest_route=%2Fwp%2Fv2%2Fproduct_tag&post=2093"}],"curies":[{"name":"wp","href":"https:\/\/api.w.org\/{rel}","templated":true}]}}