{"id":2102,"date":"2024-05-15T10:50:52","date_gmt":"2024-05-15T10:50:52","guid":{"rendered":"https:\/\/directionpeche.tn\/?post_type=product&#038;p=2102"},"modified":"2024-05-15T10:56:11","modified_gmt":"2024-05-15T10:56:11","slug":"akura-200ny","status":"publish","type":"product","link":"https:\/\/directionpeche.tn\/?product=akura-200ny","title":{"rendered":"HAME\u00c7ONS TRABUCCO AKURA 200NY"},"content":{"rendered":"<p>Fil rond avec tige longue, courbure sp\u00e9ciale anti-\u00e9lagage, pointe d\u2019aiguille chimiquement tranchante et micro Barb avec \u00e9tanch\u00e9it\u00e9 \u00e9lev\u00e9e. Con\u00e7u pour la p\u00eache \u00e0 la truite et aux poissons difficiles.<\/p>\n","protected":false},"excerpt":{"rendered":"<p>Con\u00e7u pour la p\u00eache \u00e0 la truite et aux poissons difficiles<\/p>\n","protected":false},"featured_media":2103,"comment_status":"open","ping_status":"closed","template":"","meta":[],"product_brand":[],"product_cat":[32,75,81,22],"product_tag":[],"class_list":{"0":"post-2102","1":"product","2":"type-product","3":"status-publish","4":"has-post-thumbnail","6":"product_cat-bateau","7":"product_cat-hamecons","8":"product_cat-hamecons-surfcasting","9":"product_cat-surfcasting","11":"first","12":"instock","13":"taxable","14":"shipping-taxable","15":"purchasable","16":"product-type-variable"},"jetpack_sharing_enabled":true,"_links":{"self":[{"href":"https:\/\/directionpeche.tn\/index.php?rest_route=\/wp\/v2\/product\/2102","targetHints":{"allow":["GET"]}}],"collection":[{"href":"https:\/\/directionpeche.tn\/index.php?rest_route=\/wp\/v2\/product"}],"about":[{"href":"https:\/\/directionpeche.tn\/index.php?rest_route=\/wp\/v2\/types\/product"}],"replies":[{"embeddable":true,"href":"https:\/\/directionpeche.tn\/index.php?rest_route=%2Fwp%2Fv2%2Fcomments&post=2102"}],"version-history":[{"count":3,"href":"https:\/\/directionpeche.tn\/index.php?rest_route=\/wp\/v2\/product\/2102\/revisions"}],"predecessor-version":[{"id":2114,"href":"https:\/\/directionpeche.tn\/index.php?rest_route=\/wp\/v2\/product\/2102\/revisions\/2114"}],"wp:featuredmedia":[{"embeddable":true,"href":"https:\/\/directionpeche.tn\/index.php?rest_route=\/wp\/v2\/media\/2103"}],"wp:attachment":[{"href":"https:\/\/directionpeche.tn\/index.php?rest_route=%2Fwp%2Fv2%2Fmedia&parent=2102"}],"wp:term":[{"taxonomy":"product_brand","embeddable":true,"href":"https:\/\/directionpeche.tn\/index.php?rest_route=%2Fwp%2Fv2%2Fproduct_brand&post=2102"},{"taxonomy":"product_cat","embeddable":true,"href":"https:\/\/directionpeche.tn\/index.php?rest_route=%2Fwp%2Fv2%2Fproduct_cat&post=2102"},{"taxonomy":"product_tag","embeddable":true,"href":"https:\/\/directionpeche.tn\/index.php?rest_route=%2Fwp%2Fv2%2Fproduct_tag&post=2102"}],"curies":[{"name":"wp","href":"https:\/\/api.w.org\/{rel}","templated":true}]}}