{"id":2117,"date":"2024-05-15T11:10:02","date_gmt":"2024-05-15T11:10:02","guid":{"rendered":"https:\/\/directionpeche.tn\/?post_type=product&#038;p=2117"},"modified":"2024-05-15T11:10:02","modified_gmt":"2024-05-15T11:10:02","slug":"canne-trabucco-pulse-max-deep-2-70m-400gr","status":"publish","type":"product","link":"https:\/\/directionpeche.tn\/?product=canne-trabucco-pulse-max-deep-2-70m-400gr","title":{"rendered":"CANNE TRABUCCO PULSE MAX DEEP 2.70M 400GR"},"content":{"rendered":"<h5 id=\"tw-target-text\" class=\"tw-data-text tw-text-large tw-ta\" dir=\"ltr\" data-placeholder=\"Traduction\" aria-label=\"Texte traduit\" data-ved=\"2ahUKEwiwkovvwY-GAxX2SPEDHU3nAmYQ3ewLegQIAxAU\"><span class=\"Y2IQFc\" lang=\"fr\">S\u00e9rie polyvalente de cannes \u00e0 deux sections qui peuvent \u00eatre utilis\u00e9es de mani\u00e8re optimale dans deux sc\u00e9narios de p\u00eache distincts. L&rsquo;action sup\u00e9rieure et la r\u00e9serve de puissance remarquable sont parfaites pour la p\u00eache de la carpe dans les petits canaux ou depuis un bateau, mais aussi pour la p\u00eache du silure ou des rapaces aux app\u00e2ts vivants. L&rsquo;extr\u00e9mit\u00e9 du dos est caoutchout\u00e9e, le support du moulinet sur le fil, les anneaux SIC, le blank Carbon CX 1 Micro-Pitch, plus deux embouts interchangeables en fibre de verre \u00e0 actions diverses pour une sensibilit\u00e9 correcte selon le poisson cibl\u00e9. et r\u00e9sistant, avec des finitions de bonne facture, capable de lancer avec 400 gr<\/span><\/h5>\n","protected":false},"excerpt":{"rendered":"<p>S\u00e9rie polyvalente de cannes \u00e0 deux sections qui peuvent \u00eatre utilis\u00e9es de mani\u00e8re optimale dans deux sc\u00e9narios de p\u00eache distincts.<\/p>\n","protected":false},"featured_media":2123,"comment_status":"open","ping_status":"closed","template":"","meta":[],"product_brand":[],"product_cat":[32,71,162,28],"product_tag":[],"class_list":{"0":"post-2117","1":"product","2":"type-product","3":"status-publish","4":"has-post-thumbnail","6":"product_cat-bateau","7":"product_cat-cannes","8":"product_cat-cannes-spinning","9":"product_cat-spinning","11":"first","12":"instock","13":"taxable","14":"shipping-taxable","15":"purchasable","16":"product-type-simple"},"jetpack_sharing_enabled":true,"_links":{"self":[{"href":"https:\/\/directionpeche.tn\/index.php?rest_route=\/wp\/v2\/product\/2117","targetHints":{"allow":["GET"]}}],"collection":[{"href":"https:\/\/directionpeche.tn\/index.php?rest_route=\/wp\/v2\/product"}],"about":[{"href":"https:\/\/directionpeche.tn\/index.php?rest_route=\/wp\/v2\/types\/product"}],"replies":[{"embeddable":true,"href":"https:\/\/directionpeche.tn\/index.php?rest_route=%2Fwp%2Fv2%2Fcomments&post=2117"}],"version-history":[{"count":1,"href":"https:\/\/directionpeche.tn\/index.php?rest_route=\/wp\/v2\/product\/2117\/revisions"}],"predecessor-version":[{"id":2124,"href":"https:\/\/directionpeche.tn\/index.php?rest_route=\/wp\/v2\/product\/2117\/revisions\/2124"}],"wp:featuredmedia":[{"embeddable":true,"href":"https:\/\/directionpeche.tn\/index.php?rest_route=\/wp\/v2\/media\/2123"}],"wp:attachment":[{"href":"https:\/\/directionpeche.tn\/index.php?rest_route=%2Fwp%2Fv2%2Fmedia&parent=2117"}],"wp:term":[{"taxonomy":"product_brand","embeddable":true,"href":"https:\/\/directionpeche.tn\/index.php?rest_route=%2Fwp%2Fv2%2Fproduct_brand&post=2117"},{"taxonomy":"product_cat","embeddable":true,"href":"https:\/\/directionpeche.tn\/index.php?rest_route=%2Fwp%2Fv2%2Fproduct_cat&post=2117"},{"taxonomy":"product_tag","embeddable":true,"href":"https:\/\/directionpeche.tn\/index.php?rest_route=%2Fwp%2Fv2%2Fproduct_tag&post=2117"}],"curies":[{"name":"wp","href":"https:\/\/api.w.org\/{rel}","templated":true}]}}