{"id":2126,"date":"2024-05-15T11:23:14","date_gmt":"2024-05-15T11:23:14","guid":{"rendered":"https:\/\/directionpeche.tn\/?post_type=product&#038;p=2126"},"modified":"2024-05-15T11:23:15","modified_gmt":"2024-05-15T11:23:15","slug":"canne-trabucco-wizard-spin-2pcs","status":"publish","type":"product","link":"https:\/\/directionpeche.tn\/?product=canne-trabucco-wizard-spin-2pcs","title":{"rendered":"CANNE TRABUCCO WIZARD SPIN 2PCS"},"content":{"rendered":"<p>La canne Trabucco Wizard Spin\u00a0est un excellent choix pour ceux qui s&rsquo;approchent du monde de la p\u00eache au lancer, con\u00e7ue pour garantir d&rsquo;excellentes performances dans les environnements marins et d&rsquo;eau douce.\u00a0Dot\u00e9e d&rsquo;un blank en deux sections en Composite HRC Haute R\u00e9sistance, cette canne offre une combinaison id\u00e9ale entre l\u00e9g\u00e8ret\u00e9, solidit\u00e9 et r\u00e9activit\u00e9.<\/p>\n<p>Pour garantir une plus grande durabilit\u00e9 et des performances optimales, la canne est \u00e9quip\u00e9e d&rsquo;anneaux S-Sic HD nou\u00e9s \u00e0 la main.\u00a0Ces anneaux, en plus d&rsquo;offrir une r\u00e9duction du coefficient de friction, permettent un passage plus fluide du fil lors du lancer et de la r\u00e9cup\u00e9ration, am\u00e9liorant ainsi la distance et la pr\u00e9cision des tirs.<\/p>\n<p>Un autre \u00e9l\u00e9ment cl\u00e9 du Wizard Spin est le porte-moulinet avec des joints m\u00e9talliques.\u00a0Cela garantit une prise ferme et stable du moulinet, offrant une meilleure sensibilit\u00e9 et un meilleur contr\u00f4le des mouvements du poisson captur\u00e9.<\/p>\n<p>Le confort d\u2019utilisation est tout aussi important, et le Trabucco ne d\u00e9\u00e7oit pas non plus sur cet aspect.\u00a0En fait, la poign\u00e9e recouverte d&rsquo;EVA offre une prise douce et antid\u00e9rapante, vous permettant ainsi de passer des heures \u00e0 l&rsquo;ext\u00e9rieur sans trop vous fatiguer.<\/p>\n<p>Caract\u00e9ristiques du produit<\/p>\n<ul>\n<li>Anneaux S-Sic HD attach\u00e9s \u00e0 la main<\/li>\n<li>Porte-moulinet avec \u00e9cailles en m\u00e9tal<\/li>\n<li>Poign\u00e9e recouverte d&rsquo;EVA<\/li>\n<\/ul>\n","protected":false},"excerpt":{"rendered":"<p>La canne Trabucco Wizard Spin\u00a0est un excellent choix pour ceux qui s&rsquo;approchent du monde de la p\u00eache au lancer, con\u00e7ue<\/p>\n","protected":false},"featured_media":2130,"comment_status":"open","ping_status":"closed","template":"","meta":[],"product_brand":[],"product_cat":[162,28],"product_tag":[],"class_list":{"0":"post-2126","1":"product","2":"type-product","3":"status-publish","4":"has-post-thumbnail","6":"product_cat-cannes-spinning","7":"product_cat-spinning","9":"first","10":"instock","11":"taxable","12":"shipping-taxable","13":"purchasable","14":"product-type-variable"},"jetpack_sharing_enabled":true,"_links":{"self":[{"href":"https:\/\/directionpeche.tn\/index.php?rest_route=\/wp\/v2\/product\/2126","targetHints":{"allow":["GET"]}}],"collection":[{"href":"https:\/\/directionpeche.tn\/index.php?rest_route=\/wp\/v2\/product"}],"about":[{"href":"https:\/\/directionpeche.tn\/index.php?rest_route=\/wp\/v2\/types\/product"}],"replies":[{"embeddable":true,"href":"https:\/\/directionpeche.tn\/index.php?rest_route=%2Fwp%2Fv2%2Fcomments&post=2126"}],"version-history":[{"count":1,"href":"https:\/\/directionpeche.tn\/index.php?rest_route=\/wp\/v2\/product\/2126\/revisions"}],"predecessor-version":[{"id":2131,"href":"https:\/\/directionpeche.tn\/index.php?rest_route=\/wp\/v2\/product\/2126\/revisions\/2131"}],"wp:featuredmedia":[{"embeddable":true,"href":"https:\/\/directionpeche.tn\/index.php?rest_route=\/wp\/v2\/media\/2130"}],"wp:attachment":[{"href":"https:\/\/directionpeche.tn\/index.php?rest_route=%2Fwp%2Fv2%2Fmedia&parent=2126"}],"wp:term":[{"taxonomy":"product_brand","embeddable":true,"href":"https:\/\/directionpeche.tn\/index.php?rest_route=%2Fwp%2Fv2%2Fproduct_brand&post=2126"},{"taxonomy":"product_cat","embeddable":true,"href":"https:\/\/directionpeche.tn\/index.php?rest_route=%2Fwp%2Fv2%2Fproduct_cat&post=2126"},{"taxonomy":"product_tag","embeddable":true,"href":"https:\/\/directionpeche.tn\/index.php?rest_route=%2Fwp%2Fv2%2Fproduct_tag&post=2126"}],"curies":[{"name":"wp","href":"https:\/\/api.w.org\/{rel}","templated":true}]}}