{"id":2132,"date":"2024-05-15T11:28:33","date_gmt":"2024-05-15T11:28:33","guid":{"rendered":"https:\/\/directionpeche.tn\/?post_type=product&#038;p=2132"},"modified":"2024-05-15T11:28:34","modified_gmt":"2024-05-15T11:28:34","slug":"canne-trabucco-pulse-spin-master-2-60m-15-40gr","status":"publish","type":"product","link":"https:\/\/directionpeche.tn\/?product=canne-trabucco-pulse-spin-master-2-60m-15-40gr","title":{"rendered":"CANNE TRABUCCO PULSE SPIN MASTER 2.60M 15-40GR"},"content":{"rendered":"<h5 id=\"tw-target-text\" class=\"tw-data-text tw-text-large tw-ta\" dir=\"ltr\" data-placeholder=\"Traduction\" aria-label=\"Texte traduit\" data-ved=\"2ahUKEwiwkovvwY-GAxX2SPEDHU3nAmYQ3ewLegQIAxAU\"><span class=\"Y2IQFc\" lang=\"fr\">\u2022 Canne spinning d\u00e9di\u00e9e \u00e0 la p\u00eache des c\u00e9phalopodes du bord <\/span><\/h5>\n<h5 class=\"tw-data-text tw-text-large tw-ta\" dir=\"ltr\" data-placeholder=\"Traduction\" aria-label=\"Texte traduit\" data-ved=\"2ahUKEwiwkovvwY-GAxX2SPEDHU3nAmYQ3ewLegQIAxAU\"><span class=\"Y2IQFc\" lang=\"fr\">\u2022 Poign\u00e9e fendue en EVA pour une excellente prise en main et un nettoyage facile<\/span><\/h5>\n<h5 class=\"tw-data-text tw-text-large tw-ta\" dir=\"ltr\" data-placeholder=\"Traduction\" aria-label=\"Texte traduit\" data-ved=\"2ahUKEwiwkovvwY-GAxX2SPEDHU3nAmYQ3ewLegQIAxAU\"><span class=\"Y2IQFc\" lang=\"fr\">\u2022 Porte-moulinet \u00e0 vis en graphite avec \u00e9cailles en acier profil\u00e9 en caoutchouc<\/span><\/h5>\n","protected":false},"excerpt":{"rendered":"<p>\u2022 Canne spinning d\u00e9di\u00e9e \u00e0 la p\u00eache des c\u00e9phalopodes du bord \u2022 Poign\u00e9e fendue en EVA pour une excellente prise<\/p>\n","protected":false},"featured_media":2133,"comment_status":"open","ping_status":"closed","template":"","meta":[],"product_brand":[],"product_cat":[162,28],"product_tag":[],"class_list":{"0":"post-2132","1":"product","2":"type-product","3":"status-publish","4":"has-post-thumbnail","6":"product_cat-cannes-spinning","7":"product_cat-spinning","9":"first","10":"instock","11":"taxable","12":"shipping-taxable","13":"purchasable","14":"product-type-simple"},"jetpack_sharing_enabled":true,"_links":{"self":[{"href":"https:\/\/directionpeche.tn\/index.php?rest_route=\/wp\/v2\/product\/2132","targetHints":{"allow":["GET"]}}],"collection":[{"href":"https:\/\/directionpeche.tn\/index.php?rest_route=\/wp\/v2\/product"}],"about":[{"href":"https:\/\/directionpeche.tn\/index.php?rest_route=\/wp\/v2\/types\/product"}],"replies":[{"embeddable":true,"href":"https:\/\/directionpeche.tn\/index.php?rest_route=%2Fwp%2Fv2%2Fcomments&post=2132"}],"version-history":[{"count":1,"href":"https:\/\/directionpeche.tn\/index.php?rest_route=\/wp\/v2\/product\/2132\/revisions"}],"predecessor-version":[{"id":2134,"href":"https:\/\/directionpeche.tn\/index.php?rest_route=\/wp\/v2\/product\/2132\/revisions\/2134"}],"wp:featuredmedia":[{"embeddable":true,"href":"https:\/\/directionpeche.tn\/index.php?rest_route=\/wp\/v2\/media\/2133"}],"wp:attachment":[{"href":"https:\/\/directionpeche.tn\/index.php?rest_route=%2Fwp%2Fv2%2Fmedia&parent=2132"}],"wp:term":[{"taxonomy":"product_brand","embeddable":true,"href":"https:\/\/directionpeche.tn\/index.php?rest_route=%2Fwp%2Fv2%2Fproduct_brand&post=2132"},{"taxonomy":"product_cat","embeddable":true,"href":"https:\/\/directionpeche.tn\/index.php?rest_route=%2Fwp%2Fv2%2Fproduct_cat&post=2132"},{"taxonomy":"product_tag","embeddable":true,"href":"https:\/\/directionpeche.tn\/index.php?rest_route=%2Fwp%2Fv2%2Fproduct_tag&post=2132"}],"curies":[{"name":"wp","href":"https:\/\/api.w.org\/{rel}","templated":true}]}}