{"id":2135,"date":"2024-05-15T11:36:18","date_gmt":"2024-05-15T11:36:18","guid":{"rendered":"https:\/\/directionpeche.tn\/?post_type=product&#038;p=2135"},"modified":"2025-06-28T09:28:36","modified_gmt":"2025-06-28T09:28:36","slug":"canne-trabucco-vektor-master-boat-3-00m-150gr","status":"publish","type":"product","link":"https:\/\/directionpeche.tn\/?product=canne-trabucco-vektor-master-boat-3-00m-150gr","title":{"rendered":"CANNE TRABUCCO VEKTOR MASTER BOAT 3.00M 150GR"},"content":{"rendered":"<h5 id=\"tw-target-text\" class=\"tw-data-text tw-text-large tw-ta\" dir=\"ltr\" data-placeholder=\"Traduction\" aria-label=\"Texte traduit\" data-ved=\"2ahUKEwiwkovvwY-GAxX2SPEDHU3nAmYQ3ewLegQIAxAU\"><span class=\"Y2IQFc\" lang=\"fr\">Une canne t\u00e9lescopique puissante et robuste pour p\u00eacher depuis un bateau performant dans toutes les conditions et r\u00e9sistant aux lourdes charges. Il est fabriqu\u00e9 en HRC (mat\u00e9riau composite haute r\u00e9sistance). La canne est \u00e9quip\u00e9e d&rsquo;un scion solide en fibre de verre, d&rsquo;anneaux doubles S-SIC et d&rsquo;un porte-moulinet \u00e0 visser.<\/span><\/h5>\n","protected":false},"excerpt":{"rendered":"<p>Une canne t\u00e9lescopique puissante et robuste pour p\u00eacher depuis un bateau performant dans toutes les conditions et r\u00e9sistant aux lourdes<\/p>\n","protected":false},"featured_media":2144,"comment_status":"open","ping_status":"closed","template":"","meta":[],"product_brand":[],"product_cat":[32,71],"product_tag":[],"class_list":{"0":"post-2135","1":"product","2":"type-product","3":"status-publish","4":"has-post-thumbnail","6":"product_cat-bateau","7":"product_cat-cannes","9":"first","10":"outofstock","11":"taxable","12":"shipping-taxable","13":"purchasable","14":"product-type-simple"},"jetpack_sharing_enabled":true,"_links":{"self":[{"href":"https:\/\/directionpeche.tn\/index.php?rest_route=\/wp\/v2\/product\/2135","targetHints":{"allow":["GET"]}}],"collection":[{"href":"https:\/\/directionpeche.tn\/index.php?rest_route=\/wp\/v2\/product"}],"about":[{"href":"https:\/\/directionpeche.tn\/index.php?rest_route=\/wp\/v2\/types\/product"}],"replies":[{"embeddable":true,"href":"https:\/\/directionpeche.tn\/index.php?rest_route=%2Fwp%2Fv2%2Fcomments&post=2135"}],"version-history":[{"count":1,"href":"https:\/\/directionpeche.tn\/index.php?rest_route=\/wp\/v2\/product\/2135\/revisions"}],"predecessor-version":[{"id":2146,"href":"https:\/\/directionpeche.tn\/index.php?rest_route=\/wp\/v2\/product\/2135\/revisions\/2146"}],"wp:featuredmedia":[{"embeddable":true,"href":"https:\/\/directionpeche.tn\/index.php?rest_route=\/wp\/v2\/media\/2144"}],"wp:attachment":[{"href":"https:\/\/directionpeche.tn\/index.php?rest_route=%2Fwp%2Fv2%2Fmedia&parent=2135"}],"wp:term":[{"taxonomy":"product_brand","embeddable":true,"href":"https:\/\/directionpeche.tn\/index.php?rest_route=%2Fwp%2Fv2%2Fproduct_brand&post=2135"},{"taxonomy":"product_cat","embeddable":true,"href":"https:\/\/directionpeche.tn\/index.php?rest_route=%2Fwp%2Fv2%2Fproduct_cat&post=2135"},{"taxonomy":"product_tag","embeddable":true,"href":"https:\/\/directionpeche.tn\/index.php?rest_route=%2Fwp%2Fv2%2Fproduct_tag&post=2135"}],"curies":[{"name":"wp","href":"https:\/\/api.w.org\/{rel}","templated":true}]}}