{"id":2173,"date":"2024-05-15T12:32:59","date_gmt":"2024-05-15T12:32:59","guid":{"rendered":"https:\/\/directionpeche.tn\/?post_type=product&#038;p=2173"},"modified":"2024-12-24T14:20:52","modified_gmt":"2024-12-24T14:20:52","slug":"hamecon-shinken-hooks-pint","status":"publish","type":"product","link":"https:\/\/directionpeche.tn\/?product=hamecon-shinken-hooks-pint","title":{"rendered":"HAME\u00c7ONS TRABUCCO SHINKEN PINT"},"content":{"rendered":"<ul>\n<li>Hame\u00e7on sp\u00e9cial con\u00e7u sp\u00e9cialement pour la p\u00eache en surf.<\/li>\n<li>Tige moyenne, \u0153illet align\u00e9, fil moyen\/fine avec des pointes pour une meilleure p\u00e9n\u00e9tration.<\/li>\n<li>L\u00e9ger et solide.<\/li>\n<li>Trait\u00e9 chimiquement pour un aiguisage optimal.<\/li>\n<li>Vendu en sacs pratiques de 10 pi\u00e8ces,<\/li>\n<\/ul>\n","protected":false},"excerpt":{"rendered":"<p>Hame\u00e7on sp\u00e9cial con\u00e7u sp\u00e9cialement pour la p\u00eache en surf.<\/p>\n","protected":false},"featured_media":2175,"comment_status":"open","ping_status":"closed","template":"","meta":[],"product_brand":[],"product_cat":[32,75,81,22],"product_tag":[],"class_list":{"0":"post-2173","1":"product","2":"type-product","3":"status-publish","4":"has-post-thumbnail","6":"product_cat-bateau","7":"product_cat-hamecons","8":"product_cat-hamecons-surfcasting","9":"product_cat-surfcasting","11":"first","12":"instock","13":"taxable","14":"shipping-taxable","15":"purchasable","16":"product-type-variable"},"jetpack_sharing_enabled":true,"_links":{"self":[{"href":"https:\/\/directionpeche.tn\/index.php?rest_route=\/wp\/v2\/product\/2173","targetHints":{"allow":["GET"]}}],"collection":[{"href":"https:\/\/directionpeche.tn\/index.php?rest_route=\/wp\/v2\/product"}],"about":[{"href":"https:\/\/directionpeche.tn\/index.php?rest_route=\/wp\/v2\/types\/product"}],"replies":[{"embeddable":true,"href":"https:\/\/directionpeche.tn\/index.php?rest_route=%2Fwp%2Fv2%2Fcomments&post=2173"}],"version-history":[{"count":4,"href":"https:\/\/directionpeche.tn\/index.php?rest_route=\/wp\/v2\/product\/2173\/revisions"}],"predecessor-version":[{"id":2937,"href":"https:\/\/directionpeche.tn\/index.php?rest_route=\/wp\/v2\/product\/2173\/revisions\/2937"}],"wp:featuredmedia":[{"embeddable":true,"href":"https:\/\/directionpeche.tn\/index.php?rest_route=\/wp\/v2\/media\/2175"}],"wp:attachment":[{"href":"https:\/\/directionpeche.tn\/index.php?rest_route=%2Fwp%2Fv2%2Fmedia&parent=2173"}],"wp:term":[{"taxonomy":"product_brand","embeddable":true,"href":"https:\/\/directionpeche.tn\/index.php?rest_route=%2Fwp%2Fv2%2Fproduct_brand&post=2173"},{"taxonomy":"product_cat","embeddable":true,"href":"https:\/\/directionpeche.tn\/index.php?rest_route=%2Fwp%2Fv2%2Fproduct_cat&post=2173"},{"taxonomy":"product_tag","embeddable":true,"href":"https:\/\/directionpeche.tn\/index.php?rest_route=%2Fwp%2Fv2%2Fproduct_tag&post=2173"}],"curies":[{"name":"wp","href":"https:\/\/api.w.org\/{rel}","templated":true}]}}