{"id":2174,"date":"2024-05-15T12:28:38","date_gmt":"2024-05-15T12:28:38","guid":{"rendered":"https:\/\/directionpeche.tn\/?post_type=product&#038;p=2174"},"modified":"2024-05-15T12:28:39","modified_gmt":"2024-05-15T12:28:39","slug":"canne-trabucco-wizard-river-lake","status":"publish","type":"product","link":"https:\/\/directionpeche.tn\/?product=canne-trabucco-wizard-river-lake","title":{"rendered":"CANNE TRABUCCO WIZARD RIVER &amp; LAKE"},"content":{"rendered":"<h5 id=\"tw-target-text\" class=\"tw-data-text tw-text-large tw-ta\" dir=\"ltr\" data-placeholder=\"Traduction\" aria-label=\"Texte traduit\" data-ved=\"2ahUKEwiwkovvwY-GAxX2SPEDHU3nAmYQ3ewLegQIAxAU\"><span class=\"Y2IQFc\" lang=\"fr\">Canne puissante et fiable pour la p\u00eache de fond en mat\u00e9riau composite HRC Powerfibre, tr\u00e8s solide et r\u00e9sistant aux lourdes charges. Wizard River Lake a une action parabolique et est excellent pour la p\u00eache dans les rivi\u00e8res et les canaux ainsi que dans les lacs. La canne est relativement compacte une fois pli\u00e9e et facile \u00e0 transporter. Il est \u00e9quip\u00e9 d&rsquo;un porte moulinet \u00e0 vis en graphite et d&rsquo;une poign\u00e9e antid\u00e9rapante. Le Wizard River Lake est dot\u00e9 de doubles guides S-SIC HD l\u00e9gers et durables.<\/span><\/h5>\n","protected":false},"excerpt":{"rendered":"<p>Canne puissante et fiable pour la p\u00eache de fond en mat\u00e9riau composite HRC Powerfibre, tr\u00e8s solide et r\u00e9sistant aux lourdes<\/p>\n","protected":false},"featured_media":2160,"comment_status":"open","ping_status":"closed","template":"","meta":[],"product_brand":[],"product_cat":[78,22],"product_tag":[],"class_list":{"0":"post-2174","1":"product","2":"type-product","3":"status-publish","4":"has-post-thumbnail","6":"product_cat-cannessurfcasting","7":"product_cat-surfcasting","9":"first","10":"instock","11":"taxable","12":"shipping-taxable","13":"purchasable","14":"product-type-variable"},"jetpack_sharing_enabled":true,"_links":{"self":[{"href":"https:\/\/directionpeche.tn\/index.php?rest_route=\/wp\/v2\/product\/2174","targetHints":{"allow":["GET"]}}],"collection":[{"href":"https:\/\/directionpeche.tn\/index.php?rest_route=\/wp\/v2\/product"}],"about":[{"href":"https:\/\/directionpeche.tn\/index.php?rest_route=\/wp\/v2\/types\/product"}],"replies":[{"embeddable":true,"href":"https:\/\/directionpeche.tn\/index.php?rest_route=%2Fwp%2Fv2%2Fcomments&post=2174"}],"version-history":[{"count":1,"href":"https:\/\/directionpeche.tn\/index.php?rest_route=\/wp\/v2\/product\/2174\/revisions"}],"predecessor-version":[{"id":2178,"href":"https:\/\/directionpeche.tn\/index.php?rest_route=\/wp\/v2\/product\/2174\/revisions\/2178"}],"wp:featuredmedia":[{"embeddable":true,"href":"https:\/\/directionpeche.tn\/index.php?rest_route=\/wp\/v2\/media\/2160"}],"wp:attachment":[{"href":"https:\/\/directionpeche.tn\/index.php?rest_route=%2Fwp%2Fv2%2Fmedia&parent=2174"}],"wp:term":[{"taxonomy":"product_brand","embeddable":true,"href":"https:\/\/directionpeche.tn\/index.php?rest_route=%2Fwp%2Fv2%2Fproduct_brand&post=2174"},{"taxonomy":"product_cat","embeddable":true,"href":"https:\/\/directionpeche.tn\/index.php?rest_route=%2Fwp%2Fv2%2Fproduct_cat&post=2174"},{"taxonomy":"product_tag","embeddable":true,"href":"https:\/\/directionpeche.tn\/index.php?rest_route=%2Fwp%2Fv2%2Fproduct_tag&post=2174"}],"curies":[{"name":"wp","href":"https:\/\/api.w.org\/{rel}","templated":true}]}}