{"id":2179,"date":"2024-05-15T12:36:36","date_gmt":"2024-05-15T12:36:36","guid":{"rendered":"https:\/\/directionpeche.tn\/?post_type=product&#038;p=2179"},"modified":"2024-12-24T14:19:48","modified_gmt":"2024-12-24T14:19:48","slug":"canne-trabucco-aegean-cast-master","status":"publish","type":"product","link":"https:\/\/directionpeche.tn\/?product=canne-trabucco-aegean-cast-master","title":{"rendered":"CANNE TRABUCCO AEGEAN CAST MASTER"},"content":{"rendered":"<p>&#8211; Structure t\u00e9lescopique compos\u00e9e de 4 sections avec action rapide et puissante et lancer de 200<\/p>\n<p>grammes.<\/p>\n<p>&#8211; Blanks fabriqu\u00e9s par S.H.M.R. Carbone \u00e0 haute r\u00e9sistance avec renforts dans les articulations<\/p>\n<p>&#8211; La finition Zero Friction Blank repousse l&rsquo;eau pour \u00e9viter que la ligne ne colle au blank<\/p>\n<p>&#8211; Vetta sensible en carbone int\u00e9gral, peinte en blanc haute visibilit\u00e9<\/p>\n<p>&#8211; Anneaux S-Sic \u00e0 double tige avec cadre MN anticorrosion et joint torique de protection<\/p>\n<p>&nbsp;<\/p>\n<p>&#8211; Porte-moulinet ergonomique en graphite avec blocage \u00e0 vis en acier inoxydable<\/p>\n<p>&#8211; Capuchon pare-chocs en aluminium avec insert en caoutchouc<\/p>\n","protected":false},"excerpt":{"rendered":"<p>&#8211; Structure t\u00e9lescopique compos\u00e9e de 4 sections avec action rapide et puissante et lancer de 200 grammes. &#8211; Blanks fabriqu\u00e9s<\/p>\n","protected":false},"featured_media":2188,"comment_status":"open","ping_status":"closed","template":"","meta":[],"product_brand":[],"product_cat":[78,22],"product_tag":[],"class_list":{"0":"post-2179","1":"product","2":"type-product","3":"status-publish","4":"has-post-thumbnail","6":"product_cat-cannessurfcasting","7":"product_cat-surfcasting","9":"first","10":"instock","11":"taxable","12":"shipping-taxable","13":"purchasable","14":"product-type-variable"},"jetpack_sharing_enabled":true,"_links":{"self":[{"href":"https:\/\/directionpeche.tn\/index.php?rest_route=\/wp\/v2\/product\/2179","targetHints":{"allow":["GET"]}}],"collection":[{"href":"https:\/\/directionpeche.tn\/index.php?rest_route=\/wp\/v2\/product"}],"about":[{"href":"https:\/\/directionpeche.tn\/index.php?rest_route=\/wp\/v2\/types\/product"}],"replies":[{"embeddable":true,"href":"https:\/\/directionpeche.tn\/index.php?rest_route=%2Fwp%2Fv2%2Fcomments&post=2179"}],"version-history":[{"count":2,"href":"https:\/\/directionpeche.tn\/index.php?rest_route=\/wp\/v2\/product\/2179\/revisions"}],"predecessor-version":[{"id":2192,"href":"https:\/\/directionpeche.tn\/index.php?rest_route=\/wp\/v2\/product\/2179\/revisions\/2192"}],"wp:featuredmedia":[{"embeddable":true,"href":"https:\/\/directionpeche.tn\/index.php?rest_route=\/wp\/v2\/media\/2188"}],"wp:attachment":[{"href":"https:\/\/directionpeche.tn\/index.php?rest_route=%2Fwp%2Fv2%2Fmedia&parent=2179"}],"wp:term":[{"taxonomy":"product_brand","embeddable":true,"href":"https:\/\/directionpeche.tn\/index.php?rest_route=%2Fwp%2Fv2%2Fproduct_brand&post=2179"},{"taxonomy":"product_cat","embeddable":true,"href":"https:\/\/directionpeche.tn\/index.php?rest_route=%2Fwp%2Fv2%2Fproduct_cat&post=2179"},{"taxonomy":"product_tag","embeddable":true,"href":"https:\/\/directionpeche.tn\/index.php?rest_route=%2Fwp%2Fv2%2Fproduct_tag&post=2179"}],"curies":[{"name":"wp","href":"https:\/\/api.w.org\/{rel}","templated":true}]}}