{"id":2193,"date":"2024-05-15T13:41:07","date_gmt":"2024-05-15T13:41:07","guid":{"rendered":"https:\/\/directionpeche.tn\/?post_type=product&#038;p=2193"},"modified":"2025-10-16T12:23:53","modified_gmt":"2025-10-16T12:23:53","slug":"canne-trabucco-andromeda-xtreme-cast","status":"publish","type":"product","link":"https:\/\/directionpeche.tn\/?product=canne-trabucco-andromeda-xtreme-cast","title":{"rendered":"CANNE TRABUCCO ANDROMEDA XTREME CAST"},"content":{"rendered":"<h5 id=\"tw-target-text\" class=\"tw-data-text tw-text-large tw-ta\" dir=\"ltr\" data-placeholder=\"Traduction\" aria-label=\"Texte traduit\" data-ved=\"2ahUKEwigx6GE4Y-GAxX5S_EDHWKgBvwQ3ewLegQIBhAU\"><span class=\"Y2IQFc\" lang=\"fr\">\u2022 Canne \u00e0 action rapide et puissante, id\u00e9ale pour les r\u00e9cifs ou les quais, parfaite depuis <\/span><\/h5>\n<h5 class=\"tw-data-text tw-text-large tw-ta\" dir=\"ltr\" data-placeholder=\"Traduction\" aria-label=\"Texte traduit\" data-ved=\"2ahUKEwigx6GE4Y-GAxX5S_EDHWKgBvwQ3ewLegQIBhAU\"><span class=\"Y2IQFc\" lang=\"fr\">la plage pour les lancers longue distance <\/span><\/h5>\n<h5 class=\"tw-data-text tw-text-large tw-ta\" dir=\"ltr\" data-placeholder=\"Traduction\" aria-label=\"Texte traduit\" data-ved=\"2ahUKEwigx6GE4Y-GAxX5S_EDHWKgBvwQ3ewLegQIBhAU\"><span class=\"Y2IQFc\" lang=\"fr\">\u2022 Structure \u00e0 4 sections t\u00e9lescopiques<\/span><\/h5>\n<h5 class=\"tw-data-text tw-text-large tw-ta\" dir=\"ltr\" data-placeholder=\"Traduction\" aria-label=\"Texte traduit\" data-ved=\"2ahUKEwigx6GE4Y-GAxX5S_EDHWKgBvwQ3ewLegQIBhAU\"><span class=\"Y2IQFc\" lang=\"fr\">\u2022 Renforts sur les greffons par bandes de carbone crois\u00e9es<\/span><\/h5>\n<h5 class=\"tw-data-text tw-text-large tw-ta\" dir=\"ltr\" data-placeholder=\"Traduction\" aria-label=\"Texte traduit\" data-ved=\"2ahUKEwigx6GE4Y-GAxX5S_EDHWKgBvwQ3ewLegQIBhAU\"><span class=\"Y2IQFc\" lang=\"fr\">\u2022 Embout tubulaire en carbone extr\u00eamement sensible et puissant, color\u00e9 avec une <\/span><\/h5>\n<h5 class=\"tw-data-text tw-text-large tw-ta\" dir=\"ltr\" data-placeholder=\"Traduction\" aria-label=\"Texte traduit\" data-ved=\"2ahUKEwigx6GE4Y-GAxX5S_EDHWKgBvwQ3ewLegQIBhAU\"><span class=\"Y2IQFc\" lang=\"fr\">peinture tr\u00e8s visible<\/span><\/h5>\n<h5 class=\"tw-data-text tw-text-large tw-ta\" dir=\"ltr\" data-placeholder=\"Traduction\" aria-label=\"Texte traduit\" data-ved=\"2ahUKEwigx6GE4Y-GAxX5S_EDHWKgBvwQ3ewLegQIBhAU\"><span class=\"Y2IQFc\" lang=\"fr\">\u2022 Porte moulinet \u00e0 vis en graphite avec joue en acier anticorrosion<\/span><\/h5>\n<h5 class=\"tw-data-text tw-text-large tw-ta\" dir=\"ltr\" data-placeholder=\"Traduction\" aria-label=\"Texte traduit\" data-ved=\"2ahUKEwigx6GE4Y-GAxX5S_EDHWKgBvwQ3ewLegQIBhAU\"><span class=\"Y2IQFc\" lang=\"fr\">\u2022 Base <\/span><span class=\"Y2IQFc\" lang=\"fr\">antid\u00e9rapante avec capuchon inf\u00e9rieur en aluminium<\/span><\/h5>\n","protected":false},"excerpt":{"rendered":"<p>\u2022 Canne \u00e0 action rapide et puissante, id\u00e9ale pour les r\u00e9cifs ou les quais, parfaite depuis la plage pour les<\/p>\n","protected":false},"featured_media":2214,"comment_status":"open","ping_status":"closed","template":"","meta":[],"product_brand":[],"product_cat":[78,22],"product_tag":[],"class_list":{"0":"post-2193","1":"product","2":"type-product","3":"status-publish","4":"has-post-thumbnail","6":"product_cat-cannessurfcasting","7":"product_cat-surfcasting","9":"first","10":"outofstock","11":"taxable","12":"shipping-taxable","13":"purchasable","14":"product-type-variable"},"jetpack_sharing_enabled":true,"_links":{"self":[{"href":"https:\/\/directionpeche.tn\/index.php?rest_route=\/wp\/v2\/product\/2193","targetHints":{"allow":["GET"]}}],"collection":[{"href":"https:\/\/directionpeche.tn\/index.php?rest_route=\/wp\/v2\/product"}],"about":[{"href":"https:\/\/directionpeche.tn\/index.php?rest_route=\/wp\/v2\/types\/product"}],"replies":[{"embeddable":true,"href":"https:\/\/directionpeche.tn\/index.php?rest_route=%2Fwp%2Fv2%2Fcomments&post=2193"}],"version-history":[{"count":1,"href":"https:\/\/directionpeche.tn\/index.php?rest_route=\/wp\/v2\/product\/2193\/revisions"}],"predecessor-version":[{"id":2223,"href":"https:\/\/directionpeche.tn\/index.php?rest_route=\/wp\/v2\/product\/2193\/revisions\/2223"}],"wp:featuredmedia":[{"embeddable":true,"href":"https:\/\/directionpeche.tn\/index.php?rest_route=\/wp\/v2\/media\/2214"}],"wp:attachment":[{"href":"https:\/\/directionpeche.tn\/index.php?rest_route=%2Fwp%2Fv2%2Fmedia&parent=2193"}],"wp:term":[{"taxonomy":"product_brand","embeddable":true,"href":"https:\/\/directionpeche.tn\/index.php?rest_route=%2Fwp%2Fv2%2Fproduct_brand&post=2193"},{"taxonomy":"product_cat","embeddable":true,"href":"https:\/\/directionpeche.tn\/index.php?rest_route=%2Fwp%2Fv2%2Fproduct_cat&post=2193"},{"taxonomy":"product_tag","embeddable":true,"href":"https:\/\/directionpeche.tn\/index.php?rest_route=%2Fwp%2Fv2%2Fproduct_tag&post=2193"}],"curies":[{"name":"wp","href":"https:\/\/api.w.org\/{rel}","templated":true}]}}