{"id":2202,"date":"2024-05-15T13:11:16","date_gmt":"2024-05-15T13:11:16","guid":{"rendered":"https:\/\/directionpeche.tn\/?post_type=product&#038;p=2202"},"modified":"2024-05-17T13:30:55","modified_gmt":"2024-05-17T13:30:55","slug":"hamecon-maggot-f1","status":"publish","type":"product","link":"https:\/\/directionpeche.tn\/?product=hamecon-maggot-f1","title":{"rendered":"HAMECON TRABUCCO MAGGOT F1"},"content":{"rendered":"<p>Le nouveau crochet MAGGOT F1 de Trabucco excelle dans l\u2019utilisation avec les asticots dans la p\u00eache longue distance. Sa forme donne \u00e0 la pointe une force de p\u00e9n\u00e9tration, maintenant 100% de l\u2019efficacit\u00e9 de la g\u00e2chette pendant tout le temps pass\u00e9 dans l\u2019eau.<\/p>\n","protected":false},"excerpt":{"rendered":"<p>Le nouveau crochet MAGGOT F1 de Trabucco excelle dans l\u2019utilisation avec les asticots dans la p\u00eache longue distance. Sa forme<\/p>\n","protected":false},"featured_media":2203,"comment_status":"open","ping_status":"closed","template":"","meta":[],"product_brand":[],"product_cat":[258,31],"product_tag":[],"class_list":{"0":"post-2202","1":"product","2":"type-product","3":"status-publish","4":"has-post-thumbnail","6":"product_cat-hamecons-pecheauflotteur","7":"product_cat-pecheauflotteur","9":"first","10":"instock","11":"taxable","12":"shipping-taxable","13":"purchasable","14":"product-type-variable"},"jetpack_sharing_enabled":true,"_links":{"self":[{"href":"https:\/\/directionpeche.tn\/index.php?rest_route=\/wp\/v2\/product\/2202","targetHints":{"allow":["GET"]}}],"collection":[{"href":"https:\/\/directionpeche.tn\/index.php?rest_route=\/wp\/v2\/product"}],"about":[{"href":"https:\/\/directionpeche.tn\/index.php?rest_route=\/wp\/v2\/types\/product"}],"replies":[{"embeddable":true,"href":"https:\/\/directionpeche.tn\/index.php?rest_route=%2Fwp%2Fv2%2Fcomments&post=2202"}],"version-history":[{"count":3,"href":"https:\/\/directionpeche.tn\/index.php?rest_route=\/wp\/v2\/product\/2202\/revisions"}],"predecessor-version":[{"id":2404,"href":"https:\/\/directionpeche.tn\/index.php?rest_route=\/wp\/v2\/product\/2202\/revisions\/2404"}],"wp:featuredmedia":[{"embeddable":true,"href":"https:\/\/directionpeche.tn\/index.php?rest_route=\/wp\/v2\/media\/2203"}],"wp:attachment":[{"href":"https:\/\/directionpeche.tn\/index.php?rest_route=%2Fwp%2Fv2%2Fmedia&parent=2202"}],"wp:term":[{"taxonomy":"product_brand","embeddable":true,"href":"https:\/\/directionpeche.tn\/index.php?rest_route=%2Fwp%2Fv2%2Fproduct_brand&post=2202"},{"taxonomy":"product_cat","embeddable":true,"href":"https:\/\/directionpeche.tn\/index.php?rest_route=%2Fwp%2Fv2%2Fproduct_cat&post=2202"},{"taxonomy":"product_tag","embeddable":true,"href":"https:\/\/directionpeche.tn\/index.php?rest_route=%2Fwp%2Fv2%2Fproduct_tag&post=2202"}],"curies":[{"name":"wp","href":"https:\/\/api.w.org\/{rel}","templated":true}]}}