{"id":2208,"date":"2024-05-15T13:20:30","date_gmt":"2024-05-15T13:20:30","guid":{"rendered":"https:\/\/directionpeche.tn\/?post_type=product&#038;p=2208"},"modified":"2024-05-17T13:31:07","modified_gmt":"2024-05-17T13:31:07","slug":"hamecon-power-micro-barb","status":"publish","type":"product","link":"https:\/\/directionpeche.tn\/?product=hamecon-power-micro-barb","title":{"rendered":"HAME\u00c7ONS TRABUCCO POWER+ MICRO BARB"},"content":{"rendered":"<p>Pour tous ceux qui ne se sentent toujours pas \u00e0 l&rsquo;aise avec les hame\u00e7ons sans ardillon, voici le mod\u00e8le d&rsquo;hame\u00e7on Power Plus dans sa version Micro Barb. Certains p\u00eacheurs pensent que l&rsquo;ardillon est indispensable pour ne pas d\u00e9loger le poisson, alors que son seul but est de maintenir l&rsquo;app\u00e2t. Par cons\u00e9quent, dans le cas o\u00f9 il n&rsquo;est pas n\u00e9cessaire d&rsquo;utiliser un montage en cheveu, et que l&rsquo;on utilise des app\u00e2ts vivants tels que du chum ou des vers, l&rsquo;ardillon permettra \u00e0 ces derniers de ne pas s&rsquo;\u00e9chapper de l&rsquo;hame\u00e7on lors des longues attentes. Les tailles plus petites telles que 14-16 et 18 permettent \u00e9galement de pr\u00e9senter une boucle simple ou double, et sont parfaites pour la p\u00eache en mer afin d&rsquo;app\u00e2ter les dorades, les bars et les br\u00e8mes.<\/p>\n","protected":false},"excerpt":{"rendered":"<p>Pour tous ceux qui ne se sentent toujours pas \u00e0 l&rsquo;aise avec les hame\u00e7ons sans ardillon, voici le mod\u00e8le d&rsquo;hame\u00e7on<\/p>\n","protected":false},"featured_media":2209,"comment_status":"open","ping_status":"closed","template":"","meta":[],"product_brand":[],"product_cat":[258,31],"product_tag":[],"class_list":{"0":"post-2208","1":"product","2":"type-product","3":"status-publish","4":"has-post-thumbnail","6":"product_cat-hamecons-pecheauflotteur","7":"product_cat-pecheauflotteur","9":"first","10":"instock","11":"taxable","12":"shipping-taxable","13":"purchasable","14":"product-type-variable"},"jetpack_sharing_enabled":true,"_links":{"self":[{"href":"https:\/\/directionpeche.tn\/index.php?rest_route=\/wp\/v2\/product\/2208","targetHints":{"allow":["GET"]}}],"collection":[{"href":"https:\/\/directionpeche.tn\/index.php?rest_route=\/wp\/v2\/product"}],"about":[{"href":"https:\/\/directionpeche.tn\/index.php?rest_route=\/wp\/v2\/types\/product"}],"replies":[{"embeddable":true,"href":"https:\/\/directionpeche.tn\/index.php?rest_route=%2Fwp%2Fv2%2Fcomments&post=2208"}],"version-history":[{"count":3,"href":"https:\/\/directionpeche.tn\/index.php?rest_route=\/wp\/v2\/product\/2208\/revisions"}],"predecessor-version":[{"id":2724,"href":"https:\/\/directionpeche.tn\/index.php?rest_route=\/wp\/v2\/product\/2208\/revisions\/2724"}],"wp:featuredmedia":[{"embeddable":true,"href":"https:\/\/directionpeche.tn\/index.php?rest_route=\/wp\/v2\/media\/2209"}],"wp:attachment":[{"href":"https:\/\/directionpeche.tn\/index.php?rest_route=%2Fwp%2Fv2%2Fmedia&parent=2208"}],"wp:term":[{"taxonomy":"product_brand","embeddable":true,"href":"https:\/\/directionpeche.tn\/index.php?rest_route=%2Fwp%2Fv2%2Fproduct_brand&post=2208"},{"taxonomy":"product_cat","embeddable":true,"href":"https:\/\/directionpeche.tn\/index.php?rest_route=%2Fwp%2Fv2%2Fproduct_cat&post=2208"},{"taxonomy":"product_tag","embeddable":true,"href":"https:\/\/directionpeche.tn\/index.php?rest_route=%2Fwp%2Fv2%2Fproduct_tag&post=2208"}],"curies":[{"name":"wp","href":"https:\/\/api.w.org\/{rel}","templated":true}]}}