{"id":2215,"date":"2024-05-15T13:28:52","date_gmt":"2024-05-15T13:28:52","guid":{"rendered":"https:\/\/directionpeche.tn\/?post_type=product&#038;p=2215"},"modified":"2024-05-17T13:34:10","modified_gmt":"2024-05-17T13:34:10","slug":"hamecon-match-f1","status":"publish","type":"product","link":"https:\/\/directionpeche.tn\/?product=hamecon-match-f1","title":{"rendered":"HAMECON TRABUCCO MATCH F1"},"content":{"rendered":"<p>Un hame\u00e7on moderne et polyvalent qui excelle avec la roubaisienne ou en p\u00eache \u00e0 l&rsquo;anglaise lorsque les poissons sont m\u00e9fiants et que la pr\u00e9sentation doit \u00eatre parfaite. Tous les app\u00e2ts tr\u00e8s mobiles peuvent \u00eatre lanc\u00e9s \u00e0 distance, car le micro-ardillon les maintient en place. Les diam\u00e8tres de l&rsquo;acier sont calibr\u00e9s pour offrir un juste \u00e9quilibre entre r\u00e9sistance et l\u00e9g\u00e8ret\u00e9.<\/p>\n","protected":false},"excerpt":{"rendered":"<p>Un hame\u00e7on moderne et polyvalent qui excelle avec la roubaisienne ou en p\u00eache \u00e0 l&rsquo;anglaise lorsque les poissons sont m\u00e9fiants<\/p>\n","protected":false},"featured_media":2216,"comment_status":"open","ping_status":"closed","template":"","meta":[],"product_brand":[],"product_cat":[258,31],"product_tag":[],"class_list":{"0":"post-2215","1":"product","2":"type-product","3":"status-publish","4":"has-post-thumbnail","6":"product_cat-hamecons-pecheauflotteur","7":"product_cat-pecheauflotteur","9":"first","10":"instock","11":"taxable","12":"shipping-taxable","13":"purchasable","14":"product-type-variable"},"jetpack_sharing_enabled":true,"_links":{"self":[{"href":"https:\/\/directionpeche.tn\/index.php?rest_route=\/wp\/v2\/product\/2215","targetHints":{"allow":["GET"]}}],"collection":[{"href":"https:\/\/directionpeche.tn\/index.php?rest_route=\/wp\/v2\/product"}],"about":[{"href":"https:\/\/directionpeche.tn\/index.php?rest_route=\/wp\/v2\/types\/product"}],"replies":[{"embeddable":true,"href":"https:\/\/directionpeche.tn\/index.php?rest_route=%2Fwp%2Fv2%2Fcomments&post=2215"}],"version-history":[{"count":2,"href":"https:\/\/directionpeche.tn\/index.php?rest_route=\/wp\/v2\/product\/2215\/revisions"}],"predecessor-version":[{"id":2407,"href":"https:\/\/directionpeche.tn\/index.php?rest_route=\/wp\/v2\/product\/2215\/revisions\/2407"}],"wp:featuredmedia":[{"embeddable":true,"href":"https:\/\/directionpeche.tn\/index.php?rest_route=\/wp\/v2\/media\/2216"}],"wp:attachment":[{"href":"https:\/\/directionpeche.tn\/index.php?rest_route=%2Fwp%2Fv2%2Fmedia&parent=2215"}],"wp:term":[{"taxonomy":"product_brand","embeddable":true,"href":"https:\/\/directionpeche.tn\/index.php?rest_route=%2Fwp%2Fv2%2Fproduct_brand&post=2215"},{"taxonomy":"product_cat","embeddable":true,"href":"https:\/\/directionpeche.tn\/index.php?rest_route=%2Fwp%2Fv2%2Fproduct_cat&post=2215"},{"taxonomy":"product_tag","embeddable":true,"href":"https:\/\/directionpeche.tn\/index.php?rest_route=%2Fwp%2Fv2%2Fproduct_tag&post=2215"}],"curies":[{"name":"wp","href":"https:\/\/api.w.org\/{rel}","templated":true}]}}