{"id":2235,"date":"2024-05-15T16:33:23","date_gmt":"2024-05-15T16:33:23","guid":{"rendered":"https:\/\/directionpeche.tn\/?post_type=product&#038;p=2235"},"modified":"2025-10-09T15:07:54","modified_gmt":"2025-10-09T15:07:54","slug":"canne-trabucco-kronos-progress-beach-4-20m-100g","status":"publish","type":"product","link":"https:\/\/directionpeche.tn\/?product=canne-trabucco-kronos-progress-beach-4-20m-100g","title":{"rendered":"CANNE TRABUCCO KRONOS PROGRESS BEACH 4.20M 100G"},"content":{"rendered":"<div><strong>\u2022 T\u00e9lescopique \u00e0 action parabolique capable de supporter des poids jusqu&rsquo;\u00e0 100 g ; excellent de la plage et des falaises ou des barrages<\/strong><\/div>\n<div><strong>\u2022 Deux embouts plug-in interchangeables, tous deux en carbone : Light &gt; 20-50 g et Heavy &gt; 50-100 g<\/strong><\/div>\n<div><strong>\u2022 Porte-moulinet \u00e0 vis en graphite int\u00e9gr\u00e9 avec joue mobile en acier anti-corrosion<\/strong><\/div>\n<div><strong>\u2022 Grip inf\u00e9rieur antid\u00e9rapant qui garantit une excellente adh\u00e9rence lors de la phase de lancement<\/strong><\/div>\n","protected":false},"excerpt":{"rendered":"<p>\u2022 T\u00e9lescopique \u00e0 action parabolique capable de supporter des poids jusqu&rsquo;\u00e0 100 g ; excellent de la plage et des<\/p>\n","protected":false},"featured_media":2236,"comment_status":"open","ping_status":"closed","template":"","meta":[],"product_brand":[],"product_cat":[78,22],"product_tag":[],"class_list":{"0":"post-2235","1":"product","2":"type-product","3":"status-publish","4":"has-post-thumbnail","6":"product_cat-cannessurfcasting","7":"product_cat-surfcasting","9":"first","10":"outofstock","11":"taxable","12":"shipping-taxable","13":"purchasable","14":"product-type-simple"},"jetpack_sharing_enabled":true,"_links":{"self":[{"href":"https:\/\/directionpeche.tn\/index.php?rest_route=\/wp\/v2\/product\/2235","targetHints":{"allow":["GET"]}}],"collection":[{"href":"https:\/\/directionpeche.tn\/index.php?rest_route=\/wp\/v2\/product"}],"about":[{"href":"https:\/\/directionpeche.tn\/index.php?rest_route=\/wp\/v2\/types\/product"}],"replies":[{"embeddable":true,"href":"https:\/\/directionpeche.tn\/index.php?rest_route=%2Fwp%2Fv2%2Fcomments&post=2235"}],"version-history":[{"count":1,"href":"https:\/\/directionpeche.tn\/index.php?rest_route=\/wp\/v2\/product\/2235\/revisions"}],"predecessor-version":[{"id":2238,"href":"https:\/\/directionpeche.tn\/index.php?rest_route=\/wp\/v2\/product\/2235\/revisions\/2238"}],"wp:featuredmedia":[{"embeddable":true,"href":"https:\/\/directionpeche.tn\/index.php?rest_route=\/wp\/v2\/media\/2236"}],"wp:attachment":[{"href":"https:\/\/directionpeche.tn\/index.php?rest_route=%2Fwp%2Fv2%2Fmedia&parent=2235"}],"wp:term":[{"taxonomy":"product_brand","embeddable":true,"href":"https:\/\/directionpeche.tn\/index.php?rest_route=%2Fwp%2Fv2%2Fproduct_brand&post=2235"},{"taxonomy":"product_cat","embeddable":true,"href":"https:\/\/directionpeche.tn\/index.php?rest_route=%2Fwp%2Fv2%2Fproduct_cat&post=2235"},{"taxonomy":"product_tag","embeddable":true,"href":"https:\/\/directionpeche.tn\/index.php?rest_route=%2Fwp%2Fv2%2Fproduct_tag&post=2235"}],"curies":[{"name":"wp","href":"https:\/\/api.w.org\/{rel}","templated":true}]}}