{"id":2262,"date":"2024-05-16T10:19:48","date_gmt":"2024-05-16T10:19:48","guid":{"rendered":"https:\/\/directionpeche.tn\/?post_type=product&#038;p=2262"},"modified":"2024-05-16T10:19:49","modified_gmt":"2024-05-16T10:19:49","slug":"canne-trabucco-hydrus-xts-lake-bomb","status":"publish","type":"product","link":"https:\/\/directionpeche.tn\/?product=canne-trabucco-hydrus-xts-lake-bomb","title":{"rendered":"CANNE TRABUCCO HYDRUS XTS LAKE BOMB"},"content":{"rendered":"<h5><strong>\u2022 Cannes \u00e0 action parabolique, fabriqu\u00e9es en S.H.M.R.<\/strong><\/h5>\n<p><strong>\u2022 Anneaux S-SiC \u00e0 tige moyenne fix\u00e9s \u00e0 la ligature et coulissants en carbone plac\u00e9s sur <\/strong><\/p>\n<p><strong>\u00a0 \u00a0les sections interm\u00e9diaires<\/strong><\/p>\n<p><strong>\u2022 Pointe tubulaire extr\u00eamement sensible<\/strong><\/p>\n","protected":false},"excerpt":{"rendered":"<p>\u2022 Cannes \u00e0 action parabolique, fabriqu\u00e9es en S.H.M.R. \u2022 Anneaux S-SiC \u00e0 tige moyenne fix\u00e9s \u00e0 la ligature et coulissants<\/p>\n","protected":false},"featured_media":2263,"comment_status":"open","ping_status":"closed","template":"","meta":[],"product_brand":[],"product_cat":[86,31],"product_tag":[],"class_list":{"0":"post-2262","1":"product","2":"type-product","3":"status-publish","4":"has-post-thumbnail","6":"product_cat-cannesanglaise","7":"product_cat-pecheauflotteur","9":"first","10":"instock","11":"taxable","12":"shipping-taxable","13":"purchasable","14":"product-type-variable"},"jetpack_sharing_enabled":true,"_links":{"self":[{"href":"https:\/\/directionpeche.tn\/index.php?rest_route=\/wp\/v2\/product\/2262","targetHints":{"allow":["GET"]}}],"collection":[{"href":"https:\/\/directionpeche.tn\/index.php?rest_route=\/wp\/v2\/product"}],"about":[{"href":"https:\/\/directionpeche.tn\/index.php?rest_route=\/wp\/v2\/types\/product"}],"replies":[{"embeddable":true,"href":"https:\/\/directionpeche.tn\/index.php?rest_route=%2Fwp%2Fv2%2Fcomments&post=2262"}],"version-history":[{"count":1,"href":"https:\/\/directionpeche.tn\/index.php?rest_route=\/wp\/v2\/product\/2262\/revisions"}],"predecessor-version":[{"id":2267,"href":"https:\/\/directionpeche.tn\/index.php?rest_route=\/wp\/v2\/product\/2262\/revisions\/2267"}],"wp:featuredmedia":[{"embeddable":true,"href":"https:\/\/directionpeche.tn\/index.php?rest_route=\/wp\/v2\/media\/2263"}],"wp:attachment":[{"href":"https:\/\/directionpeche.tn\/index.php?rest_route=%2Fwp%2Fv2%2Fmedia&parent=2262"}],"wp:term":[{"taxonomy":"product_brand","embeddable":true,"href":"https:\/\/directionpeche.tn\/index.php?rest_route=%2Fwp%2Fv2%2Fproduct_brand&post=2262"},{"taxonomy":"product_cat","embeddable":true,"href":"https:\/\/directionpeche.tn\/index.php?rest_route=%2Fwp%2Fv2%2Fproduct_cat&post=2262"},{"taxonomy":"product_tag","embeddable":true,"href":"https:\/\/directionpeche.tn\/index.php?rest_route=%2Fwp%2Fv2%2Fproduct_tag&post=2262"}],"curies":[{"name":"wp","href":"https:\/\/api.w.org\/{rel}","templated":true}]}}