{"id":2272,"date":"2024-05-16T11:05:07","date_gmt":"2024-05-16T11:05:07","guid":{"rendered":"https:\/\/directionpeche.tn\/?post_type=product&#038;p=2272"},"modified":"2024-05-16T11:05:08","modified_gmt":"2024-05-16T11:05:08","slug":"canne-trabucco-pulse-t-match-power-4-00m-80gr","status":"publish","type":"product","link":"https:\/\/directionpeche.tn\/?product=canne-trabucco-pulse-t-match-power-4-00m-80gr","title":{"rendered":"CANNE TRABUCCO PULSE T-MATCH POWER 4.00M 80GR"},"content":{"rendered":"<h5 id=\"tw-target-text\" class=\"tw-data-text tw-text-large tw-ta\" dir=\"ltr\" data-placeholder=\"Traduction\" aria-label=\"Texte traduit\" data-ved=\"2ahUKEwiXj_q_-5GGAxW1cKQEHfmpCZ4Q3ewLegQIBhAU\"><span class=\"Y2IQFc\" lang=\"fr\">La PULSE T-MATCH est la nouvelle canne t\u00e9l\u00e9match de Trabucco \u00e0 action moyenne, id\u00e9ale pour l&rsquo;eau douce et l&rsquo;eau sal\u00e9e. Il est \u00e9quip\u00e9 d&rsquo;anneaux S-SIC et d&rsquo;une poign\u00e9e compos\u00e9e d&rsquo;une combinaison de li\u00e8ge naturel et de mat\u00e9riau EVA. La tige est construite par S.H.M.R. carbone. Le porte-moulinet \u00e0 vis est en acier et en caoutchouc. La partie sup\u00e9rieure est \u00e9quip\u00e9e de deux guides mobiles avec bagues m\u00e9talliques. La canne Telemach est bien \u00e9quilibr\u00e9e et permet un excellent contr\u00f4le lors de la p\u00eache.<\/span><\/h5>\n","protected":false},"excerpt":{"rendered":"<p>La PULSE T-MATCH est la nouvelle canne t\u00e9l\u00e9match de Trabucco \u00e0 action moyenne, id\u00e9ale pour l&rsquo;eau douce et l&rsquo;eau sal\u00e9e.<\/p>\n","protected":false},"featured_media":2274,"comment_status":"open","ping_status":"closed","template":"","meta":[],"product_brand":[],"product_cat":[86,31],"product_tag":[],"class_list":{"0":"post-2272","1":"product","2":"type-product","3":"status-publish","4":"has-post-thumbnail","6":"product_cat-cannesanglaise","7":"product_cat-pecheauflotteur","9":"first","10":"instock","11":"taxable","12":"shipping-taxable","13":"purchasable","14":"product-type-simple"},"jetpack_sharing_enabled":true,"_links":{"self":[{"href":"https:\/\/directionpeche.tn\/index.php?rest_route=\/wp\/v2\/product\/2272","targetHints":{"allow":["GET"]}}],"collection":[{"href":"https:\/\/directionpeche.tn\/index.php?rest_route=\/wp\/v2\/product"}],"about":[{"href":"https:\/\/directionpeche.tn\/index.php?rest_route=\/wp\/v2\/types\/product"}],"replies":[{"embeddable":true,"href":"https:\/\/directionpeche.tn\/index.php?rest_route=%2Fwp%2Fv2%2Fcomments&post=2272"}],"version-history":[{"count":1,"href":"https:\/\/directionpeche.tn\/index.php?rest_route=\/wp\/v2\/product\/2272\/revisions"}],"predecessor-version":[{"id":2275,"href":"https:\/\/directionpeche.tn\/index.php?rest_route=\/wp\/v2\/product\/2272\/revisions\/2275"}],"wp:featuredmedia":[{"embeddable":true,"href":"https:\/\/directionpeche.tn\/index.php?rest_route=\/wp\/v2\/media\/2274"}],"wp:attachment":[{"href":"https:\/\/directionpeche.tn\/index.php?rest_route=%2Fwp%2Fv2%2Fmedia&parent=2272"}],"wp:term":[{"taxonomy":"product_brand","embeddable":true,"href":"https:\/\/directionpeche.tn\/index.php?rest_route=%2Fwp%2Fv2%2Fproduct_brand&post=2272"},{"taxonomy":"product_cat","embeddable":true,"href":"https:\/\/directionpeche.tn\/index.php?rest_route=%2Fwp%2Fv2%2Fproduct_cat&post=2272"},{"taxonomy":"product_tag","embeddable":true,"href":"https:\/\/directionpeche.tn\/index.php?rest_route=%2Fwp%2Fv2%2Fproduct_tag&post=2272"}],"curies":[{"name":"wp","href":"https:\/\/api.w.org\/{rel}","templated":true}]}}