{"id":2276,"date":"2024-05-16T11:17:30","date_gmt":"2024-05-16T11:17:30","guid":{"rendered":"https:\/\/directionpeche.tn\/?post_type=product&#038;p=2276"},"modified":"2024-05-16T11:17:30","modified_gmt":"2024-05-16T11:17:30","slug":"canne-trabucco-pulse-match-allround","status":"publish","type":"product","link":"https:\/\/directionpeche.tn\/?product=canne-trabucco-pulse-match-allround","title":{"rendered":"CANNE TRABUCCO PULSE MATCH ALLROUND"},"content":{"rendered":"<h5>&#8211; Canne avec action allround pour eau douce et mer<\/h5>\n<h5>&#8211; VETTA tubulaire avec anneaux coulissants mont\u00e9s sur tube carbone<\/h5>\n<h5>&#8211; Poign\u00e9e innovante caoutchout\u00e9e et ondul\u00e9e selon un design raffin\u00e9<\/h5>\n<h5>&#8211; Plaque porte-moulinet en acier et caoutchouc taille 6<\/h5>\n","protected":false},"excerpt":{"rendered":"<p>&#8211; Canne avec action allround pour eau douce et mer &#8211; VETTA tubulaire avec anneaux coulissants mont\u00e9s sur tube carbone<\/p>\n","protected":false},"featured_media":2278,"comment_status":"open","ping_status":"closed","template":"","meta":[],"product_brand":[],"product_cat":[86,31],"product_tag":[],"class_list":{"0":"post-2276","1":"product","2":"type-product","3":"status-publish","4":"has-post-thumbnail","6":"product_cat-cannesanglaise","7":"product_cat-pecheauflotteur","9":"first","10":"instock","11":"taxable","12":"shipping-taxable","13":"purchasable","14":"product-type-variable"},"jetpack_sharing_enabled":true,"_links":{"self":[{"href":"https:\/\/directionpeche.tn\/index.php?rest_route=\/wp\/v2\/product\/2276","targetHints":{"allow":["GET"]}}],"collection":[{"href":"https:\/\/directionpeche.tn\/index.php?rest_route=\/wp\/v2\/product"}],"about":[{"href":"https:\/\/directionpeche.tn\/index.php?rest_route=\/wp\/v2\/types\/product"}],"replies":[{"embeddable":true,"href":"https:\/\/directionpeche.tn\/index.php?rest_route=%2Fwp%2Fv2%2Fcomments&post=2276"}],"version-history":[{"count":1,"href":"https:\/\/directionpeche.tn\/index.php?rest_route=\/wp\/v2\/product\/2276\/revisions"}],"predecessor-version":[{"id":2282,"href":"https:\/\/directionpeche.tn\/index.php?rest_route=\/wp\/v2\/product\/2276\/revisions\/2282"}],"wp:featuredmedia":[{"embeddable":true,"href":"https:\/\/directionpeche.tn\/index.php?rest_route=\/wp\/v2\/media\/2278"}],"wp:attachment":[{"href":"https:\/\/directionpeche.tn\/index.php?rest_route=%2Fwp%2Fv2%2Fmedia&parent=2276"}],"wp:term":[{"taxonomy":"product_brand","embeddable":true,"href":"https:\/\/directionpeche.tn\/index.php?rest_route=%2Fwp%2Fv2%2Fproduct_brand&post=2276"},{"taxonomy":"product_cat","embeddable":true,"href":"https:\/\/directionpeche.tn\/index.php?rest_route=%2Fwp%2Fv2%2Fproduct_cat&post=2276"},{"taxonomy":"product_tag","embeddable":true,"href":"https:\/\/directionpeche.tn\/index.php?rest_route=%2Fwp%2Fv2%2Fproduct_tag&post=2276"}],"curies":[{"name":"wp","href":"https:\/\/api.w.org\/{rel}","templated":true}]}}