{"id":2284,"date":"2024-05-16T12:40:53","date_gmt":"2024-05-16T12:40:53","guid":{"rendered":"https:\/\/directionpeche.tn\/?post_type=product&#038;p=2284"},"modified":"2026-01-10T10:06:29","modified_gmt":"2026-01-10T10:06:29","slug":"hamecon-hisashi-100068n-15-pcs","status":"publish","type":"product","link":"https:\/\/directionpeche.tn\/?product=hamecon-hisashi-100068n-15-pcs","title":{"rendered":"HAME\u00c7ON TRABUCCO HISASHI 10006N 15 PCS"},"content":{"rendered":"<p><span class=\"notranslate\">Sp\u00e9cialement con\u00e7u pour la p\u00eache \u00e0 la truite dans les rivi\u00e8res sans ardillons et avec bout pointu \u00e9norme.<\/span>\u00a0<span class=\"notranslate\">La forme sp\u00e9ciale garantit la s\u00e9curit\u00e9 et au ferrage minimise la perte du poisson pendant le combat .<\/span>\u00a0<span class=\"notranslate\">L\u2019angle \u00e9troit permet \u00e9galement d\u2019optimiser la force de l\u2019app\u00e2t naturel en d\u00e9pit de pointe sans barbillon .<\/span>\u00a0<span class=\"notranslate\">Le Trabucco Shinken Hisashi 100068N est con\u00e7u pour la p\u00eache avec des asticots, teignes et les vers.<\/span>\u00a0\u00a0<span class=\"notranslate\">Le rev\u00eatement est matbraune visuellement discret ;<\/span><\/p>\n<p><span class=\"notranslate\">Pochette de 15 hame\u00e7ons<\/span><\/p>\n","protected":false},"excerpt":{"rendered":"<p>Sp\u00e9cialement con\u00e7u pour la p\u00eache \u00e0 la truite dans les rivi\u00e8res sans ardillons et avec bout pointu \u00e9norme.\u00a0La forme sp\u00e9ciale<\/p>\n","protected":false},"featured_media":2314,"comment_status":"open","ping_status":"closed","template":"","meta":[],"product_brand":[],"product_cat":[81,258,31,22],"product_tag":[],"class_list":{"0":"post-2284","1":"product","2":"type-product","3":"status-publish","4":"has-post-thumbnail","6":"product_cat-hamecons-surfcasting","7":"product_cat-hamecons-pecheauflotteur","8":"product_cat-pecheauflotteur","9":"product_cat-surfcasting","11":"first","12":"instock","13":"taxable","14":"shipping-taxable","15":"purchasable","16":"product-type-variable"},"jetpack_sharing_enabled":true,"_links":{"self":[{"href":"https:\/\/directionpeche.tn\/index.php?rest_route=\/wp\/v2\/product\/2284","targetHints":{"allow":["GET"]}}],"collection":[{"href":"https:\/\/directionpeche.tn\/index.php?rest_route=\/wp\/v2\/product"}],"about":[{"href":"https:\/\/directionpeche.tn\/index.php?rest_route=\/wp\/v2\/types\/product"}],"replies":[{"embeddable":true,"href":"https:\/\/directionpeche.tn\/index.php?rest_route=%2Fwp%2Fv2%2Fcomments&post=2284"}],"version-history":[{"count":2,"href":"https:\/\/directionpeche.tn\/index.php?rest_route=\/wp\/v2\/product\/2284\/revisions"}],"predecessor-version":[{"id":2353,"href":"https:\/\/directionpeche.tn\/index.php?rest_route=\/wp\/v2\/product\/2284\/revisions\/2353"}],"wp:featuredmedia":[{"embeddable":true,"href":"https:\/\/directionpeche.tn\/index.php?rest_route=\/wp\/v2\/media\/2314"}],"wp:attachment":[{"href":"https:\/\/directionpeche.tn\/index.php?rest_route=%2Fwp%2Fv2%2Fmedia&parent=2284"}],"wp:term":[{"taxonomy":"product_brand","embeddable":true,"href":"https:\/\/directionpeche.tn\/index.php?rest_route=%2Fwp%2Fv2%2Fproduct_brand&post=2284"},{"taxonomy":"product_cat","embeddable":true,"href":"https:\/\/directionpeche.tn\/index.php?rest_route=%2Fwp%2Fv2%2Fproduct_cat&post=2284"},{"taxonomy":"product_tag","embeddable":true,"href":"https:\/\/directionpeche.tn\/index.php?rest_route=%2Fwp%2Fv2%2Fproduct_tag&post=2284"}],"curies":[{"name":"wp","href":"https:\/\/api.w.org\/{rel}","templated":true}]}}