{"id":2291,"date":"2024-05-16T11:46:52","date_gmt":"2024-05-16T11:46:52","guid":{"rendered":"https:\/\/directionpeche.tn\/?post_type=product&#038;p=2291"},"modified":"2025-06-26T11:53:27","modified_gmt":"2025-06-26T11:53:27","slug":"canne-trabucco-kronos-surf-tekno-cast-lc-4203m-200g","status":"publish","type":"product","link":"https:\/\/directionpeche.tn\/?product=canne-trabucco-kronos-surf-tekno-cast-lc-4203m-200g","title":{"rendered":"CANNE TRABUCCO KRONOS SURF TEKNO CAST  LC  4.20M 200G"},"content":{"rendered":"<h5>Manche tr\u00e8s r\u00e9actif pour des lancers longs et pr\u00e9cis (Fast Reaction Blank)<\/h5>\n<h5>&#8211; Articulations renforc\u00e9es par des bandes crois\u00e9es en carbone (Cross Reinforced)<\/h5>\n<h5>&#8211; Hybrid Tip vetta fabriqu\u00e9 avec Full Carbon HQ vectum sur tubulaire vetta<\/h5>\n<h5>&#8211; Encoches d&rsquo;alignement pour un assemblage parfait des sections<\/h5>\n<h5>&#8211; Porte-bobine \u00e0 vis DPS en acier trait\u00e9 anticorrosion<\/h5>\n<h5>&#8211; Poign\u00e9e inf\u00e9rieure en mat\u00e9riau antid\u00e9rapant pour une excellente adh\u00e9rence lors du<\/h5>\n<h5>\u00a0 \u00a0lancer longueur : 4,20 m<\/h5>\n","protected":false},"excerpt":{"rendered":"<p>Manche tr\u00e8s r\u00e9actif pour des lancers longs et pr\u00e9cis (Fast Reaction Blank) &#8211; Articulations renforc\u00e9es par des bandes crois\u00e9es en<\/p>\n","protected":false},"featured_media":2292,"comment_status":"open","ping_status":"closed","template":"","meta":[],"product_brand":[],"product_cat":[78,22],"product_tag":[],"class_list":{"0":"post-2291","1":"product","2":"type-product","3":"status-publish","4":"has-post-thumbnail","6":"product_cat-cannessurfcasting","7":"product_cat-surfcasting","9":"first","10":"outofstock","11":"taxable","12":"shipping-taxable","13":"purchasable","14":"product-type-simple"},"jetpack_sharing_enabled":true,"_links":{"self":[{"href":"https:\/\/directionpeche.tn\/index.php?rest_route=\/wp\/v2\/product\/2291","targetHints":{"allow":["GET"]}}],"collection":[{"href":"https:\/\/directionpeche.tn\/index.php?rest_route=\/wp\/v2\/product"}],"about":[{"href":"https:\/\/directionpeche.tn\/index.php?rest_route=\/wp\/v2\/types\/product"}],"replies":[{"embeddable":true,"href":"https:\/\/directionpeche.tn\/index.php?rest_route=%2Fwp%2Fv2%2Fcomments&post=2291"}],"version-history":[{"count":2,"href":"https:\/\/directionpeche.tn\/index.php?rest_route=\/wp\/v2\/product\/2291\/revisions"}],"predecessor-version":[{"id":2295,"href":"https:\/\/directionpeche.tn\/index.php?rest_route=\/wp\/v2\/product\/2291\/revisions\/2295"}],"wp:featuredmedia":[{"embeddable":true,"href":"https:\/\/directionpeche.tn\/index.php?rest_route=\/wp\/v2\/media\/2292"}],"wp:attachment":[{"href":"https:\/\/directionpeche.tn\/index.php?rest_route=%2Fwp%2Fv2%2Fmedia&parent=2291"}],"wp:term":[{"taxonomy":"product_brand","embeddable":true,"href":"https:\/\/directionpeche.tn\/index.php?rest_route=%2Fwp%2Fv2%2Fproduct_brand&post=2291"},{"taxonomy":"product_cat","embeddable":true,"href":"https:\/\/directionpeche.tn\/index.php?rest_route=%2Fwp%2Fv2%2Fproduct_cat&post=2291"},{"taxonomy":"product_tag","embeddable":true,"href":"https:\/\/directionpeche.tn\/index.php?rest_route=%2Fwp%2Fv2%2Fproduct_tag&post=2291"}],"curies":[{"name":"wp","href":"https:\/\/api.w.org\/{rel}","templated":true}]}}