{"id":2297,"date":"2024-05-16T11:54:22","date_gmt":"2024-05-16T11:54:22","guid":{"rendered":"https:\/\/directionpeche.tn\/?post_type=product&#038;p=2297"},"modified":"2024-05-16T11:54:23","modified_gmt":"2024-05-16T11:54:23","slug":"canne-trabucco-virgo-hr-surf","status":"publish","type":"product","link":"https:\/\/directionpeche.tn\/?product=canne-trabucco-virgo-hr-surf","title":{"rendered":"CANNE TRABUCCO VIRGO HR SURF"},"content":{"rendered":"<h5>La Virgo HR Surf de Trabucco est une canne surf casting en 3 brins. Structure en carbone High Modulus CX1 Micro Pitch. Blank en 3 sections extr\u00eamement r\u00e9actif et puissant (Fast Reaction Blank). Finition ext\u00e9rieure Zero Friction Blank qui repousse l&rsquo;humidit\u00e9 et les gouttes d&rsquo;eau, \u00e9vitant ainsi le collage de la ligne. Pointe hybride r\u00e9alis\u00e9e avec l&rsquo;insertion d&rsquo;une pointe en carbone solide dans la partie tubulaire, obtenant une section extr\u00eamement sensible. La derni\u00e8re partie de la pointe est color\u00e9e avec de la peinture haute visibilit\u00e9. Syst\u00e8me d\u2019alignement innovant des joints JTS bas\u00e9 sur trois lignes assurant un assemblage parfait des sections. Guides Fuji MN, fix\u00e9s par double emballage pour sceller leurs pieds \u00e0 l&rsquo;eau sal\u00e9e. Porte-moulinet \u00e0 vis Fuji DPS avec doublure en caoutchouc, capable \u00e9galement d&rsquo;accueillir des moulinets de grande taille. Poign\u00e9e en caoutchouc antid\u00e9rapante pour assurer un bon contr\u00f4le du lancer.<\/h5>\n","protected":false},"excerpt":{"rendered":"<p>La Virgo HR Surf de Trabucco est une canne surf casting en 3 brins. Structure en carbone High Modulus CX1<\/p>\n","protected":false},"featured_media":2298,"comment_status":"open","ping_status":"closed","template":"","meta":[],"product_brand":[],"product_cat":[78,22],"product_tag":[],"class_list":{"0":"post-2297","1":"product","2":"type-product","3":"status-publish","4":"has-post-thumbnail","6":"product_cat-cannessurfcasting","7":"product_cat-surfcasting","9":"first","10":"instock","11":"taxable","12":"shipping-taxable","13":"purchasable","14":"product-type-variable"},"jetpack_sharing_enabled":true,"_links":{"self":[{"href":"https:\/\/directionpeche.tn\/index.php?rest_route=\/wp\/v2\/product\/2297","targetHints":{"allow":["GET"]}}],"collection":[{"href":"https:\/\/directionpeche.tn\/index.php?rest_route=\/wp\/v2\/product"}],"about":[{"href":"https:\/\/directionpeche.tn\/index.php?rest_route=\/wp\/v2\/types\/product"}],"replies":[{"embeddable":true,"href":"https:\/\/directionpeche.tn\/index.php?rest_route=%2Fwp%2Fv2%2Fcomments&post=2297"}],"version-history":[{"count":1,"href":"https:\/\/directionpeche.tn\/index.php?rest_route=\/wp\/v2\/product\/2297\/revisions"}],"predecessor-version":[{"id":2302,"href":"https:\/\/directionpeche.tn\/index.php?rest_route=\/wp\/v2\/product\/2297\/revisions\/2302"}],"wp:featuredmedia":[{"embeddable":true,"href":"https:\/\/directionpeche.tn\/index.php?rest_route=\/wp\/v2\/media\/2298"}],"wp:attachment":[{"href":"https:\/\/directionpeche.tn\/index.php?rest_route=%2Fwp%2Fv2%2Fmedia&parent=2297"}],"wp:term":[{"taxonomy":"product_brand","embeddable":true,"href":"https:\/\/directionpeche.tn\/index.php?rest_route=%2Fwp%2Fv2%2Fproduct_brand&post=2297"},{"taxonomy":"product_cat","embeddable":true,"href":"https:\/\/directionpeche.tn\/index.php?rest_route=%2Fwp%2Fv2%2Fproduct_cat&post=2297"},{"taxonomy":"product_tag","embeddable":true,"href":"https:\/\/directionpeche.tn\/index.php?rest_route=%2Fwp%2Fv2%2Fproduct_tag&post=2297"}],"curies":[{"name":"wp","href":"https:\/\/api.w.org\/{rel}","templated":true}]}}