{"id":2309,"date":"2024-05-16T17:25:49","date_gmt":"2024-05-16T17:25:49","guid":{"rendered":"https:\/\/directionpeche.tn\/?post_type=product&#038;p=2309"},"modified":"2024-05-16T17:25:50","modified_gmt":"2024-05-16T17:25:50","slug":"canne-trabucco-virgo-ld-surf","status":"publish","type":"product","link":"https:\/\/directionpeche.tn\/?product=canne-trabucco-virgo-ld-surf","title":{"rendered":"CANNE TRABUCCO VIRGO LD SURF"},"content":{"rendered":"<div><strong>\u2022 Structure en carbone \u00e0 module \u00e9lev\u00e9 CX1 Micro Pitch<\/strong><\/div>\n<div><strong>\u2022 Blank en 3 sections extr\u00eamement r\u00e9actif (Fast Reaction Blank)<\/strong><\/div>\n<div><strong>\u2022 Rev\u00eatement externe des sections Zero Friction, qui repousse l&rsquo;humidit\u00e9 et les gouttes d&rsquo;eau, \u00e9vitant l&rsquo;adh\u00e9rence de la ligne \u00e0 la tige<\/strong><\/div>\n<div><strong>\u2022 Pointe hybride avec pointe enti\u00e8rement en carbone sur pointe tubulaire, qui offre une sensibilit\u00e9 extr\u00eame<\/strong><\/div>\n<div><strong>\u2022 Partie finale de la pointe color\u00e9e avec une peinture r\u00e9fl\u00e9chissante haute visibilit\u00e9<\/strong><\/div>\n<div><strong>\u2022 Syst\u00e8me d&rsquo;alignement de couplage JTS innovant bas\u00e9 sur trois lignes<\/strong><\/div>\n<div><strong>\u2022 Anneaux Fuji LC fix\u00e9s avec des doubles fixations pour sceller les pieds contre l&rsquo;action du sel<\/strong><\/div>\n<div><strong>\u2022 Porte-moulinet \u00e0 vis Fuji DPS en acier avec profils en caoutchouc<\/strong><\/div>\n<div><strong>\u2022 Poign\u00e9e inf\u00e9rieure en mat\u00e9riau antid\u00e9rapant pour une excellente adh\u00e9rence lors des lancers<\/strong><\/div>\n","protected":false},"excerpt":{"rendered":"<p>\u2022 Structure en carbone \u00e0 module \u00e9lev\u00e9 CX1 Micro Pitch \u2022 Blank en 3 sections extr\u00eamement r\u00e9actif (Fast Reaction Blank)<\/p>\n","protected":false},"featured_media":2340,"comment_status":"open","ping_status":"closed","template":"","meta":[],"product_brand":[],"product_cat":[78,22],"product_tag":[],"class_list":{"0":"post-2309","1":"product","2":"type-product","3":"status-publish","4":"has-post-thumbnail","6":"product_cat-cannessurfcasting","7":"product_cat-surfcasting","9":"first","10":"instock","11":"taxable","12":"shipping-taxable","13":"purchasable","14":"product-type-simple"},"jetpack_sharing_enabled":true,"_links":{"self":[{"href":"https:\/\/directionpeche.tn\/index.php?rest_route=\/wp\/v2\/product\/2309","targetHints":{"allow":["GET"]}}],"collection":[{"href":"https:\/\/directionpeche.tn\/index.php?rest_route=\/wp\/v2\/product"}],"about":[{"href":"https:\/\/directionpeche.tn\/index.php?rest_route=\/wp\/v2\/types\/product"}],"replies":[{"embeddable":true,"href":"https:\/\/directionpeche.tn\/index.php?rest_route=%2Fwp%2Fv2%2Fcomments&post=2309"}],"version-history":[{"count":2,"href":"https:\/\/directionpeche.tn\/index.php?rest_route=\/wp\/v2\/product\/2309\/revisions"}],"predecessor-version":[{"id":2342,"href":"https:\/\/directionpeche.tn\/index.php?rest_route=\/wp\/v2\/product\/2309\/revisions\/2342"}],"wp:featuredmedia":[{"embeddable":true,"href":"https:\/\/directionpeche.tn\/index.php?rest_route=\/wp\/v2\/media\/2340"}],"wp:attachment":[{"href":"https:\/\/directionpeche.tn\/index.php?rest_route=%2Fwp%2Fv2%2Fmedia&parent=2309"}],"wp:term":[{"taxonomy":"product_brand","embeddable":true,"href":"https:\/\/directionpeche.tn\/index.php?rest_route=%2Fwp%2Fv2%2Fproduct_brand&post=2309"},{"taxonomy":"product_cat","embeddable":true,"href":"https:\/\/directionpeche.tn\/index.php?rest_route=%2Fwp%2Fv2%2Fproduct_cat&post=2309"},{"taxonomy":"product_tag","embeddable":true,"href":"https:\/\/directionpeche.tn\/index.php?rest_route=%2Fwp%2Fv2%2Fproduct_tag&post=2309"}],"curies":[{"name":"wp","href":"https:\/\/api.w.org\/{rel}","templated":true}]}}