{"id":2343,"date":"2024-05-16T17:49:57","date_gmt":"2024-05-16T17:49:57","guid":{"rendered":"https:\/\/directionpeche.tn\/?post_type=product&#038;p=2343"},"modified":"2024-08-03T14:25:02","modified_gmt":"2024-08-03T14:25:02","slug":"canne-trabucco-oracle-progress-beach","status":"publish","type":"product","link":"https:\/\/directionpeche.tn\/?product=canne-trabucco-oracle-progress-beach","title":{"rendered":"CANNE TRABUCCO ORACLE PROGRESS BEACH"},"content":{"rendered":"<h5 id=\"tw-target-text\" class=\"tw-data-text tw-text-large tw-ta\" dir=\"ltr\" data-placeholder=\"Traduction\" aria-label=\"Texte traduit\" data-ved=\"2ahUKEwie8rTT25KGAxUnVKQEHfzeBuYQ3ewLegQIBhAU\"><span class=\"Y2IQFc\" lang=\"fr\">\u2022 Canne con\u00e7ue pour la p\u00eache depuis la plage, comme depuis les jet\u00e9es ou les r\u00e9cifs <\/span><\/h5>\n<h5 class=\"tw-data-text tw-text-large tw-ta\" dir=\"ltr\" data-placeholder=\"Traduction\" aria-label=\"Texte traduit\" data-ved=\"2ahUKEwie8rTT25KGAxUnVKQEHfzeBuYQ3ewLegQIBhAU\"><span class=\"Y2IQFc\" lang=\"fr\">\u2022 Blank ultra fin en trois sections de carbone haut module CX1 Micro Pitch, avec action semi-parabolique<\/span><\/h5>\n<h5 class=\"tw-data-text tw-text-large tw-ta\" dir=\"ltr\" data-placeholder=\"Traduction\" aria-label=\"Texte traduit\" data-ved=\"2ahUKEwie8rTT25KGAxUnVKQEHfzeBuYQ3ewLegQIBhAU\"><span class=\"Y2IQFc\" lang=\"fr\">\u2022 Deux scions interchangeables full carbone : Light (blanc\/jaune), Heavy (blanc\/orange), id\u00e9al pour la p\u00eache de la daurade et de la dorade <\/span><\/h5>\n<h5 class=\"tw-data-text tw-text-large tw-ta\" dir=\"ltr\" data-placeholder=\"Traduction\" aria-label=\"Texte traduit\" data-ved=\"2ahUKEwie8rTT25KGAxUnVKQEHfzeBuYQ3ewLegQIBhAU\"><span class=\"Y2IQFc\" lang=\"fr\">\u2022 Partie finale des pointes color\u00e9e avec une peinture hautement visible et r\u00e9fl\u00e9chissante <\/span><\/h5>\n<h5 class=\"tw-data-text tw-text-large tw-ta\" dir=\"ltr\" data-placeholder=\"Traduction\" aria-label=\"Texte traduit\" data-ved=\"2ahUKEwie8rTT25KGAxUnVKQEHfzeBuYQ3ewLegQIBhAU\"><span class=\"Y2IQFc\" lang=\"fr\">\u2022 Sections avec finition Slick Surface qui repousse l&rsquo;humidit\u00e9 \u00e9vitant l&rsquo;adh\u00e9rence du fil \u00e0 la tige <\/span><\/h5>\n<h5 class=\"tw-data-text tw-text-large tw-ta\" dir=\"ltr\" data-placeholder=\"Traduction\" aria-label=\"Texte traduit\" data-ved=\"2ahUKEwie8rTT25KGAxUnVKQEHfzeBuYQ3ewLegQIBhAU\"><span class=\"Y2IQFc\" lang=\"fr\">\u2022 Anneaux fix\u00e9s par doubles fixations pour assurer l&rsquo;\u00e9tanch\u00e9it\u00e9 des pieds vis \u00e0 vis de la salinit\u00e9 <\/span><\/h5>\n<h5 class=\"tw-data-text tw-text-large tw-ta\" dir=\"ltr\" data-placeholder=\"Traduction\" aria-label=\"Texte traduit\" data-ved=\"2ahUKEwie8rTT25KGAxUnVKQEHfzeBuYQ3ewLegQIBhAU\"><span class=\"Y2IQFc\" lang=\"fr\">\u2022 Anneaux double pattes Sea Guide en SiC avec cadre trait\u00e9 PVD anti-corrosion<\/span><\/h5>\n<h5 class=\"tw-data-text tw-text-large tw-ta\" dir=\"ltr\" data-placeholder=\"Traduction\" aria-label=\"Texte traduit\" data-ved=\"2ahUKEwie8rTT25KGAxUnVKQEHfzeBuYQ3ewLegQIBhAU\"><span class=\"Y2IQFc\" lang=\"fr\">\u2022 Porte-moulinet PacBay avec glissi\u00e8re en acier anticorrosion, taille 7 pour loger les gros moulinets <\/span><\/h5>\n<h5 class=\"tw-data-text tw-text-large tw-ta\" dir=\"ltr\" data-placeholder=\"Traduction\" aria-label=\"Texte traduit\" data-ved=\"2ahUKEwie8rTT25KGAxUnVKQEHfzeBuYQ3ewLegQIBhAU\"><span class=\"Y2IQFc\" lang=\"fr\">\u2022 Poign\u00e9e inf\u00e9rieure en caoutchouc moul\u00e9 pour offrir un contr\u00f4le total pendant la phase de lancer<\/span><\/h5>\n","protected":false},"excerpt":{"rendered":"<p>\u2022 Canne con\u00e7ue pour la p\u00eache depuis la plage, comme depuis les jet\u00e9es ou les r\u00e9cifs \u2022 Blank ultra fin<\/p>\n","protected":false},"featured_media":2347,"comment_status":"open","ping_status":"closed","template":"","meta":[],"product_brand":[],"product_cat":[78,22],"product_tag":[],"class_list":{"0":"post-2343","1":"product","2":"type-product","3":"status-publish","4":"has-post-thumbnail","6":"product_cat-cannessurfcasting","7":"product_cat-surfcasting","9":"first","10":"instock","11":"taxable","12":"shipping-taxable","13":"purchasable","14":"product-type-variable"},"jetpack_sharing_enabled":true,"_links":{"self":[{"href":"https:\/\/directionpeche.tn\/index.php?rest_route=\/wp\/v2\/product\/2343","targetHints":{"allow":["GET"]}}],"collection":[{"href":"https:\/\/directionpeche.tn\/index.php?rest_route=\/wp\/v2\/product"}],"about":[{"href":"https:\/\/directionpeche.tn\/index.php?rest_route=\/wp\/v2\/types\/product"}],"replies":[{"embeddable":true,"href":"https:\/\/directionpeche.tn\/index.php?rest_route=%2Fwp%2Fv2%2Fcomments&post=2343"}],"version-history":[{"count":1,"href":"https:\/\/directionpeche.tn\/index.php?rest_route=\/wp\/v2\/product\/2343\/revisions"}],"predecessor-version":[{"id":2348,"href":"https:\/\/directionpeche.tn\/index.php?rest_route=\/wp\/v2\/product\/2343\/revisions\/2348"}],"wp:featuredmedia":[{"embeddable":true,"href":"https:\/\/directionpeche.tn\/index.php?rest_route=\/wp\/v2\/media\/2347"}],"wp:attachment":[{"href":"https:\/\/directionpeche.tn\/index.php?rest_route=%2Fwp%2Fv2%2Fmedia&parent=2343"}],"wp:term":[{"taxonomy":"product_brand","embeddable":true,"href":"https:\/\/directionpeche.tn\/index.php?rest_route=%2Fwp%2Fv2%2Fproduct_brand&post=2343"},{"taxonomy":"product_cat","embeddable":true,"href":"https:\/\/directionpeche.tn\/index.php?rest_route=%2Fwp%2Fv2%2Fproduct_cat&post=2343"},{"taxonomy":"product_tag","embeddable":true,"href":"https:\/\/directionpeche.tn\/index.php?rest_route=%2Fwp%2Fv2%2Fproduct_tag&post=2343"}],"curies":[{"name":"wp","href":"https:\/\/api.w.org\/{rel}","templated":true}]}}