{"id":2360,"date":"2024-05-17T11:20:43","date_gmt":"2024-05-17T11:20:43","guid":{"rendered":"https:\/\/directionpeche.tn\/?post_type=product&#038;p=2360"},"modified":"2024-06-28T11:46:45","modified_gmt":"2024-06-28T11:46:45","slug":"canne-trabucco-supernova-gr-surf","status":"publish","type":"product","link":"https:\/\/directionpeche.tn\/?product=canne-trabucco-supernova-gr-surf","title":{"rendered":"CANNE TRABUCCO SUPERNOVA GR SURF"},"content":{"rendered":"<div><strong>\u2022 Structure en CXN Nano Tek Low Resin Content Super High Modulus Carbon \u00e0 faible teneur en r\u00e9sine<\/strong><\/div>\n<div><strong>\u2022 Technologie Twist Free sur la base et sur la section interm\u00e9diaire pour contrer la torsion, augmenter la pr\u00e9cision et la distance de lancer<\/strong><\/div>\n<div><strong>\u2022 Articulations gain\u00e9es de carbone \u00e0 45\u00b0 pour obtenir une courbe d&rsquo;action parfaite (X Joint)<\/strong><\/div>\n<div><strong>\u2022 Anneaux de renfort m\u00e9talliques ultra-l\u00e9gers raffin\u00e9s sur le dessus des sections inf\u00e9rieures<\/strong><\/div>\n<div><strong>\u2022 Vetta Hybrid Tip avec pointe enti\u00e8rement en carbone sans bouchon sur la pointe tubulaire, obtenant une sensibilit\u00e9 extr\u00eame<\/strong><\/div>\n<div><strong>\u2022 Partie finale de la pointe color\u00e9e avec de la peinture haute visibilit\u00e9, avec bande r\u00e9fl\u00e9chissante<\/strong><\/div>\n<div><strong>\u2022 Au niveau des articulations, une prise sp\u00e9ciale facilite la pr\u00e9hension lors du montage et du d\u00e9montage des profil\u00e9s<\/strong><\/div>\n<div><strong>\u2022 Anneaux Sic Sea Guide ultral\u00e9gers avec cadre en titane \u00e0 profil K; anneaux \u00e0 tige unique sur la pointe<\/strong><\/div>\n<div><strong>\u2022 Poign\u00e9e inf\u00e9rieure exclusive en mat\u00e9riau antid\u00e9rapant avec nervure en relief et bouton en caoutchouc pour une excellente adh\u00e9rence lors du lancement<\/strong><\/div>\n","protected":false},"excerpt":{"rendered":"<p>\u2022 Structure en CXN Nano Tek Low Resin Content Super High Modulus Carbon \u00e0 faible teneur en r\u00e9sine \u2022 Technologie<\/p>\n","protected":false},"featured_media":2369,"comment_status":"open","ping_status":"closed","template":"","meta":[],"product_brand":[],"product_cat":[78,22],"product_tag":[],"class_list":{"0":"post-2360","1":"product","2":"type-product","3":"status-publish","4":"has-post-thumbnail","6":"product_cat-cannessurfcasting","7":"product_cat-surfcasting","9":"first","10":"instock","11":"taxable","12":"shipping-taxable","13":"purchasable","14":"product-type-variable"},"jetpack_sharing_enabled":true,"_links":{"self":[{"href":"https:\/\/directionpeche.tn\/index.php?rest_route=\/wp\/v2\/product\/2360","targetHints":{"allow":["GET"]}}],"collection":[{"href":"https:\/\/directionpeche.tn\/index.php?rest_route=\/wp\/v2\/product"}],"about":[{"href":"https:\/\/directionpeche.tn\/index.php?rest_route=\/wp\/v2\/types\/product"}],"replies":[{"embeddable":true,"href":"https:\/\/directionpeche.tn\/index.php?rest_route=%2Fwp%2Fv2%2Fcomments&post=2360"}],"version-history":[{"count":1,"href":"https:\/\/directionpeche.tn\/index.php?rest_route=\/wp\/v2\/product\/2360\/revisions"}],"predecessor-version":[{"id":2372,"href":"https:\/\/directionpeche.tn\/index.php?rest_route=\/wp\/v2\/product\/2360\/revisions\/2372"}],"wp:featuredmedia":[{"embeddable":true,"href":"https:\/\/directionpeche.tn\/index.php?rest_route=\/wp\/v2\/media\/2369"}],"wp:attachment":[{"href":"https:\/\/directionpeche.tn\/index.php?rest_route=%2Fwp%2Fv2%2Fmedia&parent=2360"}],"wp:term":[{"taxonomy":"product_brand","embeddable":true,"href":"https:\/\/directionpeche.tn\/index.php?rest_route=%2Fwp%2Fv2%2Fproduct_brand&post=2360"},{"taxonomy":"product_cat","embeddable":true,"href":"https:\/\/directionpeche.tn\/index.php?rest_route=%2Fwp%2Fv2%2Fproduct_cat&post=2360"},{"taxonomy":"product_tag","embeddable":true,"href":"https:\/\/directionpeche.tn\/index.php?rest_route=%2Fwp%2Fv2%2Fproduct_tag&post=2360"}],"curies":[{"name":"wp","href":"https:\/\/api.w.org\/{rel}","templated":true}]}}